{"id":20,"date":"2022-03-02T04:03:50","date_gmt":"2022-03-02T04:03:50","guid":{"rendered":"https:\/\/demo.ovatheme.com\/infetech\/?page_id=20"},"modified":"2023-01-23T12:45:22","modified_gmt":"2023-01-23T12:45:22","slug":"our-services","status":"publish","type":"page","link":"https:\/\/reich-log.com\/tr\/our-services\/","title":{"rendered":"Services"},"content":{"rendered":"<div data-elementor-type=\"wp-page\" data-elementor-id=\"20\" class=\"elementor elementor-20\">\n\t\t\t\t\t\t\t\t\t<section class=\"elementor-section elementor-top-section elementor-element elementor-element-125c383 elementor-section-boxed elementor-section-height-default elementor-section-height-default\" data-id=\"125c383\" data-element_type=\"section\">\n\t\t\t\t\t\t<div class=\"elementor-container elementor-column-gap-default\">\n\t\t\t\t\t<div class=\"elementor-column elementor-col-33 elementor-top-column elementor-element elementor-element-ede5845 animated-fast elementor-invisible\" data-id=\"ede5845\" data-element_type=\"column\" data-settings=\"{&quot;animation&quot;:&quot;ova-move-up&quot;,&quot;animation_tablet&quot;:&quot;none&quot;,&quot;animation_delay&quot;:100}\">\n\t\t\t<div class=\"elementor-widget-wrap elementor-element-populated\">\n\t\t\t\t\t\t\t\t<div class=\"elementor-element elementor-element-1c28abc elementor-widget elementor-widget-infetech_elementor_service\" data-id=\"1c28abc\" data-element_type=\"widget\" data-widget_type=\"infetech_elementor_service.default\">\n\t\t\t\t<div class=\"elementor-widget-container\">\n\t\t\t           \n           \n\t            <div class=\"ova-service ova-service-template1\">\n\n\t            \t<div class=\"image-service\">\n\t\t\t\t\t\t<img decoding=\"async\" src=\"https:\/\/reich-log.com\/wp-content\/uploads\/2023\/01\/air-cargo.jpg\" alt=\"Air Freight\">\n                    <\/div>\n\n                    <div class=\"content-service-wrapper\">\n                    \t\t\t\t            \t<div class=\"icon\">\n\t\t\t            \t\t<i class=\"fas fa-plane\"><\/i>\n\t\t\t            \t<\/div>\n\t\t\t          \t\t\t\t          \t\n                    \t<div class=\"content-service\">\n\t\t\t\t            \t\t\t\t\t\t\t  <a href=\"https:\/\/reich-log.com\/tr\/air-freight\/\"  >\n\t\t\t\t\t\t    \t\t\t\t\t            \t\t\t\t\t\t\t\t\t<h4 class=\"title\">\n\t\t\t\t\t\t\t\t\t\tHava Ta\u015f\u0131mac\u0131l\u0131\u011f\u0131\t\t\t\t\t\t\t\t\t<\/h4>\n\t\t\t\t\t\t\t\t\t\t\t\t\t\t\t\t\t\t\t\t\t\t\t<\/a>\n\t\t\t\t\t\t\t\t                    <\/div> \n                    <\/div>\n\n\t\t\t    <\/div>\n\n\t\t \t\t\t \t\n\t\t\t\t<\/div>\n\t\t\t\t<\/div>\n\t\t\t\t\t<\/div>\n\t\t<\/div>\n\t\t\t\t<div class=\"elementor-column elementor-col-33 elementor-top-column elementor-element elementor-element-8788cce animated-fast elementor-invisible\" data-id=\"8788cce\" data-element_type=\"column\" data-settings=\"{&quot;animation&quot;:&quot;ova-move-up&quot;,&quot;animation_tablet&quot;:&quot;none&quot;,&quot;animation_delay&quot;:150}\">\n\t\t\t<div class=\"elementor-widget-wrap elementor-element-populated\">\n\t\t\t\t\t\t\t\t<div class=\"elementor-element elementor-element-9ac4b60 elementor-widget elementor-widget-infetech_elementor_service\" data-id=\"9ac4b60\" data-element_type=\"widget\" data-widget_type=\"infetech_elementor_service.default\">\n\t\t\t\t<div class=\"elementor-widget-container\">\n\t\t\t           \n           \n\t            <div class=\"ova-service ova-service-template1\">\n\n\t            \t<div class=\"image-service\">\n\t\t\t\t\t\t<img decoding=\"async\" src=\"https:\/\/reich-log.com\/wp-content\/uploads\/2023\/01\/3.jpeg\" alt=\"Ocean Freight\">\n                    <\/div>\n\n                    <div class=\"content-service-wrapper\">\n                    \t\t\t\t            \t<div class=\"icon\">\n\t\t\t            \t\t<i class=\"fas fa-ship\"><\/i>\n\t\t\t            \t<\/div>\n\t\t\t          \t\t\t\t          \t\n                    \t<div class=\"content-service\">\n\t\t\t\t            \t\t\t\t\t\t\t  <a href=\"https:\/\/reich-log.com\/tr\/ocean-freight\/\"  >\n\t\t\t\t\t\t    \t\t\t\t\t            \t\t\t\t\t\t\t\t\t<h4 class=\"title\">\n\t\t\t\t\t\t\t\t\t\tDeniz ta\u015f\u0131mac\u0131l\u0131\u011f\u0131\t\t\t\t\t\t\t\t\t<\/h4>\n\t\t\t\t\t\t\t\t\t\t\t\t\t\t\t\t\t\t\t\t\t\t\t<\/a>\n\t\t\t\t\t\t\t\t                    <\/div> \n                    <\/div>\n\n\t\t\t    <\/div>\n\n\t\t \t\t\t \t\n\t\t\t\t<\/div>\n\t\t\t\t<\/div>\n\t\t\t\t\t<\/div>\n\t\t<\/div>\n\t\t\t\t<div class=\"elementor-column elementor-col-33 elementor-top-column elementor-element elementor-element-31773e5 animated-fast elementor-invisible\" data-id=\"31773e5\" data-element_type=\"column\" data-settings=\"{&quot;animation&quot;:&quot;ova-move-up&quot;,&quot;animation_tablet&quot;:&quot;none&quot;,&quot;animation_delay&quot;:200}\">\n\t\t\t<div class=\"elementor-widget-wrap elementor-element-populated\">\n\t\t\t\t\t\t\t\t<div class=\"elementor-element elementor-element-1f324f6 elementor-widget elementor-widget-infetech_elementor_service\" data-id=\"1f324f6\" data-element_type=\"widget\" data-widget_type=\"infetech_elementor_service.default\">\n\t\t\t\t<div class=\"elementor-widget-container\">\n\t\t\t           \n           \n\t            <div class=\"ova-service ova-service-template1\">\n\n\t            \t<div class=\"image-service\">\n\t\t\t\t\t\t<img decoding=\"async\" src=\"https:\/\/reich-log.com\/wp-content\/uploads\/2023\/01\/road-freight-transport-service.png\" alt=\"Land Freight\">\n                    <\/div>\n\n                    <div class=\"content-service-wrapper\">\n                    \t\t\t\t            \t<div class=\"icon\">\n\t\t\t            \t\t<i class=\"fas fa-truck\"><\/i>\n\t\t\t            \t<\/div>\n\t\t\t          \t\t\t\t          \t\n                    \t<div class=\"content-service\">\n\t\t\t\t            \t\t\t\t\t\t\t  <a href=\"https:\/\/reich-log.com\/tr\/land-freight\/\"  >\n\t\t\t\t\t\t    \t\t\t\t\t            \t\t\t\t\t\t\t\t\t<h4 class=\"title\">\n\t\t\t\t\t\t\t\t\t\tKara ta\u015f\u0131mac\u0131l\u0131\u011f\u0131\t\t\t\t\t\t\t\t\t<\/h4>\n\t\t\t\t\t\t\t\t\t\t\t\t\t\t\t\t\t\t\t\t\t\t\t<\/a>\n\t\t\t\t\t\t\t\t                    <\/div> \n                    <\/div>\n\n\t\t\t    <\/div>\n\n\t\t \t\t\t \t\n\t\t\t\t<\/div>\n\t\t\t\t<\/div>\n\t\t\t\t\t<\/div>\n\t\t<\/div>\n\t\t\t\t\t\t\t<\/div>\n\t\t<\/section>\n\t\t\t\t<section class=\"elementor-section elementor-top-section elementor-element elementor-element-8f9f768 elementor-section-boxed elementor-section-height-default elementor-section-height-default\" data-id=\"8f9f768\" data-element_type=\"section\">\n\t\t\t\t\t\t<div class=\"elementor-container elementor-column-gap-default\">\n\t\t\t\t\t<div class=\"elementor-column elementor-col-33 elementor-top-column elementor-element elementor-element-fdc219b animated-fast elementor-invisible\" data-id=\"fdc219b\" data-element_type=\"column\" data-settings=\"{&quot;animation&quot;:&quot;ova-move-up&quot;,&quot;animation_tablet&quot;:&quot;none&quot;,&quot;animation_delay&quot;:100}\">\n\t\t\t<div class=\"elementor-widget-wrap elementor-element-populated\">\n\t\t\t\t\t\t\t\t<div class=\"elementor-element elementor-element-4de3bc7 elementor-widget elementor-widget-infetech_elementor_service\" data-id=\"4de3bc7\" data-element_type=\"widget\" data-widget_type=\"infetech_elementor_service.default\">\n\t\t\t\t<div class=\"elementor-widget-container\">\n\t\t\t           \n           \n\t            <div class=\"ova-service ova-service-template1\">\n\n\t            \t<div class=\"image-service\">\n\t\t\t\t\t\t<img decoding=\"async\" src=\"https:\/\/reich-log.com\/wp-content\/uploads\/2023\/01\/s4.png\" alt=\"Customs Clearance\">\n                    <\/div>\n\n                    <div class=\"content-service-wrapper\">\n                    \t\t\t\t            \t<div class=\"icon\">\n\t\t\t            \t\t<i class=\"far fa-bell\"><\/i>\n\t\t\t            \t<\/div>\n\t\t\t          \t\t\t\t          \t\n                    \t<div class=\"content-service\">\n\t\t\t\t            \t\t\t\t\t\t\t  <a href=\"https:\/\/reich-log.com\/tr\/customs-clearance\/\"  >\n\t\t\t\t\t\t    \t\t\t\t\t            \t\t\t\t\t\t\t\t\t<h4 class=\"title\">\n\t\t\t\t\t\t\t\t\t\tG\u00fcmr\u00fck i\u015flemleri\t\t\t\t\t\t\t\t\t<\/h4>\n\t\t\t\t\t\t\t\t\t\t\t\t\t\t\t\t\t\t\t\t\t\t\t<\/a>\n\t\t\t\t\t\t\t\t                    <\/div> \n                    <\/div>\n\n\t\t\t    <\/div>\n\n\t\t \t\t\t \t\n\t\t\t\t<\/div>\n\t\t\t\t<\/div>\n\t\t\t\t\t<\/div>\n\t\t<\/div>\n\t\t\t\t<div class=\"elementor-column elementor-col-33 elementor-top-column elementor-element elementor-element-a1a31e2 animated-fast elementor-invisible\" data-id=\"a1a31e2\" data-element_type=\"column\" data-settings=\"{&quot;animation&quot;:&quot;ova-move-up&quot;,&quot;animation_tablet&quot;:&quot;none&quot;,&quot;animation_delay&quot;:200}\">\n\t\t\t<div class=\"elementor-widget-wrap elementor-element-populated\">\n\t\t\t\t\t\t\t\t<div class=\"elementor-element elementor-element-415d8ee elementor-widget elementor-widget-infetech_elementor_service\" data-id=\"415d8ee\" data-element_type=\"widget\" data-widget_type=\"infetech_elementor_service.default\">\n\t\t\t\t<div class=\"elementor-widget-container\">\n\t\t\t           \n           \n\t            <div class=\"ova-service ova-service-template1\">\n\n\t            \t<div class=\"image-service\">\n\t\t\t\t\t\t<img decoding=\"async\" src=\"https:\/\/reich-log.com\/wp-content\/uploads\/2023\/01\/s6.png\" alt=\"Warehousing\">\n                    <\/div>\n\n                    <div class=\"content-service-wrapper\">\n                    \t\t\t\t            \t<div class=\"icon\">\n\t\t\t            \t\t<i class=\"fas fa-warehouse\"><\/i>\n\t\t\t            \t<\/div>\n\t\t\t          \t\t\t\t          \t\n                    \t<div class=\"content-service\">\n\t\t\t\t            \t\t\t\t\t\t\t  <a href=\"https:\/\/reich-log.com\/tr\/warehousing-solutions\/\"  >\n\t\t\t\t\t\t    \t\t\t\t\t            \t\t\t\t\t\t\t\t\t<h4 class=\"title\">\n\t\t\t\t\t\t\t\t\t\tdepolama\t\t\t\t\t\t\t\t\t<\/h4>\n\t\t\t\t\t\t\t\t\t\t\t\t\t\t\t\t\t\t\t\t\t\t\t<\/a>\n\t\t\t\t\t\t\t\t                    <\/div> \n                    <\/div>\n\n\t\t\t    <\/div>\n\n\t\t \t\t\t \t\n\t\t\t\t<\/div>\n\t\t\t\t<\/div>\n\t\t\t\t\t<\/div>\n\t\t<\/div>\n\t\t\t\t<div class=\"elementor-column elementor-col-33 elementor-top-column elementor-element elementor-element-6df6da5 animated-fast elementor-invisible\" data-id=\"6df6da5\" data-element_type=\"column\" data-settings=\"{&quot;animation&quot;:&quot;ova-move-up&quot;,&quot;animation_tablet&quot;:&quot;none&quot;,&quot;animation_delay&quot;:200}\">\n\t\t\t<div class=\"elementor-widget-wrap elementor-element-populated\">\n\t\t\t\t\t\t\t\t<div class=\"elementor-element elementor-element-4e1d253 elementor-widget elementor-widget-infetech_elementor_service\" data-id=\"4e1d253\" data-element_type=\"widget\" data-widget_type=\"infetech_elementor_service.default\">\n\t\t\t\t<div class=\"elementor-widget-container\">\n\t\t\t           \n           \n\t            <div class=\"ova-service ova-service-template1\">\n\n\t            \t<div class=\"image-service\">\n\t\t\t\t\t\t<img decoding=\"async\" src=\"https:\/\/reich-log.com\/wp-content\/uploads\/2023\/01\/page-title32.jpeg\" alt=\"Third Party Logistics Solutions (3PL)\">\n                    <\/div>\n\n                    <div class=\"content-service-wrapper\">\n                    \t\t\t\t            \t<div class=\"icon\">\n\t\t\t            \t\t<i class=\"fas fa-wave-square\"><\/i>\n\t\t\t            \t<\/div>\n\t\t\t          \t\t\t\t          \t\n                    \t<div class=\"content-service\">\n\t\t\t\t            \t\t\t\t\t\t\t  <a href=\"https:\/\/reich-log.com\/tr\/third-party-logistics-solutions-3pl\/\"  >\n\t\t\t\t\t\t    \t\t\t\t\t            \t\t\t\t\t\t\t\t\t<h4 class=\"title\">\n\t\t\t\t\t\t\t\t\t\t\u00dc\u00e7\u00fcnc\u00fc Taraf Lojistik \u00c7\u00f6z\u00fcmleri (3PL)\n\t\t\t\t\t\t\t\t\t<\/h4>\n\t\t\t\t\t\t\t\t\t\t\t\t\t\t\t\t\t\t\t\t\t\t\t<\/a>\n\t\t\t\t\t\t\t\t                    <\/div> \n                    <\/div>\n\n\t\t\t    <\/div>\n\n\t\t \t\t\t \t\n\t\t\t\t<\/div>\n\t\t\t\t<\/div>\n\t\t\t\t\t<\/div>\n\t\t<\/div>\n\t\t\t\t\t\t\t<\/div>\n\t\t<\/section>\n\t\t\t\t<section class=\"elementor-section elementor-top-section elementor-element elementor-element-b8238bc elementor-section-boxed elementor-section-height-default elementor-section-height-default\" data-id=\"b8238bc\" data-element_type=\"section\">\n\t\t\t\t\t\t<div class=\"elementor-container elementor-column-gap-default\">\n\t\t\t\t\t<div class=\"elementor-column elementor-col-100 elementor-top-column elementor-element elementor-element-231016f\" data-id=\"231016f\" data-element_type=\"column\">\n\t\t\t<div class=\"elementor-widget-wrap elementor-element-populated\">\n\t\t\t\t\t\t\t\t<div class=\"elementor-element elementor-element-0f39392 elementor-widget elementor-widget-html\" data-id=\"0f39392\" data-element_type=\"widget\" data-widget_type=\"html.default\">\n\t\t\t\t<div class=\"elementor-widget-container\">\n\t\t\t<style>\n    .ova-service .image-service img {\n    \n    height: 235px;\n}\n<\/style>\t\t<\/div>\n\t\t\t\t<\/div>\n\t\t\t\t\t<\/div>\n\t\t<\/div>\n\t\t\t\t\t\t\t<\/div>\n\t\t<\/section>\n\t\t\t\t\t\t\t<\/div>","protected":false},"excerpt":{"rendered":"<p>Air Freight Ocean Freight Land Freight Customs Clearance Warehousing Third Party Logistics Solutions (3PL)<\/p>","protected":false},"author":1,"featured_media":0,"parent":0,"menu_order":0,"comment_status":"closed","ping_status":"closed","template":"elementor_header_footer","meta":{"footnotes":""},"class_list":["post-20","page","type-page","status-publish","hentry"],"yoast_head":"<!-- This site is optimized with the Yoast SEO plugin v20.1 - https:\/\/yoast.com\/wordpress\/plugins\/seo\/ -->\n<title>Services - REICH | LOGISTICS SOLUTIONS<\/title>\n<meta name=\"description\" content=\"The best company for IT solution and service WordPress Theme.\" \/>\n<meta name=\"robots\" content=\"index, follow, max-snippet:-1, max-image-preview:large, max-video-preview:-1\" \/>\n<link rel=\"canonical\" href=\"https:\/\/reich-log.com\/tr\/our-services\/\" \/>\n<meta property=\"og:locale\" content=\"tr_TR\" \/>\n<meta property=\"og:type\" content=\"article\" \/>\n<meta property=\"og:title\" content=\"Services - REICH | LOGISTICS SOLUTIONS\" \/>\n<meta property=\"og:description\" content=\"The best company for IT solution and service WordPress Theme.\" \/>\n<meta property=\"og:url\" content=\"https:\/\/reich-log.com\/tr\/our-services\/\" \/>\n<meta property=\"og:site_name\" content=\"REICH | LOGISTICS SOLUTIONS\" \/>\n<meta property=\"article:modified_time\" content=\"2023-01-23T12:45:22+00:00\" \/>\n<meta property=\"og:image\" content=\"https:\/\/reich-log.com\/wp-content\/uploads\/2023\/01\/air-cargo.jpg\" \/>\n<meta name=\"twitter:card\" content=\"summary_large_image\" \/>\n<meta name=\"twitter:label1\" content=\"Tahmini okuma s\u00fcresi\" \/>\n\t<meta name=\"twitter:data1\" content=\"5 dakika\" \/>\n<script type=\"application\/ld+json\" class=\"yoast-schema-graph\">{\"@context\":\"https:\/\/schema.org\",\"@graph\":[{\"@type\":\"WebPage\",\"@id\":\"https:\/\/reich-log.com\/tr\/our-services\/\",\"url\":\"https:\/\/reich-log.com\/tr\/our-services\/\",\"name\":\"Services - REICH | LOGISTICS SOLUTIONS\",\"isPartOf\":{\"@id\":\"https:\/\/reich-log.com\/#website\"},\"datePublished\":\"2022-03-02T04:03:50+00:00\",\"dateModified\":\"2023-01-23T12:45:22+00:00\",\"description\":\"The best company for IT solution and service WordPress Theme.\",\"breadcrumb\":{\"@id\":\"https:\/\/reich-log.com\/tr\/our-services\/#breadcrumb\"},\"inLanguage\":\"tr\",\"potentialAction\":[{\"@type\":\"ReadAction\",\"target\":[\"https:\/\/reich-log.com\/tr\/our-services\/\"]}]},{\"@type\":\"BreadcrumbList\",\"@id\":\"https:\/\/reich-log.com\/tr\/our-services\/#breadcrumb\",\"itemListElement\":[{\"@type\":\"ListItem\",\"position\":1,\"name\":\"Home\",\"item\":\"https:\/\/reich-log.com\/\"},{\"@type\":\"ListItem\",\"position\":2,\"name\":\"Services\"}]},{\"@type\":\"WebSite\",\"@id\":\"https:\/\/reich-log.com\/#website\",\"url\":\"https:\/\/reich-log.com\/\",\"name\":\"REICH | LOGISTICS SOLUTIONS\",\"description\":\"\",\"potentialAction\":[{\"@type\":\"SearchAction\",\"target\":{\"@type\":\"EntryPoint\",\"urlTemplate\":\"https:\/\/reich-log.com\/?s={search_term_string}\"},\"query-input\":\"required name=search_term_string\"}],\"inLanguage\":\"tr\"}]}<\/script>\n<!-- \/ Yoast SEO plugin. -->","yoast_head_json":{"title":"Services - REICH | LOGISTICS SOLUTIONS","description":"The best company for IT solution and service WordPress Theme.","robots":{"index":"index","follow":"follow","max-snippet":"max-snippet:-1","max-image-preview":"max-image-preview:large","max-video-preview":"max-video-preview:-1"},"canonical":"https:\/\/reich-log.com\/tr\/our-services\/","og_locale":"tr_TR","og_type":"article","og_title":"Services - REICH | LOGISTICS SOLUTIONS","og_description":"The best company for IT solution and service WordPress Theme.","og_url":"https:\/\/reich-log.com\/tr\/our-services\/","og_site_name":"REICH | LOGISTICS SOLUTIONS","article_modified_time":"2023-01-23T12:45:22+00:00","og_image":[{"url":"https:\/\/reich-log.com\/wp-content\/uploads\/2023\/01\/air-cargo.jpg"}],"twitter_card":"summary_large_image","twitter_misc":{"Tahmini okuma s\u00fcresi":"5 dakika"},"schema":{"@context":"https:\/\/schema.org","@graph":[{"@type":"WebPage","@id":"https:\/\/reich-log.com\/tr\/our-services\/","url":"https:\/\/reich-log.com\/tr\/our-services\/","name":"Services - REICH | LOGISTICS SOLUTIONS","isPartOf":{"@id":"https:\/\/reich-log.com\/#website"},"datePublished":"2022-03-02T04:03:50+00:00","dateModified":"2023-01-23T12:45:22+00:00","description":"The best company for IT solution and service WordPress Theme.","breadcrumb":{"@id":"https:\/\/reich-log.com\/tr\/our-services\/#breadcrumb"},"inLanguage":"tr","potentialAction":[{"@type":"ReadAction","target":["https:\/\/reich-log.com\/tr\/our-services\/"]}]},{"@type":"BreadcrumbList","@id":"https:\/\/reich-log.com\/tr\/our-services\/#breadcrumb","itemListElement":[{"@type":"ListItem","position":1,"name":"Home","item":"https:\/\/reich-log.com\/"},{"@type":"ListItem","position":2,"name":"Services"}]},{"@type":"WebSite","@id":"https:\/\/reich-log.com\/#website","url":"https:\/\/reich-log.com\/","name":"REICH | LOGISTICS SOLUTIONS","description":"","potentialAction":[{"@type":"SearchAction","target":{"@type":"EntryPoint","urlTemplate":"https:\/\/reich-log.com\/?s={search_term_string}"},"query-input":"required name=search_term_string"}],"inLanguage":"tr"}]}},"_links":{"self":[{"href":"https:\/\/reich-log.com\/tr\/wp-json\/wp\/v2\/pages\/20","targetHints":{"allow":["GET"]}}],"collection":[{"href":"https:\/\/reich-log.com\/tr\/wp-json\/wp\/v2\/pages"}],"about":[{"href":"https:\/\/reich-log.com\/tr\/wp-json\/wp\/v2\/types\/page"}],"author":[{"embeddable":true,"href":"https:\/\/reich-log.com\/tr\/wp-json\/wp\/v2\/users\/1"}],"replies":[{"embeddable":true,"href":"https:\/\/reich-log.com\/tr\/wp-json\/wp\/v2\/comments?post=20"}],"version-history":[{"count":56,"href":"https:\/\/reich-log.com\/tr\/wp-json\/wp\/v2\/pages\/20\/revisions"}],"predecessor-version":[{"id":6016,"href":"https:\/\/reich-log.com\/tr\/wp-json\/wp\/v2\/pages\/20\/revisions\/6016"}],"wp:attachment":[{"href":"https:\/\/reich-log.com\/tr\/wp-json\/wp\/v2\/media?parent=20"}],"curies":[{"name":"wp","href":"https:\/\/api.w.org\/{rel}","templated":true}]}}