{"id":22,"date":"2022-03-02T04:04:01","date_gmt":"2022-03-02T04:04:01","guid":{"rendered":"https:\/\/demo.ovatheme.com\/infetech\/?page_id=22"},"modified":"2023-02-07T12:06:12","modified_gmt":"2023-02-07T12:06:12","slug":"our-network","status":"publish","type":"page","link":"https:\/\/reich-log.com\/tr\/our-network\/","title":{"rendered":"A\u011f\u0131m\u0131z"},"content":{"rendered":"<div data-elementor-type=\"wp-page\" data-elementor-id=\"22\" class=\"elementor elementor-22\">\n\t\t\t\t\t\t\t\t\t<section class=\"elementor-section elementor-top-section elementor-element elementor-element-2fbc821 elementor-section-boxed elementor-section-height-default elementor-section-height-default\" data-id=\"2fbc821\" data-element_type=\"section\" data-settings=\"{&quot;background_background&quot;:&quot;classic&quot;}\">\n\t\t\t\t\t\t<div class=\"elementor-container elementor-column-gap-default\">\n\t\t\t\t\t<div class=\"elementor-column elementor-col-50 elementor-top-column elementor-element elementor-element-fae0a31\" data-id=\"fae0a31\" data-element_type=\"column\">\n\t\t\t<div class=\"elementor-widget-wrap elementor-element-populated\">\n\t\t\t\t\t\t\t\t<div class=\"elementor-element elementor-element-85a7667 elementor-absolute elementor-invisible elementor-widget elementor-widget-image\" data-id=\"85a7667\" data-element_type=\"widget\" data-settings=\"{&quot;_position&quot;:&quot;absolute&quot;,&quot;_animation&quot;:&quot;ova-helix&quot;,&quot;_animation_tablet&quot;:&quot;none&quot;}\" data-widget_type=\"image.default\">\n\t\t\t\t<div class=\"elementor-widget-container\">\n\t\t\t<style>\/*! elementor - v3.9.2 - 21-12-2022 *\/\n.elementor-widget-image{text-align:center}.elementor-widget-image a{display:inline-block}.elementor-widget-image a img[src$=\".svg\"]{width:48px}.elementor-widget-image img{vertical-align:middle;display:inline-block}<\/style>\t\t\t\t\t\t\t\t\t\t\t\t<img loading=\"lazy\" decoding=\"async\" width=\"300\" height=\"300\" src=\"https:\/\/reich-log.com\/wp-content\/uploads\/2022\/03\/bg-full-circle-300x300.png\" class=\"attachment-medium size-medium wp-image-2989\" alt=\"\" srcset=\"https:\/\/reich-log.com\/wp-content\/uploads\/2022\/03\/bg-full-circle-300x300.png 300w, https:\/\/reich-log.com\/wp-content\/uploads\/2022\/03\/bg-full-circle-150x150.png 150w, https:\/\/reich-log.com\/wp-content\/uploads\/2022\/03\/bg-full-circle.png 373w\" sizes=\"auto, (max-width: 300px) 100vw, 300px\" \/>\t\t\t\t\t\t\t\t\t\t\t\t\t\t\t<\/div>\n\t\t\t\t<\/div>\n\t\t\t\t<div class=\"elementor-element elementor-element-dc8316a elementor-invisible elementor-widget elementor-widget-image\" data-id=\"dc8316a\" data-element_type=\"widget\" data-settings=\"{&quot;_animation&quot;:&quot;ova-scale-up&quot;,&quot;_animation_tablet&quot;:&quot;none&quot;}\" data-widget_type=\"image.default\">\n\t\t\t\t<div class=\"elementor-widget-container\">\n\t\t\t\t\t\t\t\t\t\t\t\t\t\t\t<img loading=\"lazy\" decoding=\"async\" width=\"1024\" height=\"666\" src=\"https:\/\/reich-log.com\/wp-content\/uploads\/2023\/01\/Arab_world.svg.png\" class=\"attachment-full size-full wp-image-5414\" alt=\"\" srcset=\"https:\/\/reich-log.com\/wp-content\/uploads\/2023\/01\/Arab_world.svg.png 1024w, https:\/\/reich-log.com\/wp-content\/uploads\/2023\/01\/Arab_world.svg-300x195.png 300w, https:\/\/reich-log.com\/wp-content\/uploads\/2023\/01\/Arab_world.svg-768x500.png 768w\" sizes=\"auto, (max-width: 1024px) 100vw, 1024px\" \/>\t\t\t\t\t\t\t\t\t\t\t\t\t\t\t<\/div>\n\t\t\t\t<\/div>\n\t\t\t\t<div class=\"elementor-element elementor-element-6cfb18c elementor-absolute elementor-invisible elementor-widget elementor-widget-image\" data-id=\"6cfb18c\" data-element_type=\"widget\" data-settings=\"{&quot;_position&quot;:&quot;absolute&quot;,&quot;_animation&quot;:&quot;rotateIn&quot;,&quot;_animation_tablet&quot;:&quot;none&quot;}\" data-widget_type=\"image.default\">\n\t\t\t\t<div class=\"elementor-widget-container\">\n\t\t\t\t\t\t\t\t\t\t\t\t\t\t\t<img loading=\"lazy\" decoding=\"async\" width=\"358\" height=\"372\" src=\"https:\/\/reich-log.com\/wp-content\/uploads\/2022\/03\/tech.png\" class=\"attachment-large size-large wp-image-2996\" alt=\"\" srcset=\"https:\/\/reich-log.com\/wp-content\/uploads\/2022\/03\/tech.png 358w, https:\/\/reich-log.com\/wp-content\/uploads\/2022\/03\/tech-289x300.png 289w\" sizes=\"auto, (max-width: 358px) 100vw, 358px\" \/>\t\t\t\t\t\t\t\t\t\t\t\t\t\t\t<\/div>\n\t\t\t\t<\/div>\n\t\t\t\t\t<\/div>\n\t\t<\/div>\n\t\t\t\t<div class=\"elementor-column elementor-col-50 elementor-top-column elementor-element elementor-element-9002de8 elementor-invisible\" data-id=\"9002de8\" data-element_type=\"column\" data-settings=\"{&quot;animation&quot;:&quot;ova-move-left&quot;,&quot;animation_tablet&quot;:&quot;none&quot;,&quot;background_background&quot;:&quot;classic&quot;}\">\n\t\t\t<div class=\"elementor-widget-wrap elementor-element-populated\">\n\t\t\t\t\t\t\t\t<div class=\"elementor-element elementor-element-b303755 elementor-widget elementor-widget-infetech_elementor_heading\" data-id=\"b303755\" data-element_type=\"widget\" data-widget_type=\"infetech_elementor_heading.default\">\n\t\t\t\t<div class=\"elementor-widget-container\">\n\t\t\t\n\t\t\t<div class=\"ova-heading\">\n\t\t\t\t\n\t\t\t\t\t\t\t\t\t<h2 class=\"sub-title\">\n\t\t\t\t\t\t<span class=\"underlined\"><\/span>\n\t\t\t\t\t\tD\u0130KKATL\u0130 PLANLAMA, \u0130Y\u0130 TEST ED\u0130LM\u0130\u015e \u0130\u015e AKI\u015eLARI VE \u015e\u0130RKETLERLE ORTAKLIKLAR ARACILI\u011eIYLA KARMA\u015eIK VE ZAMAN HASARLI NAKL\u0130YE ZORLUKLARINI Y\u00d6NET\u0130YORUZ.\n\t\t\t\t\t<\/h2>\t\n\t\t\t\t\n\t\t\t\t\n\t\t\t\t\t<h3 class=\"title\">\t\t\t\t\t\t\t\t\t\t\t\t\tA\u011f\u0131m\u0131z\n\t\t\t\t\t\t\t\t\t\t\t<\/h3>\n                \n\t\t\t<\/div>\n\n\t\t\t\t<\/div>\n\t\t\t\t<\/div>\n\t\t\t\t<div class=\"elementor-element elementor-element-9c82cf7 elementor-widget elementor-widget-text-editor\" data-id=\"9c82cf7\" data-element_type=\"widget\" data-widget_type=\"text-editor.default\">\n\t\t\t\t<div class=\"elementor-widget-container\">\n\t\t\t<style>\/*! elementor - v3.9.2 - 21-12-2022 *\/\n.elementor-widget-text-editor.elementor-drop-cap-view-stacked .elementor-drop-cap{background-color:#818a91;color:#fff}.elementor-widget-text-editor.elementor-drop-cap-view-framed .elementor-drop-cap{color:#818a91;border:3px solid;background-color:transparent}.elementor-widget-text-editor:not(.elementor-drop-cap-view-default) .elementor-drop-cap{margin-top:8px}.elementor-widget-text-editor:not(.elementor-drop-cap-view-default) .elementor-drop-cap-letter{width:1em;height:1em}.elementor-widget-text-editor .elementor-drop-cap{float:left;text-align:center;line-height:1;font-size:50px}.elementor-widget-text-editor .elementor-drop-cap-letter{display:inline-block}<\/style>\t\t\t\t<p>Zaman\u0131nda ve etkili teslimat i\u00e7in, 150'den fazla \u00fclkedeki geni\u015f i\u015f ortaklar\u0131m\u0131z ve acente a\u011f\u0131m\u0131z arac\u0131l\u0131\u011f\u0131yla karadan, deniz ve hava ta\u015f\u0131mac\u0131l\u0131\u011f\u0131na kadar geni\u015f bir yelpazede nakliye se\u00e7enekleri sunuyoruz.<\/p><p>At\u00a0<strong>REICH<\/strong>\u00a0,<\/p><p>y\u0131l boyunca kapasite garantileri de dahil olmak \u00fczere end\u00fcstrinin en rekabet\u00e7i oranlar\u0131n\u0131 sunabilmemizi sa\u011flamak i\u00e7in k\u00fcresel hava ta\u015f\u0131y\u0131c\u0131lar\u0131yla bir\u00e7ok \u00f6nemli stratejik ittifak geli\u015ftirdik. Navlun konsolidasyonu, kargo sigortas\u0131, gemi kiralama, limandan limana navlun g\u00fcvenli\u011fi ve zaman tan\u0131ml\u0131 u\u00e7tan uca sevkiyat g\u00f6r\u00fcn\u00fcrl\u00fc\u011f\u00fc gibi ek hizmetler sunuyoruz.<\/p>\t\t\t\t\t\t<\/div>\n\t\t\t\t<\/div>\n\t\t\t\t\t<\/div>\n\t\t<\/div>\n\t\t\t\t\t\t\t<\/div>\n\t\t<\/section>\n\t\t\t\t\t\t\t<\/div>","protected":false},"excerpt":{"rendered":"<p>WE MANAGE COMPLEX AND TIME-SENSITIVE SHIPPING CHALLENGES THROUGH CAREFUL PLANNING, WELL-TESTED WORKFLOWS, AND PARTNERSHIPS WITH COMPANIES. Our Network For timely and effective delivery, we offer wide range of freight shipping options from land, to ocean and air freight services through our wide network of business partners and agents in more than 150 countries. At\u00a0REICH\u00a0, we&#8217;ve [&hellip;]<\/p>","protected":false},"author":1,"featured_media":0,"parent":0,"menu_order":0,"comment_status":"closed","ping_status":"closed","template":"elementor_header_footer","meta":{"footnotes":""},"class_list":["post-22","page","type-page","status-publish","hentry"],"yoast_head":"<!-- This site is optimized with the Yoast SEO plugin v20.1 - https:\/\/yoast.com\/wordpress\/plugins\/seo\/ -->\n<title>Our Network - REICH | LOGISTICS SOLUTIONS<\/title>\n<meta name=\"description\" content=\"The best company for IT solution and service WordPress Theme.\" \/>\n<meta name=\"robots\" content=\"index, follow, max-snippet:-1, max-image-preview:large, max-video-preview:-1\" \/>\n<link rel=\"canonical\" href=\"https:\/\/reich-log.com\/tr\/our-network\/\" \/>\n<meta property=\"og:locale\" content=\"tr_TR\" \/>\n<meta property=\"og:type\" content=\"article\" \/>\n<meta property=\"og:title\" content=\"Our Network - REICH | LOGISTICS SOLUTIONS\" \/>\n<meta property=\"og:description\" content=\"The best company for IT solution and service WordPress Theme.\" \/>\n<meta property=\"og:url\" content=\"https:\/\/reich-log.com\/tr\/our-network\/\" \/>\n<meta property=\"og:site_name\" content=\"REICH | LOGISTICS SOLUTIONS\" \/>\n<meta property=\"article:modified_time\" content=\"2023-02-07T12:06:12+00:00\" \/>\n<meta property=\"og:image\" content=\"https:\/\/reich-log.com\/wp-content\/uploads\/2022\/03\/bg-full-circle-300x300.png\" \/>\n<meta name=\"twitter:card\" content=\"summary_large_image\" \/>\n<meta name=\"twitter:label1\" content=\"Tahmini okuma s\u00fcresi\" \/>\n\t<meta name=\"twitter:data1\" content=\"4 dakika\" \/>\n<script type=\"application\/ld+json\" class=\"yoast-schema-graph\">{\"@context\":\"https:\/\/schema.org\",\"@graph\":[{\"@type\":\"WebPage\",\"@id\":\"https:\/\/reich-log.com\/tr\/our-network\/\",\"url\":\"https:\/\/reich-log.com\/tr\/our-network\/\",\"name\":\"Our Network - REICH | LOGISTICS SOLUTIONS\",\"isPartOf\":{\"@id\":\"https:\/\/reich-log.com\/#website\"},\"datePublished\":\"2022-03-02T04:04:01+00:00\",\"dateModified\":\"2023-02-07T12:06:12+00:00\",\"description\":\"The best company for IT solution and service WordPress Theme.\",\"breadcrumb\":{\"@id\":\"https:\/\/reich-log.com\/tr\/our-network\/#breadcrumb\"},\"inLanguage\":\"tr\",\"potentialAction\":[{\"@type\":\"ReadAction\",\"target\":[\"https:\/\/reich-log.com\/tr\/our-network\/\"]}]},{\"@type\":\"BreadcrumbList\",\"@id\":\"https:\/\/reich-log.com\/tr\/our-network\/#breadcrumb\",\"itemListElement\":[{\"@type\":\"ListItem\",\"position\":1,\"name\":\"Home\",\"item\":\"https:\/\/reich-log.com\/\"},{\"@type\":\"ListItem\",\"position\":2,\"name\":\"Our Network\"}]},{\"@type\":\"WebSite\",\"@id\":\"https:\/\/reich-log.com\/#website\",\"url\":\"https:\/\/reich-log.com\/\",\"name\":\"REICH | LOGISTICS SOLUTIONS\",\"description\":\"\",\"potentialAction\":[{\"@type\":\"SearchAction\",\"target\":{\"@type\":\"EntryPoint\",\"urlTemplate\":\"https:\/\/reich-log.com\/?s={search_term_string}\"},\"query-input\":\"required name=search_term_string\"}],\"inLanguage\":\"tr\"}]}<\/script>\n<!-- \/ Yoast SEO plugin. -->","yoast_head_json":{"title":"Our Network - REICH | LOGISTICS SOLUTIONS","description":"The best company for IT solution and service WordPress Theme.","robots":{"index":"index","follow":"follow","max-snippet":"max-snippet:-1","max-image-preview":"max-image-preview:large","max-video-preview":"max-video-preview:-1"},"canonical":"https:\/\/reich-log.com\/tr\/our-network\/","og_locale":"tr_TR","og_type":"article","og_title":"Our Network - REICH | LOGISTICS SOLUTIONS","og_description":"The best company for IT solution and service WordPress Theme.","og_url":"https:\/\/reich-log.com\/tr\/our-network\/","og_site_name":"REICH | LOGISTICS SOLUTIONS","article_modified_time":"2023-02-07T12:06:12+00:00","og_image":[{"url":"https:\/\/reich-log.com\/wp-content\/uploads\/2022\/03\/bg-full-circle-300x300.png"}],"twitter_card":"summary_large_image","twitter_misc":{"Tahmini okuma s\u00fcresi":"4 dakika"},"schema":{"@context":"https:\/\/schema.org","@graph":[{"@type":"WebPage","@id":"https:\/\/reich-log.com\/tr\/our-network\/","url":"https:\/\/reich-log.com\/tr\/our-network\/","name":"Our Network - REICH | LOGISTICS SOLUTIONS","isPartOf":{"@id":"https:\/\/reich-log.com\/#website"},"datePublished":"2022-03-02T04:04:01+00:00","dateModified":"2023-02-07T12:06:12+00:00","description":"The best company for IT solution and service WordPress Theme.","breadcrumb":{"@id":"https:\/\/reich-log.com\/tr\/our-network\/#breadcrumb"},"inLanguage":"tr","potentialAction":[{"@type":"ReadAction","target":["https:\/\/reich-log.com\/tr\/our-network\/"]}]},{"@type":"BreadcrumbList","@id":"https:\/\/reich-log.com\/tr\/our-network\/#breadcrumb","itemListElement":[{"@type":"ListItem","position":1,"name":"Home","item":"https:\/\/reich-log.com\/"},{"@type":"ListItem","position":2,"name":"Our Network"}]},{"@type":"WebSite","@id":"https:\/\/reich-log.com\/#website","url":"https:\/\/reich-log.com\/","name":"REICH | LOGISTICS SOLUTIONS","description":"","potentialAction":[{"@type":"SearchAction","target":{"@type":"EntryPoint","urlTemplate":"https:\/\/reich-log.com\/?s={search_term_string}"},"query-input":"required name=search_term_string"}],"inLanguage":"tr"}]}},"_links":{"self":[{"href":"https:\/\/reich-log.com\/tr\/wp-json\/wp\/v2\/pages\/22","targetHints":{"allow":["GET"]}}],"collection":[{"href":"https:\/\/reich-log.com\/tr\/wp-json\/wp\/v2\/pages"}],"about":[{"href":"https:\/\/reich-log.com\/tr\/wp-json\/wp\/v2\/types\/page"}],"author":[{"embeddable":true,"href":"https:\/\/reich-log.com\/tr\/wp-json\/wp\/v2\/users\/1"}],"replies":[{"embeddable":true,"href":"https:\/\/reich-log.com\/tr\/wp-json\/wp\/v2\/comments?post=22"}],"version-history":[{"count":14,"href":"https:\/\/reich-log.com\/tr\/wp-json\/wp\/v2\/pages\/22\/revisions"}],"predecessor-version":[{"id":6132,"href":"https:\/\/reich-log.com\/tr\/wp-json\/wp\/v2\/pages\/22\/revisions\/6132"}],"wp:attachment":[{"href":"https:\/\/reich-log.com\/tr\/wp-json\/wp\/v2\/media?parent=22"}],"curies":[{"name":"wp","href":"https:\/\/api.w.org\/{rel}","templated":true}]}}