{"id":26,"date":"2022-03-02T04:04:30","date_gmt":"2022-03-02T04:04:30","guid":{"rendered":"https:\/\/demo.ovatheme.com\/infetech\/?page_id=26"},"modified":"2023-01-10T11:34:49","modified_gmt":"2023-01-10T11:34:49","slug":"about","status":"publish","type":"page","link":"https:\/\/reich-log.com\/tr\/about\/","title":{"rendered":"Hakk\u0131nda"},"content":{"rendered":"<div data-elementor-type=\"wp-page\" data-elementor-id=\"26\" class=\"elementor elementor-26\">\n\t\t\t\t\t\t\t\t\t<section class=\"elementor-section elementor-top-section elementor-element elementor-element-f980e82 elementor-section-boxed elementor-section-height-default elementor-section-height-default\" data-id=\"f980e82\" data-element_type=\"section\">\n\t\t\t\t\t\t<div class=\"elementor-container elementor-column-gap-default\">\n\t\t\t\t\t<div class=\"elementor-column elementor-col-100 elementor-top-column elementor-element elementor-element-97a672c elementor-invisible\" data-id=\"97a672c\" data-element_type=\"column\" data-settings=\"{&quot;animation&quot;:&quot;ova-move-down&quot;,&quot;animation_tablet&quot;:&quot;none&quot;}\">\n\t\t\t<div class=\"elementor-widget-wrap elementor-element-populated\">\n\t\t\t\t\t\t\t\t<div class=\"elementor-element elementor-element-1264904 elementor-widget elementor-widget-infetech_elementor_heading\" data-id=\"1264904\" data-element_type=\"widget\" data-widget_type=\"infetech_elementor_heading.default\">\n\t\t\t\t<div class=\"elementor-widget-container\">\n\t\t\t\n\t\t\t<div class=\"ova-heading\">\n\t\t\t\t\n\t\t\t\t\t\t\t\t\t<h2 class=\"sub-title\">\n\t\t\t\t\t\t<span class=\"underlined\"><\/span>\n\t\t\t\t\t\t\u015eirketiniz Hakk\u0131nda\t\t\t\t\t<\/h2>\t\n\t\t\t\t\n\t\t\t\t\n\t\t\t\t\t<h3 class=\"title\">\t\t\t\t\t\t\t\t\t\t\t\t\tB\u0130Z K\u0130M\u0130Z?\n\t\t\t\t\t\t\t\t\t\t\t<\/h3>\n                \n\t\t\t<\/div>\n\n\t\t\t\t<\/div>\n\t\t\t\t<\/div>\n\t\t\t\t<div class=\"elementor-element elementor-element-876f6e0 elementor-widget elementor-widget-text-editor\" data-id=\"876f6e0\" data-element_type=\"widget\" data-widget_type=\"text-editor.default\">\n\t\t\t\t<div class=\"elementor-widget-container\">\n\t\t\t<style>\/*! elementor - v3.9.2 - 21-12-2022 *\/\n.elementor-widget-text-editor.elementor-drop-cap-view-stacked .elementor-drop-cap{background-color:#818a91;color:#fff}.elementor-widget-text-editor.elementor-drop-cap-view-framed .elementor-drop-cap{color:#818a91;border:3px solid;background-color:transparent}.elementor-widget-text-editor:not(.elementor-drop-cap-view-default) .elementor-drop-cap{margin-top:8px}.elementor-widget-text-editor:not(.elementor-drop-cap-view-default) .elementor-drop-cap-letter{width:1em;height:1em}.elementor-widget-text-editor .elementor-drop-cap{float:left;text-align:center;line-height:1;font-size:50px}.elementor-widget-text-editor .elementor-drop-cap-letter{display:inline-block}<\/style>\t\t\t\t<p><strong>M\u00dc\u015eTER\u0130LER\u0130M\u0130Z \u0130\u00c7\u0130N UYGUN MAL\u0130YETL\u0130 ULUSLARARASI \u00c7\u00d6Z\u00dcMLER SA\u011eLAMA KONUSUNDA UZMAN ULUSLARARASI LOJ\u0130ST\u0130K, ULA\u015eTIRMA VE HAVACILIK Y\u00d6NET\u0130M\u0130 \u015e\u0130RKET\u0130Y\u0130Z.<\/strong><br \/>360\u00b0 hizmet portf\u00f6y\u00fcm\u00fcz sat\u0131\u015f, m\u00fc\u015fteri hizmetleri, pazarlama, halkla ili\u015fkiler, finans ve BT'yi i\u00e7erir. \u0130ster \u00e7evrimd\u0131\u015f\u0131 pazarlardan gelen katk\u0131y\u0131 art\u0131rmak ister tamamen yeni bir pazar geli\u015ftirmek isteyin, sat\u0131\u015flar\u0131 art\u0131racak, gelirleri art\u0131racak ve hedeflerinize ula\u015facak a\u011flara ve yerel bilgi birikimine sahibiz.<br \/>Maliyetleri sabitten de\u011fi\u015fkene de\u011fi\u015ftirmenize izin veren sonu\u00e7lara dayal\u0131 bir \u00f6deme modeliyle, ba\u015far\u0131m\u0131z\u0131n tamamen i\u015finizi ba\u015far\u0131l\u0131 k\u0131lmaya ba\u011fl\u0131 olmas\u0131n\u0131 sa\u011fl\u0131yoruz<\/p>\t\t\t\t\t\t<\/div>\n\t\t\t\t<\/div>\n\t\t\t\t\t<\/div>\n\t\t<\/div>\n\t\t\t\t\t\t\t<\/div>\n\t\t<\/section>\n\t\t\t\t<section class=\"elementor-section elementor-top-section elementor-element elementor-element-013d83b elementor-section-boxed elementor-section-height-default elementor-section-height-default\" data-id=\"013d83b\" data-element_type=\"section\">\n\t\t\t\t\t\t<div class=\"elementor-container elementor-column-gap-default\">\n\t\t\t\t\t<div class=\"elementor-column elementor-col-100 elementor-top-column elementor-element elementor-element-4e183f1 elementor-invisible\" data-id=\"4e183f1\" data-element_type=\"column\" data-settings=\"{&quot;animation&quot;:&quot;ova-move-down&quot;,&quot;animation_tablet&quot;:&quot;none&quot;}\">\n\t\t\t<div class=\"elementor-widget-wrap elementor-element-populated\">\n\t\t\t\t\t\t\t\t<div class=\"elementor-element elementor-element-8beda98 elementor-widget elementor-widget-infetech_elementor_heading\" data-id=\"8beda98\" data-element_type=\"widget\" data-widget_type=\"infetech_elementor_heading.default\">\n\t\t\t\t<div class=\"elementor-widget-container\">\n\t\t\t\n\t\t\t<div class=\"ova-heading\">\n\t\t\t\t\n\t\t\t\t\n\t\t\t\t\n\t\t\t\t\t<h3 class=\"title\">\t\t\t\t\t\t\t\t\t\t\t\t\tM\u0130SYON\t\t\t\t\t\t\t\t\t\t\t<\/h3>\n                \n\t\t\t<\/div>\n\n\t\t\t\t<\/div>\n\t\t\t\t<\/div>\n\t\t\t\t<div class=\"elementor-element elementor-element-b8863cf elementor-widget elementor-widget-text-editor\" data-id=\"b8863cf\" data-element_type=\"widget\" data-widget_type=\"text-editor.default\">\n\t\t\t\t<div class=\"elementor-widget-container\">\n\t\t\t\t\t\t\t<p>\u0130stikrarl\u0131 takip ile m\u00fc\u015fterilerimiz ve i\u015f ortaklar\u0131m\u0131z ile g\u00fc\u00e7l\u00fc i\u015f ili\u015fkileri s\u00fcrd\u00fcr\u00fcrken, en kaliteli nakliye lojistik hizmetleri sunarak ve tedarik zincirine de\u011fer katarak, m\u00fc\u015fterilerimize k\u00fcresel destinasyonlara en iyi nakliye hizmetlerini sunmak ve nakliye sekt\u00f6r\u00fcnde b\u00fcy\u00fck i\u015f hacimlerine ula\u015fmak. m\u00fckemmellik<\/p><p>D\u00fcnya \u00e7ap\u0131ndaki g\u00fcc\u00fcm\u00fcz, taahh\u00fctlerimiz ve s\u00fcrekli olarak iyile\u015ftirilen hizmetlerimiz, m\u00fc\u015fteri geri bildirimlerimize dayanmaktad\u0131r. Yurt d\u0131\u015f\u0131nda ve yerel olarak lider lojistik sa\u011flay\u0131c\u0131s\u0131 olmak i\u00e7in \u00fccrete a\u00e7\u0131\u011f\u0131z. Sadece kargonuzu de\u011fil g\u00f6n\u00fcl rahatl\u0131\u011f\u0131yla teslim etmeyi taahh\u00fct ediyoruz.<\/p>\t\t\t\t\t\t<\/div>\n\t\t\t\t<\/div>\n\t\t\t\t\t<\/div>\n\t\t<\/div>\n\t\t\t\t\t\t\t<\/div>\n\t\t<\/section>\n\t\t\t\t<section class=\"elementor-section elementor-top-section elementor-element elementor-element-91015a5 elementor-section-boxed elementor-section-height-default elementor-section-height-default\" data-id=\"91015a5\" data-element_type=\"section\">\n\t\t\t\t\t\t<div class=\"elementor-container elementor-column-gap-default\">\n\t\t\t\t\t<div class=\"elementor-column elementor-col-100 elementor-top-column elementor-element elementor-element-f17b927 elementor-invisible\" data-id=\"f17b927\" data-element_type=\"column\" data-settings=\"{&quot;animation&quot;:&quot;ova-move-down&quot;,&quot;animation_tablet&quot;:&quot;none&quot;}\">\n\t\t\t<div class=\"elementor-widget-wrap elementor-element-populated\">\n\t\t\t\t\t\t\t\t<div class=\"elementor-element elementor-element-cdfa235 elementor-widget elementor-widget-infetech_elementor_heading\" data-id=\"cdfa235\" data-element_type=\"widget\" data-widget_type=\"infetech_elementor_heading.default\">\n\t\t\t\t<div class=\"elementor-widget-container\">\n\t\t\t\n\t\t\t<div class=\"ova-heading\">\n\t\t\t\t\n\t\t\t\t\n\t\t\t\t\n\t\t\t\t\t<h3 class=\"title\">\t\t\t\t\t\t\t\t\t\t\t\t\tLojistik \u00c7\u00f6z\u00fcmler\t\t\t\t\t\t\t\t\t\t\t<\/h3>\n                \n\t\t\t<\/div>\n\n\t\t\t\t<\/div>\n\t\t\t\t<\/div>\n\t\t\t\t<div class=\"elementor-element elementor-element-901e2d5 elementor-widget elementor-widget-text-editor\" data-id=\"901e2d5\" data-element_type=\"widget\" data-widget_type=\"text-editor.default\">\n\t\t\t\t<div class=\"elementor-widget-container\">\n\t\t\t\t\t\t\t<p><strong>OPERASYON EK\u0130B\u0130N\u0130ZDEN G\u00d6RSEL ALARMLAR VE K\u0130\u015e\u0130SEL G\u00dcNCELLEMELER \u0130LE \u0130ST\u0130SNALARLA Y\u00d6NETMEN\u0130ZE YARDIMCI OLURUZ.<\/strong><br \/><br \/>\u0130lk \u00f6nce onlarca y\u0131ll\u0131k deneyimden \u00f6\u011frenmeden, ya\u015fad\u0131\u011f\u0131m\u0131z temel ilke ve de\u011ferlerle birle\u015ftirmeden pazar lideri lojistik hizmetleri geli\u015ftirmedik.<br \/>Lojistik \u00e7\u00f6z\u00fcmlerimiz bu noktay\u0131 kan\u0131tl\u0131yor. Bireysel beklentilerinizi tahmin etmek, anlamak ve a\u015fmak i\u00e7in m\u00fc\u015fteri ihtiya\u00e7lar\u0131na \u00f6zel odaklanmam\u0131z\u0131 kullan\u0131r\u0131z. Ard\u0131ndan, kar\u015f\u0131l\u0131kl\u0131 sayg\u0131, i\u015fbirli\u011fi ve bilgi payla\u015f\u0131m\u0131 ilkeleriyle \u00e7al\u0131\u015fan bir ekip olarak \u00e7al\u0131\u015f\u0131r\u0131z.<br \/>Her m\u00fc\u015fteri, hava ve deniz ta\u015f\u0131mac\u0131l\u0131\u011f\u0131 konsolidasyonu, deniz-hava ta\u015f\u0131mac\u0131l\u0131\u011f\u0131, g\u00fcmr\u00fck komisyonculu\u011fu, kargo sigortas\u0131, kiralama hizmeti, depolama ve da\u011f\u0131t\u0131m\u0131 i\u00e7eren kapsaml\u0131 bir lojistik ve nakliye \u00e7\u00f6z\u00fcmleri portf\u00f6y\u00fcnden yararlan\u0131r.<\/p>\t\t\t\t\t\t<\/div>\n\t\t\t\t<\/div>\n\t\t\t\t\t<\/div>\n\t\t<\/div>\n\t\t\t\t\t\t\t<\/div>\n\t\t<\/section>\n\t\t\t\t\t\t\t<\/div>","protected":false},"excerpt":{"rendered":"<p>About Your Company WHO WE ARE? WE ARE AN INTERNATIONAL LOGISTICS, TRANSPORTATION, AND AVIATION MANAGEMENT COMPANY, EXPERTS IN PROVIDING COST-EFFECTIVE INTERNATIONAL SOLUTIONS FOR OUR CLIENTS.Our 360\u00b0 portfolio of services includes sales, customer service, marketing, PR, finance, and IT. Whether you&#8217;re looking to increase contribution from offline markets or develop a new market entirely, we have [&hellip;]<\/p>","protected":false},"author":1,"featured_media":0,"parent":0,"menu_order":0,"comment_status":"closed","ping_status":"closed","template":"elementor_header_footer","meta":{"footnotes":""},"class_list":["post-26","page","type-page","status-publish","hentry"],"yoast_head":"<!-- This site is optimized with the Yoast SEO plugin v20.1 - https:\/\/yoast.com\/wordpress\/plugins\/seo\/ -->\n<title>About - REICH | LOGISTICS SOLUTIONS<\/title>\n<meta name=\"description\" content=\"The best company for IT solution and service WordPress Theme.\" \/>\n<meta name=\"robots\" content=\"index, follow, max-snippet:-1, max-image-preview:large, max-video-preview:-1\" \/>\n<link rel=\"canonical\" href=\"https:\/\/reich-log.com\/tr\/about\/\" \/>\n<meta property=\"og:locale\" content=\"tr_TR\" \/>\n<meta property=\"og:type\" content=\"article\" \/>\n<meta property=\"og:title\" content=\"About - REICH | LOGISTICS SOLUTIONS\" \/>\n<meta property=\"og:description\" content=\"The best company for IT solution and service WordPress Theme.\" \/>\n<meta property=\"og:url\" content=\"https:\/\/reich-log.com\/tr\/about\/\" \/>\n<meta property=\"og:site_name\" content=\"REICH | LOGISTICS SOLUTIONS\" \/>\n<meta property=\"article:modified_time\" content=\"2023-01-10T11:34:49+00:00\" \/>\n<meta name=\"twitter:card\" content=\"summary_large_image\" \/>\n<meta name=\"twitter:label1\" content=\"Tahmini okuma s\u00fcresi\" \/>\n\t<meta name=\"twitter:data1\" content=\"5 dakika\" \/>\n<script type=\"application\/ld+json\" class=\"yoast-schema-graph\">{\"@context\":\"https:\/\/schema.org\",\"@graph\":[{\"@type\":\"WebPage\",\"@id\":\"https:\/\/reich-log.com\/about\/\",\"url\":\"https:\/\/reich-log.com\/about\/\",\"name\":\"About - REICH | LOGISTICS SOLUTIONS\",\"isPartOf\":{\"@id\":\"https:\/\/reich-log.com\/#website\"},\"datePublished\":\"2022-03-02T04:04:30+00:00\",\"dateModified\":\"2023-01-10T11:34:49+00:00\",\"description\":\"The best company for IT solution and service WordPress Theme.\",\"breadcrumb\":{\"@id\":\"https:\/\/reich-log.com\/about\/#breadcrumb\"},\"inLanguage\":\"tr\",\"potentialAction\":[{\"@type\":\"ReadAction\",\"target\":[\"https:\/\/reich-log.com\/about\/\"]}]},{\"@type\":\"BreadcrumbList\",\"@id\":\"https:\/\/reich-log.com\/about\/#breadcrumb\",\"itemListElement\":[{\"@type\":\"ListItem\",\"position\":1,\"name\":\"Home\",\"item\":\"https:\/\/reich-log.com\/\"},{\"@type\":\"ListItem\",\"position\":2,\"name\":\"About\"}]},{\"@type\":\"WebSite\",\"@id\":\"https:\/\/reich-log.com\/#website\",\"url\":\"https:\/\/reich-log.com\/\",\"name\":\"REICH | LOGISTICS SOLUTIONS\",\"description\":\"\",\"potentialAction\":[{\"@type\":\"SearchAction\",\"target\":{\"@type\":\"EntryPoint\",\"urlTemplate\":\"https:\/\/reich-log.com\/?s={search_term_string}\"},\"query-input\":\"required name=search_term_string\"}],\"inLanguage\":\"tr\"}]}<\/script>\n<!-- \/ Yoast SEO plugin. -->","yoast_head_json":{"title":"About - REICH | LOGISTICS SOLUTIONS","description":"The best company for IT solution and service WordPress Theme.","robots":{"index":"index","follow":"follow","max-snippet":"max-snippet:-1","max-image-preview":"max-image-preview:large","max-video-preview":"max-video-preview:-1"},"canonical":"https:\/\/reich-log.com\/tr\/about\/","og_locale":"tr_TR","og_type":"article","og_title":"About - REICH | LOGISTICS SOLUTIONS","og_description":"The best company for IT solution and service WordPress Theme.","og_url":"https:\/\/reich-log.com\/tr\/about\/","og_site_name":"REICH | LOGISTICS SOLUTIONS","article_modified_time":"2023-01-10T11:34:49+00:00","twitter_card":"summary_large_image","twitter_misc":{"Tahmini okuma s\u00fcresi":"5 dakika"},"schema":{"@context":"https:\/\/schema.org","@graph":[{"@type":"WebPage","@id":"https:\/\/reich-log.com\/about\/","url":"https:\/\/reich-log.com\/about\/","name":"About - REICH | LOGISTICS SOLUTIONS","isPartOf":{"@id":"https:\/\/reich-log.com\/#website"},"datePublished":"2022-03-02T04:04:30+00:00","dateModified":"2023-01-10T11:34:49+00:00","description":"The best company for IT solution and service WordPress Theme.","breadcrumb":{"@id":"https:\/\/reich-log.com\/about\/#breadcrumb"},"inLanguage":"tr","potentialAction":[{"@type":"ReadAction","target":["https:\/\/reich-log.com\/about\/"]}]},{"@type":"BreadcrumbList","@id":"https:\/\/reich-log.com\/about\/#breadcrumb","itemListElement":[{"@type":"ListItem","position":1,"name":"Home","item":"https:\/\/reich-log.com\/"},{"@type":"ListItem","position":2,"name":"About"}]},{"@type":"WebSite","@id":"https:\/\/reich-log.com\/#website","url":"https:\/\/reich-log.com\/","name":"REICH | LOGISTICS SOLUTIONS","description":"","potentialAction":[{"@type":"SearchAction","target":{"@type":"EntryPoint","urlTemplate":"https:\/\/reich-log.com\/?s={search_term_string}"},"query-input":"required name=search_term_string"}],"inLanguage":"tr"}]}},"_links":{"self":[{"href":"https:\/\/reich-log.com\/tr\/wp-json\/wp\/v2\/pages\/26","targetHints":{"allow":["GET"]}}],"collection":[{"href":"https:\/\/reich-log.com\/tr\/wp-json\/wp\/v2\/pages"}],"about":[{"href":"https:\/\/reich-log.com\/tr\/wp-json\/wp\/v2\/types\/page"}],"author":[{"embeddable":true,"href":"https:\/\/reich-log.com\/tr\/wp-json\/wp\/v2\/users\/1"}],"replies":[{"embeddable":true,"href":"https:\/\/reich-log.com\/tr\/wp-json\/wp\/v2\/comments?post=26"}],"version-history":[{"count":35,"href":"https:\/\/reich-log.com\/tr\/wp-json\/wp\/v2\/pages\/26\/revisions"}],"predecessor-version":[{"id":5372,"href":"https:\/\/reich-log.com\/tr\/wp-json\/wp\/v2\/pages\/26\/revisions\/5372"}],"wp:attachment":[{"href":"https:\/\/reich-log.com\/tr\/wp-json\/wp\/v2\/media?parent=26"}],"curies":[{"name":"wp","href":"https:\/\/api.w.org\/{rel}","templated":true}]}}