{"id":5522,"date":"2023-01-12T11:51:24","date_gmt":"2023-01-12T11:51:24","guid":{"rendered":"https:\/\/reich-log.com\/?page_id=5522"},"modified":"2023-01-12T11:54:26","modified_gmt":"2023-01-12T11:54:26","slug":"our-strengths","status":"publish","type":"page","link":"https:\/\/reich-log.com\/tr\/our-strengths\/","title":{"rendered":"G\u00fc\u00e7l\u00fc Y\u00f6nlerimiz"},"content":{"rendered":"<div data-elementor-type=\"wp-page\" data-elementor-id=\"5522\" class=\"elementor elementor-5522\">\n\t\t\t\t\t\t\t\t\t<section class=\"elementor-section elementor-top-section elementor-element elementor-element-37bac41 elementor-section-boxed elementor-section-height-default elementor-section-height-default\" data-id=\"37bac41\" data-element_type=\"section\">\n\t\t\t\t\t\t<div class=\"elementor-container elementor-column-gap-default\">\n\t\t\t\t\t<div class=\"elementor-column elementor-col-100 elementor-top-column elementor-element elementor-element-d62c0e1\" data-id=\"d62c0e1\" data-element_type=\"column\">\n\t\t\t<div class=\"elementor-widget-wrap elementor-element-populated\">\n\t\t\t\t\t\t\t\t<div class=\"elementor-element elementor-element-7f0ef1c elementor-widget elementor-widget-heading\" data-id=\"7f0ef1c\" data-element_type=\"widget\" data-widget_type=\"heading.default\">\n\t\t\t\t<div class=\"elementor-widget-container\">\n\t\t\t<style>\/*! elementor - v3.9.2 - 21-12-2022 *\/\n.elementor-heading-title{padding:0;margin:0;line-height:1}.elementor-widget-heading .elementor-heading-title[class*=elementor-size-]>a{color:inherit;font-size:inherit;line-height:inherit}.elementor-widget-heading .elementor-heading-title.elementor-size-small{font-size:15px}.elementor-widget-heading .elementor-heading-title.elementor-size-medium{font-size:19px}.elementor-widget-heading .elementor-heading-title.elementor-size-large{font-size:29px}.elementor-widget-heading .elementor-heading-title.elementor-size-xl{font-size:39px}.elementor-widget-heading .elementor-heading-title.elementor-size-xxl{font-size:59px}<\/style><h3 class=\"elementor-heading-title elementor-size-default\">Y\u00dcKSEK KAL\u0130TEL\u0130 H\u0130ZMET VERME YETENE\u011e\u0130M\u0130Z\u0130N KAYNAKLARIMIZ:<\/h3>\t\t<\/div>\n\t\t\t\t<\/div>\n\t\t\t\t<div class=\"elementor-element elementor-element-04ca71d elementor-widget elementor-widget-infetech_elementor_ova_icon_list\" data-id=\"04ca71d\" data-element_type=\"widget\" data-widget_type=\"infetech_elementor_ova_icon_list.default\">\n\t\t\t\t<div class=\"elementor-widget-container\">\n\t\t\t\n\t\t \t                 <div class=\"ova-icon-list ova-icon-list-template2 two_column\">\n\t            \t\n\t\t\t         \n\t\t\t\t\t<div class=\"item\">\n\t\t\t\t\t\t\t\t\t\t\t\t\t<div class=\"text-number-wrapper\">\n\t\t\t\t\t\t\t\t<span class=\"text-number\">\n\t\t\t\t\t\t\t\t\t01\t\t\t\t\t\t\t\t<\/span>\n\t\t\t\t\t\t\t<\/div>\n\t\t\t\t\t\t\n\t\t\t\t\t\t\t\t\t\t\t\t\t<p class=\"text\">\n\t\t\t\t\t\t\t\tM\u00fc\u015fteri hizmetleri birimimiz arac\u0131l\u0131\u011f\u0131yla Hizmet Sunumu ve sipari\u015f alma s\u00fcreci. Yerel pazar ko\u015fullar\u0131 hakk\u0131nda bilgi.\t\t\t\t\t\t\t<\/p>\n\t\t\t\t\t\t\t\t\t\t\t<\/div>\n\n\t\t\t\t\t\n\t\t\t\t\t<div class=\"item\">\n\t\t\t\t\t\t\t\t\t\t\t\t\t<div class=\"text-number-wrapper\">\n\t\t\t\t\t\t\t\t<span class=\"text-number\">\n\t\t\t\t\t\t\t\t\t02\t\t\t\t\t\t\t\t<\/span>\n\t\t\t\t\t\t\t<\/div>\n\t\t\t\t\t\t\n\t\t\t\t\t\t\t\t\t\t\t\t\t<p class=\"text\">\n\t\t\t\t\t\t\t\t\u0130hracat\u00e7\u0131lar, nakliye komisyoncular\u0131 ve kargo terminali operat\u00f6rleri ile m\u00fckemmel uyum. G\u00fc\u00e7l\u00fc bilgi ile ilgili deneyime sahip profesyonel kadro.\t\t\t\t\t\t\t<\/p>\n\t\t\t\t\t\t\t\t\t\t\t<\/div>\n\n\t\t\t\t\t\n\t\t\t\t\t<div class=\"item\">\n\t\t\t\t\t\t\t\t\t\t\t\t\t<div class=\"text-number-wrapper\">\n\t\t\t\t\t\t\t\t<span class=\"text-number\">\n\t\t\t\t\t\t\t\t\t03\t\t\t\t\t\t\t\t<\/span>\n\t\t\t\t\t\t\t<\/div>\n\t\t\t\t\t\t\n\t\t\t\t\t\t\t\t\t\t\t\t\t<p class=\"text\">\n\t\t\t\t\t\t\t\tKargo kabul\u00fc, y\u00fckleme ve ULD y\u00f6netimindeki geni\u015fletilmi\u015f operasyonel hizmetler ile sat\u0131\u015f ve operasyonlarda havayolu m\u00fc\u015fterilerimize eksiksiz hizmetler sunulmaktad\u0131r.\t\t\t\t\t\t\t<\/p>\n\t\t\t\t\t\t\t\t\t\t\t<\/div>\n\n\t\t\t\t\t\n\t\t\t\t\t<div class=\"item\">\n\t\t\t\t\t\t\t\t\t\t\t\t\t<div class=\"text-number-wrapper\">\n\t\t\t\t\t\t\t\t<span class=\"text-number\">\n\t\t\t\t\t\t\t\t\t04\t\t\t\t\t\t\t\t<\/span>\n\t\t\t\t\t\t\t<\/div>\n\t\t\t\t\t\t\n\t\t\t\t\t\t\t\t\t\t\t\t\t<p class=\"text\">\n\t\t\t\t\t\t\t\tEsneklik: Felsefemiz, hizmet seviyelerimizi her zaman iyile\u015ftirmek amac\u0131yla m\u00fc\u015fterilerimizin isteklerine kar\u015f\u0131 esnek bir tutum sergilemektir.\t\t\t\t\t\t\t<\/p>\n\t\t\t\t\t\t\t\t\t\t\t<\/div>\n\n\t\t\t\t\t\n\t\t\t\t<\/div>\n\t\t \t\n\t\t\t\t<\/div>\n\t\t\t\t<\/div>\n\t\t\t\t\t<\/div>\n\t\t<\/div>\n\t\t\t\t\t\t\t<\/div>\n\t\t<\/section>\n\t\t\t\t<section class=\"elementor-section elementor-top-section elementor-element elementor-element-dfa2451 elementor-section-boxed elementor-section-height-default elementor-section-height-default\" data-id=\"dfa2451\" data-element_type=\"section\">\n\t\t\t\t\t\t<div class=\"elementor-container elementor-column-gap-default\">\n\t\t\t\t\t<div class=\"elementor-column elementor-col-100 elementor-top-column elementor-element elementor-element-77ca07f\" data-id=\"77ca07f\" data-element_type=\"column\">\n\t\t\t<div class=\"elementor-widget-wrap\">\n\t\t\t\t\t\t\t\t\t<\/div>\n\t\t<\/div>\n\t\t\t\t\t\t\t<\/div>\n\t\t<\/section>\n\t\t\t\t\t\t\t<\/div>","protected":false},"excerpt":{"rendered":"<p>OUR ABILITY TO PROVIDE A HIGH-QUALITY SERVICE STEMS FROM OUR: 01 Service Offering and order taking process through our customer service unit. Knowledge of local market conditions. 02 Excellent rapport with exporters, freight forwarders and cargo terminal operators. Professional staff with strong knowledge related experience. 03 Full services offered to our airline clients in sales [&hellip;]<\/p>","protected":false},"author":1,"featured_media":0,"parent":0,"menu_order":0,"comment_status":"closed","ping_status":"closed","template":"","meta":{"footnotes":""},"class_list":["post-5522","page","type-page","status-publish","hentry"],"yoast_head":"<!-- This site is optimized with the Yoast SEO plugin v20.1 - https:\/\/yoast.com\/wordpress\/plugins\/seo\/ -->\n<title>Our Strengths - REICH | LOGISTICS SOLUTIONS<\/title>\n<meta name=\"robots\" content=\"index, follow, max-snippet:-1, max-image-preview:large, max-video-preview:-1\" \/>\n<link rel=\"canonical\" href=\"https:\/\/reich-log.com\/tr\/our-strengths\/\" \/>\n<meta property=\"og:locale\" content=\"tr_TR\" \/>\n<meta property=\"og:type\" content=\"article\" \/>\n<meta property=\"og:title\" content=\"Our Strengths - REICH | LOGISTICS SOLUTIONS\" \/>\n<meta property=\"og:description\" content=\"OUR ABILITY TO PROVIDE A HIGH-QUALITY SERVICE STEMS FROM OUR: 01 Service Offering and order taking process through our customer service unit. Knowledge of local market conditions. 02 Excellent rapport with exporters, freight forwarders and cargo terminal operators. Professional staff with strong knowledge related experience. 03 Full services offered to our airline clients in sales [&hellip;]\" \/>\n<meta property=\"og:url\" content=\"https:\/\/reich-log.com\/tr\/our-strengths\/\" \/>\n<meta property=\"og:site_name\" content=\"REICH | LOGISTICS SOLUTIONS\" \/>\n<meta property=\"article:modified_time\" content=\"2023-01-12T11:54:26+00:00\" \/>\n<meta name=\"twitter:card\" content=\"summary_large_image\" \/>\n<script type=\"application\/ld+json\" class=\"yoast-schema-graph\">{\"@context\":\"https:\/\/schema.org\",\"@graph\":[{\"@type\":\"WebPage\",\"@id\":\"https:\/\/reich-log.com\/tr\/our-strengths\/\",\"url\":\"https:\/\/reich-log.com\/tr\/our-strengths\/\",\"name\":\"Our Strengths - REICH | LOGISTICS SOLUTIONS\",\"isPartOf\":{\"@id\":\"https:\/\/reich-log.com\/#website\"},\"datePublished\":\"2023-01-12T11:51:24+00:00\",\"dateModified\":\"2023-01-12T11:54:26+00:00\",\"breadcrumb\":{\"@id\":\"https:\/\/reich-log.com\/tr\/our-strengths\/#breadcrumb\"},\"inLanguage\":\"tr\",\"potentialAction\":[{\"@type\":\"ReadAction\",\"target\":[\"https:\/\/reich-log.com\/tr\/our-strengths\/\"]}]},{\"@type\":\"BreadcrumbList\",\"@id\":\"https:\/\/reich-log.com\/tr\/our-strengths\/#breadcrumb\",\"itemListElement\":[{\"@type\":\"ListItem\",\"position\":1,\"name\":\"Home\",\"item\":\"https:\/\/reich-log.com\/\"},{\"@type\":\"ListItem\",\"position\":2,\"name\":\"Our Strengths\"}]},{\"@type\":\"WebSite\",\"@id\":\"https:\/\/reich-log.com\/#website\",\"url\":\"https:\/\/reich-log.com\/\",\"name\":\"REICH | LOGISTICS SOLUTIONS\",\"description\":\"\",\"potentialAction\":[{\"@type\":\"SearchAction\",\"target\":{\"@type\":\"EntryPoint\",\"urlTemplate\":\"https:\/\/reich-log.com\/?s={search_term_string}\"},\"query-input\":\"required name=search_term_string\"}],\"inLanguage\":\"tr\"}]}<\/script>\n<!-- \/ Yoast SEO plugin. -->","yoast_head_json":{"title":"Our Strengths - REICH | LOGISTICS SOLUTIONS","robots":{"index":"index","follow":"follow","max-snippet":"max-snippet:-1","max-image-preview":"max-image-preview:large","max-video-preview":"max-video-preview:-1"},"canonical":"https:\/\/reich-log.com\/tr\/our-strengths\/","og_locale":"tr_TR","og_type":"article","og_title":"Our Strengths - REICH | LOGISTICS SOLUTIONS","og_description":"OUR ABILITY TO PROVIDE A HIGH-QUALITY SERVICE STEMS FROM OUR: 01 Service Offering and order taking process through our customer service unit. Knowledge of local market conditions. 02 Excellent rapport with exporters, freight forwarders and cargo terminal operators. Professional staff with strong knowledge related experience. 03 Full services offered to our airline clients in sales [&hellip;]","og_url":"https:\/\/reich-log.com\/tr\/our-strengths\/","og_site_name":"REICH | LOGISTICS SOLUTIONS","article_modified_time":"2023-01-12T11:54:26+00:00","twitter_card":"summary_large_image","schema":{"@context":"https:\/\/schema.org","@graph":[{"@type":"WebPage","@id":"https:\/\/reich-log.com\/tr\/our-strengths\/","url":"https:\/\/reich-log.com\/tr\/our-strengths\/","name":"Our Strengths - REICH | LOGISTICS SOLUTIONS","isPartOf":{"@id":"https:\/\/reich-log.com\/#website"},"datePublished":"2023-01-12T11:51:24+00:00","dateModified":"2023-01-12T11:54:26+00:00","breadcrumb":{"@id":"https:\/\/reich-log.com\/tr\/our-strengths\/#breadcrumb"},"inLanguage":"tr","potentialAction":[{"@type":"ReadAction","target":["https:\/\/reich-log.com\/tr\/our-strengths\/"]}]},{"@type":"BreadcrumbList","@id":"https:\/\/reich-log.com\/tr\/our-strengths\/#breadcrumb","itemListElement":[{"@type":"ListItem","position":1,"name":"Home","item":"https:\/\/reich-log.com\/"},{"@type":"ListItem","position":2,"name":"Our Strengths"}]},{"@type":"WebSite","@id":"https:\/\/reich-log.com\/#website","url":"https:\/\/reich-log.com\/","name":"REICH | LOGISTICS SOLUTIONS","description":"","potentialAction":[{"@type":"SearchAction","target":{"@type":"EntryPoint","urlTemplate":"https:\/\/reich-log.com\/?s={search_term_string}"},"query-input":"required name=search_term_string"}],"inLanguage":"tr"}]}},"_links":{"self":[{"href":"https:\/\/reich-log.com\/tr\/wp-json\/wp\/v2\/pages\/5522","targetHints":{"allow":["GET"]}}],"collection":[{"href":"https:\/\/reich-log.com\/tr\/wp-json\/wp\/v2\/pages"}],"about":[{"href":"https:\/\/reich-log.com\/tr\/wp-json\/wp\/v2\/types\/page"}],"author":[{"embeddable":true,"href":"https:\/\/reich-log.com\/tr\/wp-json\/wp\/v2\/users\/1"}],"replies":[{"embeddable":true,"href":"https:\/\/reich-log.com\/tr\/wp-json\/wp\/v2\/comments?post=5522"}],"version-history":[{"count":7,"href":"https:\/\/reich-log.com\/tr\/wp-json\/wp\/v2\/pages\/5522\/revisions"}],"predecessor-version":[{"id":5529,"href":"https:\/\/reich-log.com\/tr\/wp-json\/wp\/v2\/pages\/5522\/revisions\/5529"}],"wp:attachment":[{"href":"https:\/\/reich-log.com\/tr\/wp-json\/wp\/v2\/media?parent=5522"}],"curies":[{"name":"wp","href":"https:\/\/api.w.org\/{rel}","templated":true}]}}