{"id":5538,"date":"2023-01-12T12:11:46","date_gmt":"2023-01-12T12:11:46","guid":{"rendered":"https:\/\/reich-log.com\/?page_id=5538"},"modified":"2023-01-23T13:46:26","modified_gmt":"2023-01-23T13:46:26","slug":"air-freight","status":"publish","type":"page","link":"https:\/\/reich-log.com\/tr\/air-freight\/","title":{"rendered":"Hava Ta\u015f\u0131mac\u0131l\u0131\u011f\u0131"},"content":{"rendered":"<div data-elementor-type=\"wp-page\" data-elementor-id=\"5538\" class=\"elementor elementor-5538\">\n\t\t\t\t\t\t\t\t\t<section class=\"elementor-section elementor-top-section elementor-element elementor-element-6d649a9 elementor-section-stretched elementor-section-boxed elementor-section-height-default elementor-section-height-default\" data-id=\"6d649a9\" data-element_type=\"section\" data-settings=\"{&quot;stretch_section&quot;:&quot;section-stretched&quot;}\">\n\t\t\t\t\t\t<div class=\"elementor-container elementor-column-gap-default\">\n\t\t\t\t\t<div class=\"elementor-column elementor-col-33 elementor-top-column elementor-element elementor-element-b7e0dce\" data-id=\"b7e0dce\" data-element_type=\"column\" data-settings=\"{&quot;background_background&quot;:&quot;classic&quot;}\">\n\t\t\t<div class=\"elementor-widget-wrap elementor-element-populated\">\n\t\t\t\t\t\t\t\t<div class=\"elementor-element elementor-element-9cbf7f6 elementor-widget elementor-widget-heading\" data-id=\"9cbf7f6\" data-element_type=\"widget\" data-widget_type=\"heading.default\">\n\t\t\t\t<div class=\"elementor-widget-container\">\n\t\t\t<style>\/*! elementor - v3.9.2 - 21-12-2022 *\/\n.elementor-heading-title{padding:0;margin:0;line-height:1}.elementor-widget-heading .elementor-heading-title[class*=elementor-size-]>a{color:inherit;font-size:inherit;line-height:inherit}.elementor-widget-heading .elementor-heading-title.elementor-size-small{font-size:15px}.elementor-widget-heading .elementor-heading-title.elementor-size-medium{font-size:19px}.elementor-widget-heading .elementor-heading-title.elementor-size-large{font-size:29px}.elementor-widget-heading .elementor-heading-title.elementor-size-xl{font-size:39px}.elementor-widget-heading .elementor-heading-title.elementor-size-xxl{font-size:59px}<\/style><h2 class=\"elementor-heading-title elementor-size-default\">Ula\u015ft\u0131rma servisleri<\/h2>\t\t<\/div>\n\t\t\t\t<\/div>\n\t\t\t\t<div class=\"elementor-element elementor-element-ab7e4fd elementor-widget elementor-widget-infetech_elementor_menu_footer\" data-id=\"ab7e4fd\" data-element_type=\"widget\" data-widget_type=\"infetech_elementor_menu_footer.default\">\n\t\t\t\t<div class=\"elementor-widget-container\">\n\t\t\t\t\t<div class=\"ova-menu-footer\">\n\t\t\t<ul id=\"menu-serv\" class=\"menu\"><li id=\"menu-item-6040\" class=\"menu-item menu-item-type-post_type menu-item-object-page menu-item-6040\"><a href=\"https:\/\/reich-log.com\/tr\/air-freight\/\">Hava Ta\u015f\u0131mac\u0131l\u0131\u011f\u0131<\/a><\/li>\n<li id=\"menu-item-6038\" class=\"menu-item menu-item-type-post_type menu-item-object-page menu-item-6038\"><a href=\"https:\/\/reich-log.com\/tr\/land-freight\/\">Kara ta\u015f\u0131mac\u0131l\u0131\u011f\u0131<\/a><\/li>\n<li id=\"menu-item-6039\" class=\"menu-item menu-item-type-post_type menu-item-object-page menu-item-6039\"><a href=\"https:\/\/reich-log.com\/tr\/ocean-freight\/\">Deniz ta\u015f\u0131mac\u0131l\u0131\u011f\u0131<\/a><\/li>\n<li id=\"menu-item-6037\" class=\"menu-item menu-item-type-post_type menu-item-object-page menu-item-6037\"><a href=\"https:\/\/reich-log.com\/tr\/customs-clearance\/\">G\u00fcmr\u00fck i\u015flemleri<\/a><\/li>\n<li id=\"menu-item-6041\" class=\"menu-item menu-item-type-post_type menu-item-object-page menu-item-6041\"><a href=\"https:\/\/reich-log.com\/tr\/warehousing-solutions\/\">Depolama \u00c7\u00f6z\u00fcmleri<\/a><\/li>\n<li id=\"menu-item-6036\" class=\"menu-item menu-item-type-post_type menu-item-object-page menu-item-6036\"><a href=\"https:\/\/reich-log.com\/tr\/third-party-logistics-solutions-3pl\/\">\u00dc\u00e7\u00fcnc\u00fc Taraf Lojistik \u00c7\u00f6z\u00fcmleri (3PL)<\/a><\/li>\n<\/ul>\t\t<\/div>\n\n\t\t\t\t<\/div>\n\t\t\t\t<\/div>\n\t\t\t\t\t<\/div>\n\t\t<\/div>\n\t\t\t\t<div class=\"elementor-column elementor-col-33 elementor-top-column elementor-element elementor-element-defe270\" data-id=\"defe270\" data-element_type=\"column\">\n\t\t\t<div class=\"elementor-widget-wrap elementor-element-populated\">\n\t\t\t\t\t\t\t\t<div class=\"elementor-element elementor-element-8af4bec elementor-widget elementor-widget-heading\" data-id=\"8af4bec\" data-element_type=\"widget\" data-widget_type=\"heading.default\">\n\t\t\t\t<div class=\"elementor-widget-container\">\n\t\t\t<h2 class=\"elementor-heading-title elementor-size-default\">Lojistik \u00c7\u00f6z\u00fcmlerimiz\n\nHava Ta\u015f\u0131mac\u0131l\u0131\u011f\u0131<\/h2>\t\t<\/div>\n\t\t\t\t<\/div>\n\t\t\t\t<div class=\"elementor-element elementor-element-ecdc5fd elementor-widget elementor-widget-text-editor\" data-id=\"ecdc5fd\" data-element_type=\"widget\" data-widget_type=\"text-editor.default\">\n\t\t\t\t<div class=\"elementor-widget-container\">\n\t\t\t<style>\/*! elementor - v3.9.2 - 21-12-2022 *\/\n.elementor-widget-text-editor.elementor-drop-cap-view-stacked .elementor-drop-cap{background-color:#818a91;color:#fff}.elementor-widget-text-editor.elementor-drop-cap-view-framed .elementor-drop-cap{color:#818a91;border:3px solid;background-color:transparent}.elementor-widget-text-editor:not(.elementor-drop-cap-view-default) .elementor-drop-cap{margin-top:8px}.elementor-widget-text-editor:not(.elementor-drop-cap-view-default) .elementor-drop-cap-letter{width:1em;height:1em}.elementor-widget-text-editor .elementor-drop-cap{float:left;text-align:center;line-height:1;font-size:50px}.elementor-widget-text-editor .elementor-drop-cap-letter{display:inline-block}<\/style>\t\t\t\t<p>Kargonuz Nerede Olursa Olsun Veya Gitmesi Gerekirse Olsun, Uluslararas\u0131 A\u011f\u0131m\u0131z Size K\u00fcresel \u00d6l\u00e7ekte Yerel Bilgi Sa\u011flar.<br \/>Kargo elle\u00e7lemenin gelece\u011fi, operasyonel verimlili\u011fi art\u0131rmak i\u00e7in insanlar\u0131, kaynaklar\u0131, ta\u015f\u0131y\u0131c\u0131 uzmanl\u0131\u011f\u0131n\u0131 ve bilgi sistemlerini birle\u015ftirme potansiyelini anlayanlara aittir. Hizmet verdi\u011fimiz sekt\u00f6rlerdeki uzmanl\u0131\u011f\u0131m\u0131zla birle\u015fen bilgi birikimimizi y\u00f6nlendirmek, REICH'e m\u00fc\u015fterilerimizin ama\u00e7 ve hedeflerine ula\u015fmalar\u0131na yard\u0131mc\u0131 olmak i\u00e7in bir f\u0131rsat sunuyor. REICH'te, y\u0131l boyunca kapasite garantileri de dahil olmak \u00fczere sekt\u00f6r\u00fcn en rekabet\u00e7i oranlar\u0131n\u0131 sunabilmemizi sa\u011flamak i\u00e7in k\u00fcresel hava ta\u015f\u0131y\u0131c\u0131lar\u0131yla bir\u00e7ok \u00f6nemli stratejik ittifak geli\u015ftirdik. B\u00f6ylece kargonuz bir anda havada olabilir. Navlun konsolidasyonu, kargo sigortas\u0131, gemi kiralama, limandan limana navlun g\u00fcvenli\u011fi ve zaman tan\u0131ml\u0131 u\u00e7tan uca sevkiyat g\u00f6r\u00fcn\u00fcrl\u00fc\u011f\u00fc gibi ek hizmetler sunuyoruz. REICH, d\u00fcnyan\u0131n en iyi ta\u015f\u0131y\u0131c\u0131lar\u0131yla ortakt\u0131r. Dikkatli planlama, iyi test edilmi\u015f i\u015f ak\u0131\u015flar\u0131 ve \u015firketlerle ortakl\u0131klar yoluyla karma\u015f\u0131k ve zamana duyarl\u0131 nakliye zorluklar\u0131n\u0131 y\u00f6netiyoruz.<\/p>\t\t\t\t\t\t<\/div>\n\t\t\t\t<\/div>\n\t\t\t\t\t<\/div>\n\t\t<\/div>\n\t\t\t\t<div class=\"elementor-column elementor-col-33 elementor-top-column elementor-element elementor-element-0782770\" data-id=\"0782770\" data-element_type=\"column\">\n\t\t\t<div class=\"elementor-widget-wrap elementor-element-populated\">\n\t\t\t\t\t\t\t\t<div class=\"elementor-element elementor-element-20eefaa elementor-widget elementor-widget-image\" data-id=\"20eefaa\" data-element_type=\"widget\" data-widget_type=\"image.default\">\n\t\t\t\t<div class=\"elementor-widget-container\">\n\t\t\t<style>\/*! elementor - v3.9.2 - 21-12-2022 *\/\n.elementor-widget-image{text-align:center}.elementor-widget-image a{display:inline-block}.elementor-widget-image a img[src$=\".svg\"]{width:48px}.elementor-widget-image img{vertical-align:middle;display:inline-block}<\/style>\t\t\t\t\t\t\t\t\t\t\t\t<img loading=\"lazy\" decoding=\"async\" width=\"800\" height=\"534\" src=\"https:\/\/reich-log.com\/wp-content\/uploads\/2023\/01\/2-1024x683.jpeg\" class=\"attachment-large size-large wp-image-5549\" alt=\"\" srcset=\"https:\/\/reich-log.com\/wp-content\/uploads\/2023\/01\/2-1024x683.jpeg 1024w, https:\/\/reich-log.com\/wp-content\/uploads\/2023\/01\/2-300x200.jpeg 300w, https:\/\/reich-log.com\/wp-content\/uploads\/2023\/01\/2-768x512.jpeg 768w, https:\/\/reich-log.com\/wp-content\/uploads\/2023\/01\/2-1536x1024.jpeg 1536w, https:\/\/reich-log.com\/wp-content\/uploads\/2023\/01\/2.jpeg 2048w\" sizes=\"auto, (max-width: 800px) 100vw, 800px\" \/>\t\t\t\t\t\t\t\t\t\t\t\t\t\t\t<\/div>\n\t\t\t\t<\/div>\n\t\t\t\t\t<\/div>\n\t\t<\/div>\n\t\t\t\t\t\t\t<\/div>\n\t\t<\/section>\n\t\t\t\t<section class=\"elementor-section elementor-top-section elementor-element elementor-element-3c379ce elementor-section-boxed elementor-section-height-default elementor-section-height-default\" data-id=\"3c379ce\" data-element_type=\"section\">\n\t\t\t\t\t\t<div class=\"elementor-container elementor-column-gap-default\">\n\t\t\t\t\t<div class=\"elementor-column elementor-col-100 elementor-top-column elementor-element elementor-element-8a1a055\" data-id=\"8a1a055\" data-element_type=\"column\">\n\t\t\t<div class=\"elementor-widget-wrap elementor-element-populated\">\n\t\t\t\t\t\t\t\t<div class=\"elementor-element elementor-element-3aeb6c6 elementor-widget elementor-widget-html\" data-id=\"3aeb6c6\" data-element_type=\"widget\" data-widget_type=\"html.default\">\n\t\t\t\t<div class=\"elementor-widget-container\">\n\t\t\t<style>\n    .elementor-5538 .elementor-element.elementor-element-b7e0dce {\n   \n    height: 392px;\n}\n<\/style>\t\t<\/div>\n\t\t\t\t<\/div>\n\t\t\t\t\t<\/div>\n\t\t<\/div>\n\t\t\t\t\t\t\t<\/div>\n\t\t<\/section>\n\t\t\t\t<section class=\"elementor-section elementor-top-section elementor-element elementor-element-aa22262 elementor-section-boxed elementor-section-height-default elementor-section-height-default\" data-id=\"aa22262\" data-element_type=\"section\">\n\t\t\t\t\t\t<div class=\"elementor-container elementor-column-gap-default\">\n\t\t\t\t\t<div class=\"elementor-column elementor-col-100 elementor-top-column elementor-element elementor-element-348192e\" data-id=\"348192e\" data-element_type=\"column\">\n\t\t\t<div class=\"elementor-widget-wrap\">\n\t\t\t\t\t\t\t\t\t<\/div>\n\t\t<\/div>\n\t\t\t\t\t\t\t<\/div>\n\t\t<\/section>\n\t\t\t\t\t\t\t<\/div>","protected":false},"excerpt":{"rendered":"<p>Transport Services Air Freight Land Freight Ocean Freight Customs Clearance Warehousing Solutions Third Party Logistics Solutions (3PL) Our Logistics Solutions Air Freight No Matter Where Your Cargo Is Or Needs To Go, Our International Network Provides You With Local Knowledge On A Global Scale.The future of handling cargo belongs to those who understand the potential [&hellip;]<\/p>","protected":false},"author":1,"featured_media":0,"parent":0,"menu_order":0,"comment_status":"closed","ping_status":"closed","template":"","meta":{"footnotes":""},"class_list":["post-5538","page","type-page","status-publish","hentry"],"yoast_head":"<!-- This site is optimized with the Yoast SEO plugin v20.1 - https:\/\/yoast.com\/wordpress\/plugins\/seo\/ -->\n<title>Air Freight - REICH | LOGISTICS SOLUTIONS<\/title>\n<meta name=\"robots\" content=\"index, follow, max-snippet:-1, max-image-preview:large, max-video-preview:-1\" \/>\n<link rel=\"canonical\" href=\"https:\/\/reich-log.com\/tr\/air-freight\/\" \/>\n<meta property=\"og:locale\" content=\"tr_TR\" \/>\n<meta property=\"og:type\" content=\"article\" \/>\n<meta property=\"og:title\" content=\"Air Freight - REICH | LOGISTICS SOLUTIONS\" \/>\n<meta property=\"og:description\" content=\"Transport Services Air Freight Land Freight Ocean Freight Customs Clearance Warehousing Solutions Third Party Logistics Solutions (3PL) Our Logistics Solutions Air Freight No Matter Where Your Cargo Is Or Needs To Go, Our International Network Provides You With Local Knowledge On A Global Scale.The future of handling cargo belongs to those who understand the potential [&hellip;]\" \/>\n<meta property=\"og:url\" content=\"https:\/\/reich-log.com\/tr\/air-freight\/\" \/>\n<meta property=\"og:site_name\" content=\"REICH | LOGISTICS SOLUTIONS\" \/>\n<meta property=\"article:modified_time\" content=\"2023-01-23T13:46:26+00:00\" \/>\n<meta property=\"og:image\" content=\"https:\/\/reich-log.com\/wp-content\/uploads\/2023\/01\/2-1024x683.jpeg\" \/>\n<meta name=\"twitter:card\" content=\"summary_large_image\" \/>\n<meta name=\"twitter:label1\" content=\"Tahmini okuma s\u00fcresi\" \/>\n\t<meta name=\"twitter:data1\" content=\"1 dakika\" \/>\n<script type=\"application\/ld+json\" class=\"yoast-schema-graph\">{\"@context\":\"https:\/\/schema.org\",\"@graph\":[{\"@type\":\"WebPage\",\"@id\":\"https:\/\/reich-log.com\/air-freight\/\",\"url\":\"https:\/\/reich-log.com\/air-freight\/\",\"name\":\"Air Freight - REICH | LOGISTICS SOLUTIONS\",\"isPartOf\":{\"@id\":\"https:\/\/reich-log.com\/#website\"},\"datePublished\":\"2023-01-12T12:11:46+00:00\",\"dateModified\":\"2023-01-23T13:46:26+00:00\",\"breadcrumb\":{\"@id\":\"https:\/\/reich-log.com\/air-freight\/#breadcrumb\"},\"inLanguage\":\"tr\",\"potentialAction\":[{\"@type\":\"ReadAction\",\"target\":[\"https:\/\/reich-log.com\/air-freight\/\"]}]},{\"@type\":\"BreadcrumbList\",\"@id\":\"https:\/\/reich-log.com\/air-freight\/#breadcrumb\",\"itemListElement\":[{\"@type\":\"ListItem\",\"position\":1,\"name\":\"Home\",\"item\":\"https:\/\/reich-log.com\/\"},{\"@type\":\"ListItem\",\"position\":2,\"name\":\"Air Freight\"}]},{\"@type\":\"WebSite\",\"@id\":\"https:\/\/reich-log.com\/#website\",\"url\":\"https:\/\/reich-log.com\/\",\"name\":\"REICH | LOGISTICS SOLUTIONS\",\"description\":\"\",\"potentialAction\":[{\"@type\":\"SearchAction\",\"target\":{\"@type\":\"EntryPoint\",\"urlTemplate\":\"https:\/\/reich-log.com\/?s={search_term_string}\"},\"query-input\":\"required name=search_term_string\"}],\"inLanguage\":\"tr\"}]}<\/script>\n<!-- \/ Yoast SEO plugin. -->","yoast_head_json":{"title":"Air Freight - REICH | LOGISTICS SOLUTIONS","robots":{"index":"index","follow":"follow","max-snippet":"max-snippet:-1","max-image-preview":"max-image-preview:large","max-video-preview":"max-video-preview:-1"},"canonical":"https:\/\/reich-log.com\/tr\/air-freight\/","og_locale":"tr_TR","og_type":"article","og_title":"Air Freight - REICH | LOGISTICS SOLUTIONS","og_description":"Transport Services Air Freight Land Freight Ocean Freight Customs Clearance Warehousing Solutions Third Party Logistics Solutions (3PL) Our Logistics Solutions Air Freight No Matter Where Your Cargo Is Or Needs To Go, Our International Network Provides You With Local Knowledge On A Global Scale.The future of handling cargo belongs to those who understand the potential [&hellip;]","og_url":"https:\/\/reich-log.com\/tr\/air-freight\/","og_site_name":"REICH | LOGISTICS SOLUTIONS","article_modified_time":"2023-01-23T13:46:26+00:00","og_image":[{"url":"https:\/\/reich-log.com\/wp-content\/uploads\/2023\/01\/2-1024x683.jpeg"}],"twitter_card":"summary_large_image","twitter_misc":{"Tahmini okuma s\u00fcresi":"1 dakika"},"schema":{"@context":"https:\/\/schema.org","@graph":[{"@type":"WebPage","@id":"https:\/\/reich-log.com\/air-freight\/","url":"https:\/\/reich-log.com\/air-freight\/","name":"Air Freight - REICH | LOGISTICS SOLUTIONS","isPartOf":{"@id":"https:\/\/reich-log.com\/#website"},"datePublished":"2023-01-12T12:11:46+00:00","dateModified":"2023-01-23T13:46:26+00:00","breadcrumb":{"@id":"https:\/\/reich-log.com\/air-freight\/#breadcrumb"},"inLanguage":"tr","potentialAction":[{"@type":"ReadAction","target":["https:\/\/reich-log.com\/air-freight\/"]}]},{"@type":"BreadcrumbList","@id":"https:\/\/reich-log.com\/air-freight\/#breadcrumb","itemListElement":[{"@type":"ListItem","position":1,"name":"Home","item":"https:\/\/reich-log.com\/"},{"@type":"ListItem","position":2,"name":"Air Freight"}]},{"@type":"WebSite","@id":"https:\/\/reich-log.com\/#website","url":"https:\/\/reich-log.com\/","name":"REICH | LOGISTICS SOLUTIONS","description":"","potentialAction":[{"@type":"SearchAction","target":{"@type":"EntryPoint","urlTemplate":"https:\/\/reich-log.com\/?s={search_term_string}"},"query-input":"required name=search_term_string"}],"inLanguage":"tr"}]}},"_links":{"self":[{"href":"https:\/\/reich-log.com\/tr\/wp-json\/wp\/v2\/pages\/5538","targetHints":{"allow":["GET"]}}],"collection":[{"href":"https:\/\/reich-log.com\/tr\/wp-json\/wp\/v2\/pages"}],"about":[{"href":"https:\/\/reich-log.com\/tr\/wp-json\/wp\/v2\/types\/page"}],"author":[{"embeddable":true,"href":"https:\/\/reich-log.com\/tr\/wp-json\/wp\/v2\/users\/1"}],"replies":[{"embeddable":true,"href":"https:\/\/reich-log.com\/tr\/wp-json\/wp\/v2\/comments?post=5538"}],"version-history":[{"count":74,"href":"https:\/\/reich-log.com\/tr\/wp-json\/wp\/v2\/pages\/5538\/revisions"}],"predecessor-version":[{"id":6051,"href":"https:\/\/reich-log.com\/tr\/wp-json\/wp\/v2\/pages\/5538\/revisions\/6051"}],"wp:attachment":[{"href":"https:\/\/reich-log.com\/tr\/wp-json\/wp\/v2\/media?parent=5538"}],"curies":[{"name":"wp","href":"https:\/\/api.w.org\/{rel}","templated":true}]}}