{"id":5559,"date":"2023-01-12T12:18:53","date_gmt":"2023-01-12T12:18:53","guid":{"rendered":"https:\/\/reich-log.com\/?page_id=5559"},"modified":"2023-01-25T13:15:37","modified_gmt":"2023-01-25T13:15:37","slug":"ocean-freight","status":"publish","type":"page","link":"https:\/\/reich-log.com\/tr\/ocean-freight\/","title":{"rendered":"Deniz ta\u015f\u0131mac\u0131l\u0131\u011f\u0131"},"content":{"rendered":"<div data-elementor-type=\"wp-page\" data-elementor-id=\"5559\" class=\"elementor elementor-5559\">\n\t\t\t\t\t\t\t\t\t<section class=\"elementor-section elementor-top-section elementor-element elementor-element-97eac2a elementor-section-stretched elementor-section-boxed elementor-section-height-default elementor-section-height-default\" data-id=\"97eac2a\" data-element_type=\"section\" data-settings=\"{&quot;stretch_section&quot;:&quot;section-stretched&quot;}\">\n\t\t\t\t\t\t<div class=\"elementor-container elementor-column-gap-default\">\n\t\t\t\t\t<div class=\"elementor-column elementor-col-33 elementor-top-column elementor-element elementor-element-5983851\" data-id=\"5983851\" data-element_type=\"column\" data-settings=\"{&quot;background_background&quot;:&quot;classic&quot;}\">\n\t\t\t<div class=\"elementor-widget-wrap elementor-element-populated\">\n\t\t\t\t\t\t\t\t<div class=\"elementor-element elementor-element-d13fe45 elementor-widget elementor-widget-heading\" data-id=\"d13fe45\" data-element_type=\"widget\" data-widget_type=\"heading.default\">\n\t\t\t\t<div class=\"elementor-widget-container\">\n\t\t\t<style>\/*! elementor - v3.9.2 - 21-12-2022 *\/\n.elementor-heading-title{padding:0;margin:0;line-height:1}.elementor-widget-heading .elementor-heading-title[class*=elementor-size-]>a{color:inherit;font-size:inherit;line-height:inherit}.elementor-widget-heading .elementor-heading-title.elementor-size-small{font-size:15px}.elementor-widget-heading .elementor-heading-title.elementor-size-medium{font-size:19px}.elementor-widget-heading .elementor-heading-title.elementor-size-large{font-size:29px}.elementor-widget-heading .elementor-heading-title.elementor-size-xl{font-size:39px}.elementor-widget-heading .elementor-heading-title.elementor-size-xxl{font-size:59px}<\/style><h2 class=\"elementor-heading-title elementor-size-default\">Ula\u015ft\u0131rma servisleri<\/h2>\t\t<\/div>\n\t\t\t\t<\/div>\n\t\t\t\t<div class=\"elementor-element elementor-element-716db42 elementor-widget elementor-widget-infetech_elementor_menu_footer\" data-id=\"716db42\" data-element_type=\"widget\" data-widget_type=\"infetech_elementor_menu_footer.default\">\n\t\t\t\t<div class=\"elementor-widget-container\">\n\t\t\t\t\t<div class=\"ova-menu-footer\">\n\t\t\t<ul id=\"menu-serv\" class=\"menu\"><li id=\"menu-item-6040\" class=\"menu-item menu-item-type-post_type menu-item-object-page menu-item-6040\"><a href=\"https:\/\/reich-log.com\/tr\/air-freight\/\">Hava Ta\u015f\u0131mac\u0131l\u0131\u011f\u0131<\/a><\/li>\n<li id=\"menu-item-6038\" class=\"menu-item menu-item-type-post_type menu-item-object-page menu-item-6038\"><a href=\"https:\/\/reich-log.com\/tr\/land-freight\/\">Kara ta\u015f\u0131mac\u0131l\u0131\u011f\u0131<\/a><\/li>\n<li id=\"menu-item-6039\" class=\"menu-item menu-item-type-post_type menu-item-object-page menu-item-6039\"><a href=\"https:\/\/reich-log.com\/tr\/ocean-freight\/\">Deniz ta\u015f\u0131mac\u0131l\u0131\u011f\u0131<\/a><\/li>\n<li id=\"menu-item-6037\" class=\"menu-item menu-item-type-post_type menu-item-object-page menu-item-6037\"><a href=\"https:\/\/reich-log.com\/tr\/customs-clearance\/\">G\u00fcmr\u00fck i\u015flemleri<\/a><\/li>\n<li id=\"menu-item-6041\" class=\"menu-item menu-item-type-post_type menu-item-object-page menu-item-6041\"><a href=\"https:\/\/reich-log.com\/tr\/warehousing-solutions\/\">Depolama \u00c7\u00f6z\u00fcmleri<\/a><\/li>\n<li id=\"menu-item-6036\" class=\"menu-item menu-item-type-post_type menu-item-object-page menu-item-6036\"><a href=\"https:\/\/reich-log.com\/tr\/third-party-logistics-solutions-3pl\/\">\u00dc\u00e7\u00fcnc\u00fc Taraf Lojistik \u00c7\u00f6z\u00fcmleri (3PL)<\/a><\/li>\n<\/ul>\t\t<\/div>\n\n\t\t\t\t<\/div>\n\t\t\t\t<\/div>\n\t\t\t\t\t<\/div>\n\t\t<\/div>\n\t\t\t\t<div class=\"elementor-column elementor-col-33 elementor-top-column elementor-element elementor-element-80e6d29\" data-id=\"80e6d29\" data-element_type=\"column\">\n\t\t\t<div class=\"elementor-widget-wrap elementor-element-populated\">\n\t\t\t\t\t\t\t\t<div class=\"elementor-element elementor-element-85afa12 elementor-widget elementor-widget-heading\" data-id=\"85afa12\" data-element_type=\"widget\" data-widget_type=\"heading.default\">\n\t\t\t\t<div class=\"elementor-widget-container\">\n\t\t\t<h2 class=\"elementor-heading-title elementor-size-default\">Lojistik \u00c7\u00f6z\u00fcmlerimiz\n\nDeniz ta\u015f\u0131mac\u0131l\u0131\u011f\u0131\n<\/h2>\t\t<\/div>\n\t\t\t\t<\/div>\n\t\t\t\t<div class=\"elementor-element elementor-element-99bb913 elementor-widget elementor-widget-text-editor\" data-id=\"99bb913\" data-element_type=\"widget\" data-widget_type=\"text-editor.default\">\n\t\t\t\t<div class=\"elementor-widget-container\">\n\t\t\t<style>\/*! elementor - v3.9.2 - 21-12-2022 *\/\n.elementor-widget-text-editor.elementor-drop-cap-view-stacked .elementor-drop-cap{background-color:#818a91;color:#fff}.elementor-widget-text-editor.elementor-drop-cap-view-framed .elementor-drop-cap{color:#818a91;border:3px solid;background-color:transparent}.elementor-widget-text-editor:not(.elementor-drop-cap-view-default) .elementor-drop-cap{margin-top:8px}.elementor-widget-text-editor:not(.elementor-drop-cap-view-default) .elementor-drop-cap-letter{width:1em;height:1em}.elementor-widget-text-editor .elementor-drop-cap{float:left;text-align:center;line-height:1;font-size:50px}.elementor-widget-text-editor .elementor-drop-cap-letter{display:inline-block}<\/style>\t\t\t\t<p>D\u00fcnyan\u0131n \u00d6nde Gelen Gemi D\u0131\u015f\u0131 Ticari Ta\u015f\u0131y\u0131c\u0131lar\u0131ndan (NVOCC) Biri Olarak \u0130htiya\u00e7lar\u0131n\u0131z\u0131 Kar\u015f\u0131layacak En \u0130yi Denizyolu Ta\u015f\u0131mac\u0131l\u0131\u011f\u0131 Hizmetini De\u011ferlendirmenize ve Se\u00e7menize Yard\u0131mc\u0131 Olabiliriz.<br \/>Lisansl\u0131 bir okyanus nakliyecisi ve NVOCC olarak REICH, okyanus g\u00f6nderilerinizin t\u00fcm y\u00f6nlerini ele almak i\u00e7in benzersiz bir konuma sahiptir. \u0130ster basit bir \u015fekilde okyanus ta\u015f\u0131mac\u0131l\u0131\u011f\u0131 y\u00f6netimi, konsolidasyonlar veya proje kargo \u00e7\u00f6z\u00fcmleri olsun, m\u00fc\u015fterilerimiz uluslararas\u0131 nakliye gereksinimlerini kar\u015f\u0131lamak i\u00e7in esnek ve \u00f6zel bir \u00e7\u00f6z\u00fcm ararken okyanus hizmetlerimizden ve uzmanl\u0131\u011f\u0131m\u0131zdan yararlan\u0131rlar. Kurulu\u015fumuzun amac\u0131, yurtd\u0131\u015f\u0131na g\u00f6nderdi\u011fimiz \u00fcr\u00fcnleri kalifiye etmektir. M\u00fc\u015fterimizin global markas\u0131n\u0131n temsilcisi oldu\u011fumuzun fark\u0131nday\u0131z. G\u00f6nderiyi nakliye i\u00e7in d\u00fczg\u00fcn bir \u015fekilde paketlemezsek, belgelerin do\u011fru oldu\u011fundan, etiketlerin do\u011fru oldu\u011fundan emin olmazsak ve di\u011fer fakt\u00f6rleri dikkate almazsak, stratejik hedeflerinden potansiyel olarak \u00f6d\u00fcn verebiliriz. Bu hedefler son derece \u00f6nemlidir ve yolculu\u011fun ba\u015far\u0131yla tamamland\u0131\u011f\u0131n\u0131 g\u00f6rmek i\u00e7in en son teknolojiyi, s\u00fcrekli durum g\u00fcncellemelerini ve uzun m\u00fckemmellik ge\u00e7mi\u015fimizi kullan\u0131r\u0131z.<\/p>\t\t\t\t\t\t<\/div>\n\t\t\t\t<\/div>\n\t\t\t\t\t<\/div>\n\t\t<\/div>\n\t\t\t\t<div class=\"elementor-column elementor-col-33 elementor-top-column elementor-element elementor-element-569b1a9\" data-id=\"569b1a9\" data-element_type=\"column\">\n\t\t\t<div class=\"elementor-widget-wrap elementor-element-populated\">\n\t\t\t\t\t\t\t\t<div class=\"elementor-element elementor-element-028a019 elementor-widget elementor-widget-image\" data-id=\"028a019\" data-element_type=\"widget\" data-widget_type=\"image.default\">\n\t\t\t\t<div class=\"elementor-widget-container\">\n\t\t\t<style>\/*! elementor - v3.9.2 - 21-12-2022 *\/\n.elementor-widget-image{text-align:center}.elementor-widget-image a{display:inline-block}.elementor-widget-image a img[src$=\".svg\"]{width:48px}.elementor-widget-image img{vertical-align:middle;display:inline-block}<\/style>\t\t\t\t\t\t\t\t\t\t\t\t<img loading=\"lazy\" decoding=\"async\" width=\"800\" height=\"450\" src=\"https:\/\/reich-log.com\/wp-content\/uploads\/2023\/01\/sea-freight-services-1-1-1024x576.jpg\" class=\"attachment-large size-large wp-image-5249\" alt=\"\" srcset=\"https:\/\/reich-log.com\/wp-content\/uploads\/2023\/01\/sea-freight-services-1-1-1024x576.jpg 1024w, https:\/\/reich-log.com\/wp-content\/uploads\/2023\/01\/sea-freight-services-1-1-300x169.jpg 300w, https:\/\/reich-log.com\/wp-content\/uploads\/2023\/01\/sea-freight-services-1-1-768x432.jpg 768w, https:\/\/reich-log.com\/wp-content\/uploads\/2023\/01\/sea-freight-services-1-1.jpg 1200w\" sizes=\"auto, (max-width: 800px) 100vw, 800px\" \/>\t\t\t\t\t\t\t\t\t\t\t\t\t\t\t<\/div>\n\t\t\t\t<\/div>\n\t\t\t\t\t<\/div>\n\t\t<\/div>\n\t\t\t\t\t\t\t<\/div>\n\t\t<\/section>\n\t\t\t\t<section class=\"elementor-section elementor-top-section elementor-element elementor-element-5efb19b elementor-section-boxed elementor-section-height-default elementor-section-height-default\" data-id=\"5efb19b\" data-element_type=\"section\">\n\t\t\t\t\t\t<div class=\"elementor-container elementor-column-gap-default\">\n\t\t\t\t\t<div class=\"elementor-column elementor-col-100 elementor-top-column elementor-element elementor-element-334e22a\" data-id=\"334e22a\" data-element_type=\"column\">\n\t\t\t<div class=\"elementor-widget-wrap elementor-element-populated\">\n\t\t\t\t\t\t\t\t<div class=\"elementor-element elementor-element-103e84f elementor-widget elementor-widget-html\" data-id=\"103e84f\" data-element_type=\"widget\" data-widget_type=\"html.default\">\n\t\t\t\t<div class=\"elementor-widget-container\">\n\t\t\t<style>\n    .elementor-5559 .elementor-element.elementor-element-5983851 {\n   \n    height: 392px;\n}\n<\/style>\t\t<\/div>\n\t\t\t\t<\/div>\n\t\t\t\t\t<\/div>\n\t\t<\/div>\n\t\t\t\t\t\t\t<\/div>\n\t\t<\/section>\n\t\t\t\t\t\t\t<\/div>","protected":false},"excerpt":{"rendered":"<p>Transport Services Air Freight Land Freight Ocean Freight Customs Clearance Warehousing Solutions Third Party Logistics Solutions (3PL) Our Logistics Solutions Ocean Freight As One Of The World\u2019s Leading Non-Vessel Operating Common Carriers (NVOCC), We Can Help You Assess And Select The Best Ocean Freight Service To Meet Your Needs.As a licensed ocean forwarder and NVOCC, [&hellip;]<\/p>","protected":false},"author":1,"featured_media":0,"parent":0,"menu_order":0,"comment_status":"closed","ping_status":"closed","template":"","meta":{"footnotes":""},"class_list":["post-5559","page","type-page","status-publish","hentry"],"yoast_head":"<!-- This site is optimized with the Yoast SEO plugin v20.1 - https:\/\/yoast.com\/wordpress\/plugins\/seo\/ -->\n<title>Ocean Freight - REICH | LOGISTICS SOLUTIONS<\/title>\n<meta name=\"robots\" content=\"index, follow, max-snippet:-1, max-image-preview:large, max-video-preview:-1\" \/>\n<link rel=\"canonical\" href=\"https:\/\/reich-log.com\/tr\/ocean-freight\/\" \/>\n<meta property=\"og:locale\" content=\"tr_TR\" \/>\n<meta property=\"og:type\" content=\"article\" \/>\n<meta property=\"og:title\" content=\"Ocean Freight - REICH | LOGISTICS SOLUTIONS\" \/>\n<meta property=\"og:description\" content=\"Transport Services Air Freight Land Freight Ocean Freight Customs Clearance Warehousing Solutions Third Party Logistics Solutions (3PL) Our Logistics Solutions Ocean Freight As One Of The World\u2019s Leading Non-Vessel Operating Common Carriers (NVOCC), We Can Help You Assess And Select The Best Ocean Freight Service To Meet Your Needs.As a licensed ocean forwarder and NVOCC, [&hellip;]\" \/>\n<meta property=\"og:url\" content=\"https:\/\/reich-log.com\/tr\/ocean-freight\/\" \/>\n<meta property=\"og:site_name\" content=\"REICH | LOGISTICS SOLUTIONS\" \/>\n<meta property=\"article:modified_time\" content=\"2023-01-25T13:15:37+00:00\" \/>\n<meta property=\"og:image\" content=\"https:\/\/reich-log.com\/wp-content\/uploads\/2023\/01\/sea-freight-services-1-1-1024x576.jpg\" \/>\n<meta name=\"twitter:card\" content=\"summary_large_image\" \/>\n<meta name=\"twitter:label1\" content=\"Tahmini okuma s\u00fcresi\" \/>\n\t<meta name=\"twitter:data1\" content=\"1 dakika\" \/>\n<script type=\"application\/ld+json\" class=\"yoast-schema-graph\">{\"@context\":\"https:\/\/schema.org\",\"@graph\":[{\"@type\":\"WebPage\",\"@id\":\"https:\/\/reich-log.com\/tr\/ocean-freight\/\",\"url\":\"https:\/\/reich-log.com\/tr\/ocean-freight\/\",\"name\":\"Ocean Freight - REICH | LOGISTICS SOLUTIONS\",\"isPartOf\":{\"@id\":\"https:\/\/reich-log.com\/#website\"},\"datePublished\":\"2023-01-12T12:18:53+00:00\",\"dateModified\":\"2023-01-25T13:15:37+00:00\",\"breadcrumb\":{\"@id\":\"https:\/\/reich-log.com\/tr\/ocean-freight\/#breadcrumb\"},\"inLanguage\":\"tr\",\"potentialAction\":[{\"@type\":\"ReadAction\",\"target\":[\"https:\/\/reich-log.com\/tr\/ocean-freight\/\"]}]},{\"@type\":\"BreadcrumbList\",\"@id\":\"https:\/\/reich-log.com\/tr\/ocean-freight\/#breadcrumb\",\"itemListElement\":[{\"@type\":\"ListItem\",\"position\":1,\"name\":\"Home\",\"item\":\"https:\/\/reich-log.com\/\"},{\"@type\":\"ListItem\",\"position\":2,\"name\":\"Ocean Freight\"}]},{\"@type\":\"WebSite\",\"@id\":\"https:\/\/reich-log.com\/#website\",\"url\":\"https:\/\/reich-log.com\/\",\"name\":\"REICH | LOGISTICS SOLUTIONS\",\"description\":\"\",\"potentialAction\":[{\"@type\":\"SearchAction\",\"target\":{\"@type\":\"EntryPoint\",\"urlTemplate\":\"https:\/\/reich-log.com\/?s={search_term_string}\"},\"query-input\":\"required name=search_term_string\"}],\"inLanguage\":\"tr\"}]}<\/script>\n<!-- \/ Yoast SEO plugin. -->","yoast_head_json":{"title":"Ocean Freight - REICH | LOGISTICS SOLUTIONS","robots":{"index":"index","follow":"follow","max-snippet":"max-snippet:-1","max-image-preview":"max-image-preview:large","max-video-preview":"max-video-preview:-1"},"canonical":"https:\/\/reich-log.com\/tr\/ocean-freight\/","og_locale":"tr_TR","og_type":"article","og_title":"Ocean Freight - REICH | LOGISTICS SOLUTIONS","og_description":"Transport Services Air Freight Land Freight Ocean Freight Customs Clearance Warehousing Solutions Third Party Logistics Solutions (3PL) Our Logistics Solutions Ocean Freight As One Of The World\u2019s Leading Non-Vessel Operating Common Carriers (NVOCC), We Can Help You Assess And Select The Best Ocean Freight Service To Meet Your Needs.As a licensed ocean forwarder and NVOCC, [&hellip;]","og_url":"https:\/\/reich-log.com\/tr\/ocean-freight\/","og_site_name":"REICH | LOGISTICS SOLUTIONS","article_modified_time":"2023-01-25T13:15:37+00:00","og_image":[{"url":"https:\/\/reich-log.com\/wp-content\/uploads\/2023\/01\/sea-freight-services-1-1-1024x576.jpg"}],"twitter_card":"summary_large_image","twitter_misc":{"Tahmini okuma s\u00fcresi":"1 dakika"},"schema":{"@context":"https:\/\/schema.org","@graph":[{"@type":"WebPage","@id":"https:\/\/reich-log.com\/tr\/ocean-freight\/","url":"https:\/\/reich-log.com\/tr\/ocean-freight\/","name":"Ocean Freight - REICH | LOGISTICS SOLUTIONS","isPartOf":{"@id":"https:\/\/reich-log.com\/#website"},"datePublished":"2023-01-12T12:18:53+00:00","dateModified":"2023-01-25T13:15:37+00:00","breadcrumb":{"@id":"https:\/\/reich-log.com\/tr\/ocean-freight\/#breadcrumb"},"inLanguage":"tr","potentialAction":[{"@type":"ReadAction","target":["https:\/\/reich-log.com\/tr\/ocean-freight\/"]}]},{"@type":"BreadcrumbList","@id":"https:\/\/reich-log.com\/tr\/ocean-freight\/#breadcrumb","itemListElement":[{"@type":"ListItem","position":1,"name":"Home","item":"https:\/\/reich-log.com\/"},{"@type":"ListItem","position":2,"name":"Ocean Freight"}]},{"@type":"WebSite","@id":"https:\/\/reich-log.com\/#website","url":"https:\/\/reich-log.com\/","name":"REICH | LOGISTICS SOLUTIONS","description":"","potentialAction":[{"@type":"SearchAction","target":{"@type":"EntryPoint","urlTemplate":"https:\/\/reich-log.com\/?s={search_term_string}"},"query-input":"required name=search_term_string"}],"inLanguage":"tr"}]}},"_links":{"self":[{"href":"https:\/\/reich-log.com\/tr\/wp-json\/wp\/v2\/pages\/5559","targetHints":{"allow":["GET"]}}],"collection":[{"href":"https:\/\/reich-log.com\/tr\/wp-json\/wp\/v2\/pages"}],"about":[{"href":"https:\/\/reich-log.com\/tr\/wp-json\/wp\/v2\/types\/page"}],"author":[{"embeddable":true,"href":"https:\/\/reich-log.com\/tr\/wp-json\/wp\/v2\/users\/1"}],"replies":[{"embeddable":true,"href":"https:\/\/reich-log.com\/tr\/wp-json\/wp\/v2\/comments?post=5559"}],"version-history":[{"count":34,"href":"https:\/\/reich-log.com\/tr\/wp-json\/wp\/v2\/pages\/5559\/revisions"}],"predecessor-version":[{"id":6054,"href":"https:\/\/reich-log.com\/tr\/wp-json\/wp\/v2\/pages\/5559\/revisions\/6054"}],"wp:attachment":[{"href":"https:\/\/reich-log.com\/tr\/wp-json\/wp\/v2\/media?parent=5559"}],"curies":[{"name":"wp","href":"https:\/\/api.w.org\/{rel}","templated":true}]}}