{"id":5571,"date":"2023-01-12T12:49:44","date_gmt":"2023-01-12T12:49:44","guid":{"rendered":"https:\/\/reich-log.com\/?page_id=5571"},"modified":"2023-01-25T13:16:19","modified_gmt":"2023-01-25T13:16:19","slug":"land-freight","status":"publish","type":"page","link":"https:\/\/reich-log.com\/tr\/land-freight\/","title":{"rendered":"Kara ta\u015f\u0131mac\u0131l\u0131\u011f\u0131"},"content":{"rendered":"<div data-elementor-type=\"wp-page\" data-elementor-id=\"5571\" class=\"elementor elementor-5571\">\n\t\t\t\t\t\t\t\t\t<section class=\"elementor-section elementor-top-section elementor-element elementor-element-7927c54 elementor-section-stretched elementor-section-boxed elementor-section-height-default elementor-section-height-default\" data-id=\"7927c54\" data-element_type=\"section\" data-settings=\"{&quot;stretch_section&quot;:&quot;section-stretched&quot;}\">\n\t\t\t\t\t\t<div class=\"elementor-container elementor-column-gap-default\">\n\t\t\t\t\t<div class=\"elementor-column elementor-col-33 elementor-top-column elementor-element elementor-element-4b48e2f\" data-id=\"4b48e2f\" data-element_type=\"column\" data-settings=\"{&quot;background_background&quot;:&quot;classic&quot;}\">\n\t\t\t<div class=\"elementor-widget-wrap elementor-element-populated\">\n\t\t\t\t\t\t\t\t<div class=\"elementor-element elementor-element-dc0feb5 elementor-widget elementor-widget-heading\" data-id=\"dc0feb5\" data-element_type=\"widget\" data-widget_type=\"heading.default\">\n\t\t\t\t<div class=\"elementor-widget-container\">\n\t\t\t<style>\/*! elementor - v3.9.2 - 21-12-2022 *\/\n.elementor-heading-title{padding:0;margin:0;line-height:1}.elementor-widget-heading .elementor-heading-title[class*=elementor-size-]>a{color:inherit;font-size:inherit;line-height:inherit}.elementor-widget-heading .elementor-heading-title.elementor-size-small{font-size:15px}.elementor-widget-heading .elementor-heading-title.elementor-size-medium{font-size:19px}.elementor-widget-heading .elementor-heading-title.elementor-size-large{font-size:29px}.elementor-widget-heading .elementor-heading-title.elementor-size-xl{font-size:39px}.elementor-widget-heading .elementor-heading-title.elementor-size-xxl{font-size:59px}<\/style><h2 class=\"elementor-heading-title elementor-size-default\">Ula\u015ft\u0131rma servisleri<\/h2>\t\t<\/div>\n\t\t\t\t<\/div>\n\t\t\t\t<div class=\"elementor-element elementor-element-779fbf2 elementor-widget elementor-widget-infetech_elementor_menu_footer\" data-id=\"779fbf2\" data-element_type=\"widget\" data-widget_type=\"infetech_elementor_menu_footer.default\">\n\t\t\t\t<div class=\"elementor-widget-container\">\n\t\t\t\t\t<div class=\"ova-menu-footer\">\n\t\t\t<ul id=\"menu-serv\" class=\"menu\"><li id=\"menu-item-6040\" class=\"menu-item menu-item-type-post_type menu-item-object-page menu-item-6040\"><a href=\"https:\/\/reich-log.com\/tr\/air-freight\/\">Hava Ta\u015f\u0131mac\u0131l\u0131\u011f\u0131<\/a><\/li>\n<li id=\"menu-item-6038\" class=\"menu-item menu-item-type-post_type menu-item-object-page menu-item-6038\"><a href=\"https:\/\/reich-log.com\/tr\/land-freight\/\">Kara ta\u015f\u0131mac\u0131l\u0131\u011f\u0131<\/a><\/li>\n<li id=\"menu-item-6039\" class=\"menu-item menu-item-type-post_type menu-item-object-page menu-item-6039\"><a href=\"https:\/\/reich-log.com\/tr\/ocean-freight\/\">Deniz ta\u015f\u0131mac\u0131l\u0131\u011f\u0131<\/a><\/li>\n<li id=\"menu-item-6037\" class=\"menu-item menu-item-type-post_type menu-item-object-page menu-item-6037\"><a href=\"https:\/\/reich-log.com\/tr\/customs-clearance\/\">G\u00fcmr\u00fck i\u015flemleri<\/a><\/li>\n<li id=\"menu-item-6041\" class=\"menu-item menu-item-type-post_type menu-item-object-page menu-item-6041\"><a href=\"https:\/\/reich-log.com\/tr\/warehousing-solutions\/\">Depolama \u00c7\u00f6z\u00fcmleri<\/a><\/li>\n<li id=\"menu-item-6036\" class=\"menu-item menu-item-type-post_type menu-item-object-page menu-item-6036\"><a href=\"https:\/\/reich-log.com\/tr\/third-party-logistics-solutions-3pl\/\">\u00dc\u00e7\u00fcnc\u00fc Taraf Lojistik \u00c7\u00f6z\u00fcmleri (3PL)<\/a><\/li>\n<\/ul>\t\t<\/div>\n\n\t\t\t\t<\/div>\n\t\t\t\t<\/div>\n\t\t\t\t\t<\/div>\n\t\t<\/div>\n\t\t\t\t<div class=\"elementor-column elementor-col-33 elementor-top-column elementor-element elementor-element-6f34644\" data-id=\"6f34644\" data-element_type=\"column\">\n\t\t\t<div class=\"elementor-widget-wrap elementor-element-populated\">\n\t\t\t\t\t\t\t\t<div class=\"elementor-element elementor-element-fd8de9d elementor-widget elementor-widget-heading\" data-id=\"fd8de9d\" data-element_type=\"widget\" data-widget_type=\"heading.default\">\n\t\t\t\t<div class=\"elementor-widget-container\">\n\t\t\t<h2 class=\"elementor-heading-title elementor-size-default\">Lojistik \u00c7\u00f6z\u00fcmlerimiz\n\nKara ta\u015f\u0131mac\u0131l\u0131\u011f\u0131\n<\/h2>\t\t<\/div>\n\t\t\t\t<\/div>\n\t\t\t\t<div class=\"elementor-element elementor-element-388cf15 elementor-widget elementor-widget-text-editor\" data-id=\"388cf15\" data-element_type=\"widget\" data-widget_type=\"text-editor.default\">\n\t\t\t\t<div class=\"elementor-widget-container\">\n\t\t\t<style>\/*! elementor - v3.9.2 - 21-12-2022 *\/\n.elementor-widget-text-editor.elementor-drop-cap-view-stacked .elementor-drop-cap{background-color:#818a91;color:#fff}.elementor-widget-text-editor.elementor-drop-cap-view-framed .elementor-drop-cap{color:#818a91;border:3px solid;background-color:transparent}.elementor-widget-text-editor:not(.elementor-drop-cap-view-default) .elementor-drop-cap{margin-top:8px}.elementor-widget-text-editor:not(.elementor-drop-cap-view-default) .elementor-drop-cap-letter{width:1em;height:1em}.elementor-widget-text-editor .elementor-drop-cap{float:left;text-align:center;line-height:1;font-size:50px}.elementor-widget-text-editor .elementor-drop-cap-letter{display:inline-block}<\/style>\t\t\t\t<p>Commodity Forwarders, b\u00f6lge limanlar\u0131nda hem kamyon komisyoncusu hem de varl\u0131k ta\u015f\u0131y\u0131c\u0131s\u0131 olarak faaliyet g\u00f6stermektedir. Yerel teslim alma ve teslimattan, k\u0131y\u0131dan k\u0131y\u0131ya veya eyaletten eyalete kamyon ta\u015f\u0131mac\u0131l\u0131\u011f\u0131, REICH, kamyon ta\u015f\u0131mac\u0131l\u0131\u011f\u0131 ihtiya\u00e7lar\u0131n\u0131z\u0131 kar\u015f\u0131lamak i\u00e7in iyi bir konumdad\u0131r.<\/p><p>REICH, ister yerel ister b\u00f6lgesel olsun, mallar\u0131 G\u00fcmr\u00fckten ge\u00e7irerek nihai var\u0131\u015f noktas\u0131na kadar h\u0131zland\u0131ran s\u0131n\u0131r \u00f6tesi hizmetler sunar.<\/p><p>A\u011f esnekli\u011fine sahip tek kaynakl\u0131 bir da\u011f\u0131t\u0131m sa\u011flay\u0131c\u0131s\u0131 olarak REICH, mallar dururken veya hareket halindeyken tam sevkiyat g\u00f6r\u00fcn\u00fcrl\u00fc\u011f\u00fc de dahil olmak \u00fczere g\u00fcn\u00fcn her saati \u00e7al\u0131\u015fan tam ta\u015f\u0131mac\u0131l\u0131k ve a\u011f optimizasyonu y\u00f6netim hizmetleri sunarak m\u00fc\u015fteriler i\u00e7in de\u011fer yarat\u0131r. Bunu, ekibimizin filolar\u0131 y\u00f6netme ve kamyon komisyonculu\u011fu \u00e7\u00f6z\u00fcmleri geli\u015ftirme deneyimiyle birle\u015ftirin ve k\u00e2rl\u0131l\u0131\u011f\u0131n\u0131z i\u00e7in \u00f6l\u00e7\u00fclebilir sonu\u00e7lar elde edin.<\/p>\t\t\t\t\t\t<\/div>\n\t\t\t\t<\/div>\n\t\t\t\t\t<\/div>\n\t\t<\/div>\n\t\t\t\t<div class=\"elementor-column elementor-col-33 elementor-top-column elementor-element elementor-element-5b44113\" data-id=\"5b44113\" data-element_type=\"column\">\n\t\t\t<div class=\"elementor-widget-wrap elementor-element-populated\">\n\t\t\t\t\t\t\t\t<div class=\"elementor-element elementor-element-bd04abb elementor-widget elementor-widget-image\" data-id=\"bd04abb\" data-element_type=\"widget\" data-widget_type=\"image.default\">\n\t\t\t\t<div class=\"elementor-widget-container\">\n\t\t\t<style>\/*! elementor - v3.9.2 - 21-12-2022 *\/\n.elementor-widget-image{text-align:center}.elementor-widget-image a{display:inline-block}.elementor-widget-image a img[src$=\".svg\"]{width:48px}.elementor-widget-image img{vertical-align:middle;display:inline-block}<\/style>\t\t\t\t\t\t\t\t\t\t\t\t<img loading=\"lazy\" decoding=\"async\" width=\"759\" height=\"506\" src=\"https:\/\/reich-log.com\/wp-content\/uploads\/2023\/01\/5-Key-Things-You-Must-Consider-When-Choosing-The-Right-Freight-Forwarder-Partner-in-UAE-Clarion-Shipping-Services.jpg\" class=\"attachment-large size-large wp-image-5208\" alt=\"\" srcset=\"https:\/\/reich-log.com\/wp-content\/uploads\/2023\/01\/5-Key-Things-You-Must-Consider-When-Choosing-The-Right-Freight-Forwarder-Partner-in-UAE-Clarion-Shipping-Services.jpg 759w, https:\/\/reich-log.com\/wp-content\/uploads\/2023\/01\/5-Key-Things-You-Must-Consider-When-Choosing-The-Right-Freight-Forwarder-Partner-in-UAE-Clarion-Shipping-Services-300x200.jpg 300w\" sizes=\"auto, (max-width: 759px) 100vw, 759px\" \/>\t\t\t\t\t\t\t\t\t\t\t\t\t\t\t<\/div>\n\t\t\t\t<\/div>\n\t\t\t\t\t<\/div>\n\t\t<\/div>\n\t\t\t\t\t\t\t<\/div>\n\t\t<\/section>\n\t\t\t\t<section class=\"elementor-section elementor-top-section elementor-element elementor-element-9206ac7 elementor-section-boxed elementor-section-height-default elementor-section-height-default\" data-id=\"9206ac7\" data-element_type=\"section\">\n\t\t\t\t\t\t<div class=\"elementor-container elementor-column-gap-default\">\n\t\t\t\t\t<div class=\"elementor-column elementor-col-100 elementor-top-column elementor-element elementor-element-a795ff6\" data-id=\"a795ff6\" data-element_type=\"column\">\n\t\t\t<div class=\"elementor-widget-wrap elementor-element-populated\">\n\t\t\t\t\t\t\t\t<div class=\"elementor-element elementor-element-f138638 elementor-widget elementor-widget-html\" data-id=\"f138638\" data-element_type=\"widget\" data-widget_type=\"html.default\">\n\t\t\t\t<div class=\"elementor-widget-container\">\n\t\t\t<style>\n    .elementor-5571 .elementor-element.elementor-element-4b48e2f {\n   \n    height:390px;\n}\n<\/style>\t\t<\/div>\n\t\t\t\t<\/div>\n\t\t\t\t\t<\/div>\n\t\t<\/div>\n\t\t\t\t\t\t\t<\/div>\n\t\t<\/section>\n\t\t\t\t\t\t\t<\/div>","protected":false},"excerpt":{"rendered":"<p>Transport Services Air Freight Land Freight Ocean Freight Customs Clearance Warehousing Solutions Third Party Logistics Solutions (3PL) Our Logistics Solutions Land Freight Commodity Forwarders operates both as a truck broker and an asset carrier throughout the region ports. From local pickup and delivery, trucking coast to coast or state to state, REICH is well positioned [&hellip;]<\/p>","protected":false},"author":1,"featured_media":0,"parent":0,"menu_order":0,"comment_status":"closed","ping_status":"closed","template":"","meta":{"footnotes":""},"class_list":["post-5571","page","type-page","status-publish","hentry"],"yoast_head":"<!-- This site is optimized with the Yoast SEO plugin v20.1 - https:\/\/yoast.com\/wordpress\/plugins\/seo\/ -->\n<title>Land Freight - REICH | LOGISTICS SOLUTIONS<\/title>\n<meta name=\"robots\" content=\"index, follow, max-snippet:-1, max-image-preview:large, max-video-preview:-1\" \/>\n<link rel=\"canonical\" href=\"https:\/\/reich-log.com\/tr\/land-freight\/\" \/>\n<meta property=\"og:locale\" content=\"tr_TR\" \/>\n<meta property=\"og:type\" content=\"article\" \/>\n<meta property=\"og:title\" content=\"Land Freight - REICH | LOGISTICS SOLUTIONS\" \/>\n<meta property=\"og:description\" content=\"Transport Services Air Freight Land Freight Ocean Freight Customs Clearance Warehousing Solutions Third Party Logistics Solutions (3PL) Our Logistics Solutions Land Freight Commodity Forwarders operates both as a truck broker and an asset carrier throughout the region ports. From local pickup and delivery, trucking coast to coast or state to state, REICH is well positioned [&hellip;]\" \/>\n<meta property=\"og:url\" content=\"https:\/\/reich-log.com\/tr\/land-freight\/\" \/>\n<meta property=\"og:site_name\" content=\"REICH | LOGISTICS SOLUTIONS\" \/>\n<meta property=\"article:modified_time\" content=\"2023-01-25T13:16:19+00:00\" \/>\n<meta property=\"og:image\" content=\"https:\/\/reich-log.com\/wp-content\/uploads\/2023\/01\/5-Key-Things-You-Must-Consider-When-Choosing-The-Right-Freight-Forwarder-Partner-in-UAE-Clarion-Shipping-Services.jpg\" \/>\n<meta name=\"twitter:card\" content=\"summary_large_image\" \/>\n<meta name=\"twitter:label1\" content=\"Tahmini okuma s\u00fcresi\" \/>\n\t<meta name=\"twitter:data1\" content=\"1 dakika\" \/>\n<script type=\"application\/ld+json\" class=\"yoast-schema-graph\">{\"@context\":\"https:\/\/schema.org\",\"@graph\":[{\"@type\":\"WebPage\",\"@id\":\"https:\/\/reich-log.com\/land-freight\/\",\"url\":\"https:\/\/reich-log.com\/land-freight\/\",\"name\":\"Land Freight - REICH | LOGISTICS SOLUTIONS\",\"isPartOf\":{\"@id\":\"https:\/\/reich-log.com\/#website\"},\"datePublished\":\"2023-01-12T12:49:44+00:00\",\"dateModified\":\"2023-01-25T13:16:19+00:00\",\"breadcrumb\":{\"@id\":\"https:\/\/reich-log.com\/land-freight\/#breadcrumb\"},\"inLanguage\":\"tr\",\"potentialAction\":[{\"@type\":\"ReadAction\",\"target\":[\"https:\/\/reich-log.com\/land-freight\/\"]}]},{\"@type\":\"BreadcrumbList\",\"@id\":\"https:\/\/reich-log.com\/land-freight\/#breadcrumb\",\"itemListElement\":[{\"@type\":\"ListItem\",\"position\":1,\"name\":\"Home\",\"item\":\"https:\/\/reich-log.com\/\"},{\"@type\":\"ListItem\",\"position\":2,\"name\":\"Land Freight\"}]},{\"@type\":\"WebSite\",\"@id\":\"https:\/\/reich-log.com\/#website\",\"url\":\"https:\/\/reich-log.com\/\",\"name\":\"REICH | LOGISTICS SOLUTIONS\",\"description\":\"\",\"potentialAction\":[{\"@type\":\"SearchAction\",\"target\":{\"@type\":\"EntryPoint\",\"urlTemplate\":\"https:\/\/reich-log.com\/?s={search_term_string}\"},\"query-input\":\"required name=search_term_string\"}],\"inLanguage\":\"tr\"}]}<\/script>\n<!-- \/ Yoast SEO plugin. -->","yoast_head_json":{"title":"Land Freight - REICH | LOGISTICS SOLUTIONS","robots":{"index":"index","follow":"follow","max-snippet":"max-snippet:-1","max-image-preview":"max-image-preview:large","max-video-preview":"max-video-preview:-1"},"canonical":"https:\/\/reich-log.com\/tr\/land-freight\/","og_locale":"tr_TR","og_type":"article","og_title":"Land Freight - REICH | LOGISTICS SOLUTIONS","og_description":"Transport Services Air Freight Land Freight Ocean Freight Customs Clearance Warehousing Solutions Third Party Logistics Solutions (3PL) Our Logistics Solutions Land Freight Commodity Forwarders operates both as a truck broker and an asset carrier throughout the region ports. From local pickup and delivery, trucking coast to coast or state to state, REICH is well positioned [&hellip;]","og_url":"https:\/\/reich-log.com\/tr\/land-freight\/","og_site_name":"REICH | LOGISTICS SOLUTIONS","article_modified_time":"2023-01-25T13:16:19+00:00","og_image":[{"url":"https:\/\/reich-log.com\/wp-content\/uploads\/2023\/01\/5-Key-Things-You-Must-Consider-When-Choosing-The-Right-Freight-Forwarder-Partner-in-UAE-Clarion-Shipping-Services.jpg"}],"twitter_card":"summary_large_image","twitter_misc":{"Tahmini okuma s\u00fcresi":"1 dakika"},"schema":{"@context":"https:\/\/schema.org","@graph":[{"@type":"WebPage","@id":"https:\/\/reich-log.com\/land-freight\/","url":"https:\/\/reich-log.com\/land-freight\/","name":"Land Freight - REICH | LOGISTICS SOLUTIONS","isPartOf":{"@id":"https:\/\/reich-log.com\/#website"},"datePublished":"2023-01-12T12:49:44+00:00","dateModified":"2023-01-25T13:16:19+00:00","breadcrumb":{"@id":"https:\/\/reich-log.com\/land-freight\/#breadcrumb"},"inLanguage":"tr","potentialAction":[{"@type":"ReadAction","target":["https:\/\/reich-log.com\/land-freight\/"]}]},{"@type":"BreadcrumbList","@id":"https:\/\/reich-log.com\/land-freight\/#breadcrumb","itemListElement":[{"@type":"ListItem","position":1,"name":"Home","item":"https:\/\/reich-log.com\/"},{"@type":"ListItem","position":2,"name":"Land Freight"}]},{"@type":"WebSite","@id":"https:\/\/reich-log.com\/#website","url":"https:\/\/reich-log.com\/","name":"REICH | LOGISTICS SOLUTIONS","description":"","potentialAction":[{"@type":"SearchAction","target":{"@type":"EntryPoint","urlTemplate":"https:\/\/reich-log.com\/?s={search_term_string}"},"query-input":"required name=search_term_string"}],"inLanguage":"tr"}]}},"_links":{"self":[{"href":"https:\/\/reich-log.com\/tr\/wp-json\/wp\/v2\/pages\/5571","targetHints":{"allow":["GET"]}}],"collection":[{"href":"https:\/\/reich-log.com\/tr\/wp-json\/wp\/v2\/pages"}],"about":[{"href":"https:\/\/reich-log.com\/tr\/wp-json\/wp\/v2\/types\/page"}],"author":[{"embeddable":true,"href":"https:\/\/reich-log.com\/tr\/wp-json\/wp\/v2\/users\/1"}],"replies":[{"embeddable":true,"href":"https:\/\/reich-log.com\/tr\/wp-json\/wp\/v2\/comments?post=5571"}],"version-history":[{"count":25,"href":"https:\/\/reich-log.com\/tr\/wp-json\/wp\/v2\/pages\/5571\/revisions"}],"predecessor-version":[{"id":6057,"href":"https:\/\/reich-log.com\/tr\/wp-json\/wp\/v2\/pages\/5571\/revisions\/6057"}],"wp:attachment":[{"href":"https:\/\/reich-log.com\/tr\/wp-json\/wp\/v2\/media?parent=5571"}],"curies":[{"name":"wp","href":"https:\/\/api.w.org\/{rel}","templated":true}]}}