{"id":5590,"date":"2023-01-12T13:38:09","date_gmt":"2023-01-12T13:38:09","guid":{"rendered":"https:\/\/reich-log.com\/?page_id=5590"},"modified":"2023-01-15T07:05:12","modified_gmt":"2023-01-15T07:05:12","slug":"request-a-quote","status":"publish","type":"page","link":"https:\/\/reich-log.com\/tr\/request-a-quote\/","title":{"rendered":"Bir teklif iste\u011fi"},"content":{"rendered":"<div data-elementor-type=\"wp-page\" data-elementor-id=\"5590\" class=\"elementor elementor-5590\">\n\t\t\t\t\t\t\t\t\t<section class=\"elementor-section elementor-top-section elementor-element elementor-element-27ba22c elementor-section-stretched elementor-section-boxed elementor-section-height-default elementor-section-height-default\" data-id=\"27ba22c\" data-element_type=\"section\" data-settings=\"{&quot;background_background&quot;:&quot;classic&quot;,&quot;stretch_section&quot;:&quot;section-stretched&quot;}\">\n\t\t\t\t\t\t<div class=\"elementor-container elementor-column-gap-default\">\n\t\t\t\t\t<div class=\"elementor-column elementor-col-100 elementor-top-column elementor-element elementor-element-d73a7e9\" data-id=\"d73a7e9\" data-element_type=\"column\">\n\t\t\t<div class=\"elementor-widget-wrap elementor-element-populated\">\n\t\t\t\t\t\t\t\t<div class=\"elementor-element elementor-element-00eecb9 elementor-widget elementor-widget-shortcode\" data-id=\"00eecb9\" data-element_type=\"widget\" data-widget_type=\"shortcode.default\">\n\t\t\t\t<div class=\"elementor-widget-container\">\n\t\t\t\t\t<div class=\"elementor-shortcode\"><div class=\"wpcf7 no-js\" id=\"wpcf7-f5-o1\" lang=\"en-US\" dir=\"ltr\">\n<div class=\"screen-reader-response\"><p role=\"status\" aria-live=\"polite\" aria-atomic=\"true\"><\/p> <ul><\/ul><\/div>\n<form action=\"\/tr\/wp-json\/wp\/v2\/pages\/5590#wpcf7-f5-o1\" method=\"post\" class=\"wpcf7-form init\" aria-label=\"Contact form\" novalidate=\"novalidate\" data-status=\"init\" data-trp-original-action=\"\/tr\/wp-json\/wp\/v2\/pages\/5590#wpcf7-f5-o1\">\n<div style=\"display: none;\">\n<input type=\"hidden\" name=\"_wpcf7\" value=\"5\" \/>\n<input type=\"hidden\" name=\"_wpcf7_version\" value=\"5.7.2\" \/>\n<input type=\"hidden\" name=\"_wpcf7_locale\" value=\"en_US\" \/>\n<input type=\"hidden\" name=\"_wpcf7_unit_tag\" value=\"wpcf7-f5-o1\" \/>\n<input type=\"hidden\" name=\"_wpcf7_container_post\" value=\"0\" \/>\n<input type=\"hidden\" name=\"_wpcf7_posted_data_hash\" value=\"\" \/>\n<\/div>\n<p>Personal Data\n<\/p>\n<div class=\"ova-ctfrom7\">\n\t<div class=\"form-contact-us\">\n\t\t<div class=\"form-left\">\n\t\t\t<div class=\"name-info ova_wrap_input\">\n\t\t\t\t<p><span class=\"wpcf7-form-control-wrap\" data-name=\"fullname\"><input size=\"40\" class=\"wpcf7-form-control wpcf7-text wpcf7-validates-as-required\" aria-required=\"true\" aria-invalid=\"false\" placeholder=\"Ad\u0131n\u0131z\" value=\"\" type=\"text\" name=\"fullname\" \/><\/span>\n\t\t\t\t<\/p>\n\t\t\t<\/div>\n\t\t\t<div class=\"email ova_wrap_input\">\n\t\t\t\t<p><span class=\"wpcf7-form-control-wrap\" data-name=\"your-email\"><input size=\"40\" class=\"wpcf7-form-control wpcf7-text wpcf7-email wpcf7-validates-as-required wpcf7-validates-as-email\" aria-required=\"true\" aria-invalid=\"false\" placeholder=\"E-posta Adresi\" value=\"\" type=\"email\" name=\"your-email\" \/><\/span>\n\t\t\t\t<\/p>\n\t\t\t<\/div>\n\t\t\t<div class=\"name-info ova_wrap_input\">\n\t\t\t\t<p><span class=\"wpcf7-form-control-wrap\" data-name=\"phone\"><input size=\"40\" class=\"wpcf7-form-control wpcf7-text wpcf7-validates-as-required\" aria-required=\"true\" aria-invalid=\"false\" placeholder=\"Phone\" value=\"\" type=\"text\" name=\"phone\" \/><\/span>\n\t\t\t\t<\/p>\n\t\t\t<\/div>\n\t\t<\/div>\n\t\t<p>Shipment Data\n\t\t<\/p>\n\t\t<div class=\"form-right\">\n\t\t\t<div class=\"phone ova_wrap_input\">\n\t\t\t\t<p><span class=\"wpcf7-form-control-wrap\" data-name=\"freighttype\"><select class=\"wpcf7-form-control wpcf7-select\" aria-invalid=\"false\" name=\"freighttype\"><option value=\"freight type\">freight type<\/option><option value=\"Air Freight\">Hava Ta\u015f\u0131mac\u0131l\u0131\u011f\u0131<\/option><option value=\"Ocean Freight\">Deniz ta\u015f\u0131mac\u0131l\u0131\u011f\u0131<\/option><option value=\"Land Freight\">Kara ta\u015f\u0131mac\u0131l\u0131\u011f\u0131<\/option><\/select><\/span>\n\t\t\t\t<\/p>\n\t\t\t<\/div>\n\t\t\t<div class=\"subject ova_wrap_input\">\n\t\t\t\t<p><span class=\"wpcf7-form-control-wrap\" data-name=\"your-subject\"><input size=\"40\" class=\"wpcf7-form-control wpcf7-text wpcf7-validates-as-required\" aria-required=\"true\" aria-invalid=\"false\" placeholder=\"Ders\" value=\"\" type=\"text\" name=\"your-subject\" \/><\/span>\n\t\t\t\t<\/p>\n\t\t\t<\/div>\n\t\t\t<div class=\"message ova_wrap_input\">\n\t\t\t\t<p><span class=\"wpcf7-form-control-wrap\" data-name=\"your-xity\"><input size=\"40\" class=\"wpcf7-form-control wpcf7-text\" aria-invalid=\"false\" placeholder=\"City of departure\" value=\"\" type=\"text\" name=\"your-xity\" \/><\/span>\n\t\t\t\t<\/p>\n\t\t\t<\/div>\n\t\t<\/div>\n\t\t<div class=\"form-right\">\n\t\t\t<div class=\"phone ova_wrap_input\">\n\t\t\t\t<p><span class=\"wpcf7-form-control-wrap\" data-name=\"incoterms\"><select class=\"wpcf7-form-control wpcf7-select\" aria-invalid=\"false\" name=\"incoterms\"><option value=\"Incoterms\">Incoterms<\/option><option value=\"FOB\">FOB<\/option><option value=\"EXW\">EXW<\/option><option value=\"FCA\">FCA<\/option><\/select><\/span>\n\t\t\t\t<\/p>\n\t\t\t<\/div>\n\t\t\t<div class=\"subject ova_wrap_input\">\n\t\t\t\t<p><span class=\"wpcf7-form-control-wrap\" data-name=\"your-weight\"><input size=\"40\" class=\"wpcf7-form-control wpcf7-text wpcf7-validates-as-required\" aria-required=\"true\" aria-invalid=\"false\" placeholder=\"Weight\" value=\"\" type=\"text\" name=\"your-weight\" \/><\/span>\n\t\t\t\t<\/p>\n\t\t\t<\/div>\n\t\t\t<div class=\"message ova_wrap_input\">\n\t\t\t\t<p><span class=\"wpcf7-form-control-wrap\" data-name=\"your-height\"><input size=\"40\" class=\"wpcf7-form-control wpcf7-text\" aria-invalid=\"false\" placeholder=\"Height\" value=\"\" type=\"text\" name=\"your-height\" \/><\/span>\n\t\t\t\t<\/p>\n\t\t\t<\/div>\n\t\t\t<div class=\"subject ova_wrap_input\">\n\t\t\t\t<p><span class=\"wpcf7-form-control-wrap\" data-name=\"your-weight\"><input size=\"40\" class=\"wpcf7-form-control wpcf7-text wpcf7-validates-as-required\" aria-required=\"true\" aria-invalid=\"false\" placeholder=\"Weight\" value=\"\" type=\"text\" name=\"your-weight\" \/><\/span>\n\t\t\t\t<\/p>\n\t\t\t<\/div>\n\t\t\t<div class=\"message ova_wrap_input\">\n\t\t\t\t<p><span class=\"wpcf7-form-control-wrap\" data-name=\"your-height\"><input size=\"40\" class=\"wpcf7-form-control wpcf7-text\" aria-invalid=\"false\" placeholder=\"Height\" value=\"\" type=\"text\" name=\"your-height\" \/><\/span>\n\t\t\t\t<\/p>\n\t\t\t<\/div>\n\t\t<\/div>\n\t\t<p><span class=\"wpcf7-form-control-wrap\" data-name=\"checkbox-279\"><span class=\"wpcf7-form-control wpcf7-checkbox\"><span class=\"wpcf7-list-item first\"><label><input type=\"checkbox\" name=\"checkbox-279[]\" value=\"Fragile\" tabindex=\"\" \/><span class=\"wpcf7-list-item-label\">Fragile<\/span><\/label><\/span><span class=\"wpcf7-list-item\"><label><input type=\"checkbox\" name=\"checkbox-279[]\" value=\"Express delivery\" tabindex=\"\" \/><span class=\"wpcf7-list-item-label\">Express delivery<\/span><\/label><\/span><span class=\"wpcf7-list-item\"><label><input type=\"checkbox\" name=\"checkbox-279[]\" value=\"Insurance\" tabindex=\"\" \/><span class=\"wpcf7-list-item-label\">Insurance<\/span><\/label><\/span><span class=\"wpcf7-list-item last\"><label><input type=\"checkbox\" name=\"checkbox-279[]\" value=\"Packaging\" tabindex=\"\" \/><span class=\"wpcf7-list-item-label\">Packaging<\/span><\/label><\/span><\/span><\/span>\n\t\t<\/p>\n\t\t<div class=\"ova-submit\">\n\t\t\t<p><input class=\"wpcf7-form-control has-spinner wpcf7-submit\" type=\"submit\" value=\"Request A Quote\" \/>\n\t\t\t<\/p>\n\t\t<\/div>\n\t<\/div>\n<\/div><div class=\"wpcf7-response-output\" aria-hidden=\"true\"><\/div><input type=\"hidden\" name=\"trp-form-language\" value=\"tr\"\/><\/form><\/div><\/div>\n\t\t\t\t<\/div>\n\t\t\t\t<\/div>\n\t\t\t\t\t<\/div>\n\t\t<\/div>\n\t\t\t\t\t\t\t<\/div>\n\t\t<\/section>\n\t\t\t\t<section class=\"elementor-section elementor-top-section elementor-element elementor-element-fb248a1 elementor-section-boxed elementor-section-height-default elementor-section-height-default\" data-id=\"fb248a1\" data-element_type=\"section\">\n\t\t\t\t\t\t<div class=\"elementor-container elementor-column-gap-default\">\n\t\t\t\t\t<div class=\"elementor-column elementor-col-100 elementor-top-column elementor-element elementor-element-c3f208b\" data-id=\"c3f208b\" data-element_type=\"column\">\n\t\t\t<div class=\"elementor-widget-wrap elementor-element-populated\">\n\t\t\t\t\t\t\t\t<div class=\"elementor-element elementor-element-2151395 elementor-widget elementor-widget-html\" data-id=\"2151395\" data-element_type=\"widget\" data-widget_type=\"html.default\">\n\t\t\t\t<div class=\"elementor-widget-container\">\n\t\t\t<style>\n    .ova-ctfrom7 .form-contact-us input[type=text]{\n\n    height: 18px;\n}\n.ova-ctfrom7 .form-contact-us .ova_wrap_input {\n    width: 100%;\n    margin-bottom: 0px;\n}\n<\/style>\t\t<\/div>\n\t\t\t\t<\/div>\n\t\t\t\t\t<\/div>\n\t\t<\/div>\n\t\t\t\t\t\t\t<\/div>\n\t\t<\/section>\n\t\t\t\t\t\t\t<\/div>","protected":false},"excerpt":{"rendered":"","protected":false},"author":1,"featured_media":0,"parent":0,"menu_order":0,"comment_status":"closed","ping_status":"closed","template":"","meta":{"footnotes":""},"class_list":["post-5590","page","type-page","status-publish","hentry"],"yoast_head":"<!-- This site is optimized with the Yoast SEO plugin v20.1 - https:\/\/yoast.com\/wordpress\/plugins\/seo\/ -->\n<title>Request a quote - REICH | LOGISTICS SOLUTIONS<\/title>\n<meta name=\"robots\" content=\"index, follow, max-snippet:-1, max-image-preview:large, max-video-preview:-1\" \/>\n<link rel=\"canonical\" href=\"https:\/\/reich-log.com\/tr\/request-a-quote\/\" \/>\n<meta property=\"og:locale\" content=\"tr_TR\" \/>\n<meta property=\"og:type\" content=\"article\" \/>\n<meta property=\"og:title\" content=\"Request a quote - REICH | LOGISTICS SOLUTIONS\" \/>\n<meta property=\"og:url\" content=\"https:\/\/reich-log.com\/tr\/request-a-quote\/\" \/>\n<meta property=\"og:site_name\" content=\"REICH | LOGISTICS SOLUTIONS\" \/>\n<meta property=\"article:modified_time\" content=\"2023-01-15T07:05:12+00:00\" \/>\n<meta name=\"twitter:card\" content=\"summary_large_image\" \/>\n<script type=\"application\/ld+json\" class=\"yoast-schema-graph\">{\"@context\":\"https:\/\/schema.org\",\"@graph\":[{\"@type\":\"WebPage\",\"@id\":\"https:\/\/reich-log.com\/tr\/request-a-quote\/\",\"url\":\"https:\/\/reich-log.com\/tr\/request-a-quote\/\",\"name\":\"Request a quote - REICH | LOGISTICS SOLUTIONS\",\"isPartOf\":{\"@id\":\"https:\/\/reich-log.com\/#website\"},\"datePublished\":\"2023-01-12T13:38:09+00:00\",\"dateModified\":\"2023-01-15T07:05:12+00:00\",\"breadcrumb\":{\"@id\":\"https:\/\/reich-log.com\/tr\/request-a-quote\/#breadcrumb\"},\"inLanguage\":\"tr\",\"potentialAction\":[{\"@type\":\"ReadAction\",\"target\":[\"https:\/\/reich-log.com\/tr\/request-a-quote\/\"]}]},{\"@type\":\"BreadcrumbList\",\"@id\":\"https:\/\/reich-log.com\/tr\/request-a-quote\/#breadcrumb\",\"itemListElement\":[{\"@type\":\"ListItem\",\"position\":1,\"name\":\"Home\",\"item\":\"https:\/\/reich-log.com\/\"},{\"@type\":\"ListItem\",\"position\":2,\"name\":\"Request a quote\"}]},{\"@type\":\"WebSite\",\"@id\":\"https:\/\/reich-log.com\/#website\",\"url\":\"https:\/\/reich-log.com\/\",\"name\":\"REICH | LOGISTICS SOLUTIONS\",\"description\":\"\",\"potentialAction\":[{\"@type\":\"SearchAction\",\"target\":{\"@type\":\"EntryPoint\",\"urlTemplate\":\"https:\/\/reich-log.com\/?s={search_term_string}\"},\"query-input\":\"required name=search_term_string\"}],\"inLanguage\":\"tr\"}]}<\/script>\n<!-- \/ Yoast SEO plugin. -->","yoast_head_json":{"title":"Request a quote - REICH | LOGISTICS SOLUTIONS","robots":{"index":"index","follow":"follow","max-snippet":"max-snippet:-1","max-image-preview":"max-image-preview:large","max-video-preview":"max-video-preview:-1"},"canonical":"https:\/\/reich-log.com\/tr\/request-a-quote\/","og_locale":"tr_TR","og_type":"article","og_title":"Request a quote - REICH | LOGISTICS SOLUTIONS","og_url":"https:\/\/reich-log.com\/tr\/request-a-quote\/","og_site_name":"REICH | LOGISTICS SOLUTIONS","article_modified_time":"2023-01-15T07:05:12+00:00","twitter_card":"summary_large_image","schema":{"@context":"https:\/\/schema.org","@graph":[{"@type":"WebPage","@id":"https:\/\/reich-log.com\/tr\/request-a-quote\/","url":"https:\/\/reich-log.com\/tr\/request-a-quote\/","name":"Request a quote - REICH | LOGISTICS SOLUTIONS","isPartOf":{"@id":"https:\/\/reich-log.com\/#website"},"datePublished":"2023-01-12T13:38:09+00:00","dateModified":"2023-01-15T07:05:12+00:00","breadcrumb":{"@id":"https:\/\/reich-log.com\/tr\/request-a-quote\/#breadcrumb"},"inLanguage":"tr","potentialAction":[{"@type":"ReadAction","target":["https:\/\/reich-log.com\/tr\/request-a-quote\/"]}]},{"@type":"BreadcrumbList","@id":"https:\/\/reich-log.com\/tr\/request-a-quote\/#breadcrumb","itemListElement":[{"@type":"ListItem","position":1,"name":"Home","item":"https:\/\/reich-log.com\/"},{"@type":"ListItem","position":2,"name":"Request a quote"}]},{"@type":"WebSite","@id":"https:\/\/reich-log.com\/#website","url":"https:\/\/reich-log.com\/","name":"REICH | LOGISTICS SOLUTIONS","description":"","potentialAction":[{"@type":"SearchAction","target":{"@type":"EntryPoint","urlTemplate":"https:\/\/reich-log.com\/?s={search_term_string}"},"query-input":"required name=search_term_string"}],"inLanguage":"tr"}]}},"_links":{"self":[{"href":"https:\/\/reich-log.com\/tr\/wp-json\/wp\/v2\/pages\/5590","targetHints":{"allow":["GET"]}}],"collection":[{"href":"https:\/\/reich-log.com\/tr\/wp-json\/wp\/v2\/pages"}],"about":[{"href":"https:\/\/reich-log.com\/tr\/wp-json\/wp\/v2\/types\/page"}],"author":[{"embeddable":true,"href":"https:\/\/reich-log.com\/tr\/wp-json\/wp\/v2\/users\/1"}],"replies":[{"embeddable":true,"href":"https:\/\/reich-log.com\/tr\/wp-json\/wp\/v2\/comments?post=5590"}],"version-history":[{"count":11,"href":"https:\/\/reich-log.com\/tr\/wp-json\/wp\/v2\/pages\/5590\/revisions"}],"predecessor-version":[{"id":5601,"href":"https:\/\/reich-log.com\/tr\/wp-json\/wp\/v2\/pages\/5590\/revisions\/5601"}],"wp:attachment":[{"href":"https:\/\/reich-log.com\/tr\/wp-json\/wp\/v2\/media?parent=5590"}],"curies":[{"name":"wp","href":"https:\/\/api.w.org\/{rel}","templated":true}]}}