{"id":5714,"date":"2023-01-16T09:51:40","date_gmt":"2023-01-16T09:51:40","guid":{"rendered":"https:\/\/reich-log.com\/?page_id=5714"},"modified":"2023-01-25T13:17:17","modified_gmt":"2023-01-25T13:17:17","slug":"customs-clearance","status":"publish","type":"page","link":"https:\/\/reich-log.com\/tr\/customs-clearance\/","title":{"rendered":"G\u00fcmr\u00fck i\u015flemleri"},"content":{"rendered":"<div data-elementor-type=\"wp-page\" data-elementor-id=\"5714\" class=\"elementor elementor-5714\">\n\t\t\t\t\t\t\t\t\t<section class=\"elementor-section elementor-top-section elementor-element elementor-element-d94d9cd elementor-section-stretched elementor-section-boxed elementor-section-height-default elementor-section-height-default\" data-id=\"d94d9cd\" data-element_type=\"section\" data-settings=\"{&quot;stretch_section&quot;:&quot;section-stretched&quot;}\">\n\t\t\t\t\t\t<div class=\"elementor-container elementor-column-gap-default\">\n\t\t\t\t\t<div class=\"elementor-column elementor-col-33 elementor-top-column elementor-element elementor-element-d80ca87\" data-id=\"d80ca87\" data-element_type=\"column\" data-settings=\"{&quot;background_background&quot;:&quot;classic&quot;}\">\n\t\t\t<div class=\"elementor-widget-wrap elementor-element-populated\">\n\t\t\t\t\t\t\t\t<div class=\"elementor-element elementor-element-b4e1316 elementor-widget elementor-widget-heading\" data-id=\"b4e1316\" data-element_type=\"widget\" data-widget_type=\"heading.default\">\n\t\t\t\t<div class=\"elementor-widget-container\">\n\t\t\t<style>\/*! elementor - v3.9.2 - 21-12-2022 *\/\n.elementor-heading-title{padding:0;margin:0;line-height:1}.elementor-widget-heading .elementor-heading-title[class*=elementor-size-]>a{color:inherit;font-size:inherit;line-height:inherit}.elementor-widget-heading .elementor-heading-title.elementor-size-small{font-size:15px}.elementor-widget-heading .elementor-heading-title.elementor-size-medium{font-size:19px}.elementor-widget-heading .elementor-heading-title.elementor-size-large{font-size:29px}.elementor-widget-heading .elementor-heading-title.elementor-size-xl{font-size:39px}.elementor-widget-heading .elementor-heading-title.elementor-size-xxl{font-size:59px}<\/style><h2 class=\"elementor-heading-title elementor-size-default\">Ula\u015ft\u0131rma servisleri<\/h2>\t\t<\/div>\n\t\t\t\t<\/div>\n\t\t\t\t<div class=\"elementor-element elementor-element-32f93f2 elementor-widget elementor-widget-infetech_elementor_menu_footer\" data-id=\"32f93f2\" data-element_type=\"widget\" data-widget_type=\"infetech_elementor_menu_footer.default\">\n\t\t\t\t<div class=\"elementor-widget-container\">\n\t\t\t\t\t<div class=\"ova-menu-footer\">\n\t\t\t<ul id=\"menu-serv\" class=\"menu\"><li id=\"menu-item-6040\" class=\"menu-item menu-item-type-post_type menu-item-object-page menu-item-6040\"><a href=\"https:\/\/reich-log.com\/tr\/air-freight\/\">Hava Ta\u015f\u0131mac\u0131l\u0131\u011f\u0131<\/a><\/li>\n<li id=\"menu-item-6038\" class=\"menu-item menu-item-type-post_type menu-item-object-page menu-item-6038\"><a href=\"https:\/\/reich-log.com\/tr\/land-freight\/\">Kara ta\u015f\u0131mac\u0131l\u0131\u011f\u0131<\/a><\/li>\n<li id=\"menu-item-6039\" class=\"menu-item menu-item-type-post_type menu-item-object-page menu-item-6039\"><a href=\"https:\/\/reich-log.com\/tr\/ocean-freight\/\">Deniz ta\u015f\u0131mac\u0131l\u0131\u011f\u0131<\/a><\/li>\n<li id=\"menu-item-6037\" class=\"menu-item menu-item-type-post_type menu-item-object-page menu-item-6037\"><a href=\"https:\/\/reich-log.com\/tr\/customs-clearance\/\">G\u00fcmr\u00fck i\u015flemleri<\/a><\/li>\n<li id=\"menu-item-6041\" class=\"menu-item menu-item-type-post_type menu-item-object-page menu-item-6041\"><a href=\"https:\/\/reich-log.com\/tr\/warehousing-solutions\/\">Depolama \u00c7\u00f6z\u00fcmleri<\/a><\/li>\n<li id=\"menu-item-6036\" class=\"menu-item menu-item-type-post_type menu-item-object-page menu-item-6036\"><a href=\"https:\/\/reich-log.com\/tr\/third-party-logistics-solutions-3pl\/\">\u00dc\u00e7\u00fcnc\u00fc Taraf Lojistik \u00c7\u00f6z\u00fcmleri (3PL)<\/a><\/li>\n<\/ul>\t\t<\/div>\n\n\t\t\t\t<\/div>\n\t\t\t\t<\/div>\n\t\t\t\t\t<\/div>\n\t\t<\/div>\n\t\t\t\t<div class=\"elementor-column elementor-col-33 elementor-top-column elementor-element elementor-element-849795b\" data-id=\"849795b\" data-element_type=\"column\">\n\t\t\t<div class=\"elementor-widget-wrap elementor-element-populated\">\n\t\t\t\t\t\t\t\t<div class=\"elementor-element elementor-element-36a0f16 elementor-widget elementor-widget-heading\" data-id=\"36a0f16\" data-element_type=\"widget\" data-widget_type=\"heading.default\">\n\t\t\t\t<div class=\"elementor-widget-container\">\n\t\t\t<h2 class=\"elementor-heading-title elementor-size-default\">Lojistik \u00c7\u00f6z\u00fcmlerimiz\nG\u00fcmr\u00fck i\u015flemleri\n<\/h2>\t\t<\/div>\n\t\t\t\t<\/div>\n\t\t\t\t<div class=\"elementor-element elementor-element-f65a5c8 elementor-widget elementor-widget-text-editor\" data-id=\"f65a5c8\" data-element_type=\"widget\" data-widget_type=\"text-editor.default\">\n\t\t\t\t<div class=\"elementor-widget-container\">\n\t\t\t<style>\/*! elementor - v3.9.2 - 21-12-2022 *\/\n.elementor-widget-text-editor.elementor-drop-cap-view-stacked .elementor-drop-cap{background-color:#818a91;color:#fff}.elementor-widget-text-editor.elementor-drop-cap-view-framed .elementor-drop-cap{color:#818a91;border:3px solid;background-color:transparent}.elementor-widget-text-editor:not(.elementor-drop-cap-view-default) .elementor-drop-cap{margin-top:8px}.elementor-widget-text-editor:not(.elementor-drop-cap-view-default) .elementor-drop-cap-letter{width:1em;height:1em}.elementor-widget-text-editor .elementor-drop-cap{float:left;text-align:center;line-height:1;font-size:50px}.elementor-widget-text-editor .elementor-drop-cap-letter{display:inline-block}<\/style>\t\t\t\t<p>D\u00fcnyan\u0131n en h\u0131zl\u0131 tedarik zinciri, hedef \u00fclkenin G\u00fcmr\u00fck idaresi taraf\u0131ndan her zaman durdurulabilir. REICH, d\u00fczenlemeleri anlayan deneyimli G\u00fcmr\u00fck m\u00fc\u015favirlerinden olu\u015fmaktad\u0131r. Mallar\u0131n G\u00fcmr\u00fck ve di\u011fer d\u00fczenleyici kurumlar arac\u0131l\u0131\u011f\u0131yla ta\u015f\u0131nmas\u0131 i\u00e7in belgeler haz\u0131rlan\u0131r ve sunulur. REICH, m\u00fc\u015fterilerimizin tedarik zincirlerinin kap\u0131dan kap\u0131ya y\u00f6netimini sa\u011flar. REICH men\u015fe ofisleri, belgeleri g\u00f6ndericiden al\u0131r ve daha kargo gelmeden \u00f6nce belgeleri haz\u0131rlay\u0131p sunabilmemiz i\u00e7in G\u00fcmr\u00fck m\u00fc\u015favirlerimize \u00f6nceden sunar. REICH Worldwide'da hedefimiz, m\u00fc\u015fterilerimizin beklentilerini s\u00fcrekli olarak a\u015fmakt\u0131r. K\u00fclt\u00fcr\u00fcm\u00fcz, verimlili\u011fi art\u0131rmak ve istisnalar\u0131 azaltmak i\u00e7in kal\u0131c\u0131 \u00e7\u00f6z\u00fcmler sunmaya odaklanarak m\u00fc\u015fteri merkezli olmam\u0131z\u0131 sa\u011fl\u0131yor. M\u00fc\u015fterilerimizin ortaklar\u0131m\u0131z oldu\u011funa ve orta\u011f\u0131m\u0131z\u0131n ba\u015far\u0131s\u0131n\u0131n bizim ba\u015far\u0131m\u0131z i\u00e7in \u00e7ok \u00f6nemli oldu\u011funa inan\u0131yoruz.<\/p>\t\t\t\t\t\t<\/div>\n\t\t\t\t<\/div>\n\t\t\t\t\t<\/div>\n\t\t<\/div>\n\t\t\t\t<div class=\"elementor-column elementor-col-33 elementor-top-column elementor-element elementor-element-4443510\" data-id=\"4443510\" data-element_type=\"column\">\n\t\t\t<div class=\"elementor-widget-wrap elementor-element-populated\">\n\t\t\t\t\t\t\t\t<div class=\"elementor-element elementor-element-9feea45 elementor-widget elementor-widget-image\" data-id=\"9feea45\" data-element_type=\"widget\" data-widget_type=\"image.default\">\n\t\t\t\t<div class=\"elementor-widget-container\">\n\t\t\t<style>\/*! elementor - v3.9.2 - 21-12-2022 *\/\n.elementor-widget-image{text-align:center}.elementor-widget-image a{display:inline-block}.elementor-widget-image a img[src$=\".svg\"]{width:48px}.elementor-widget-image img{vertical-align:middle;display:inline-block}<\/style>\t\t\t\t\t\t\t\t\t\t\t\t<img loading=\"lazy\" decoding=\"async\" width=\"800\" height=\"505\" src=\"https:\/\/reich-log.com\/wp-content\/uploads\/2023\/01\/1-1024x646.jpeg\" class=\"attachment-large size-large wp-image-5719\" alt=\"\" srcset=\"https:\/\/reich-log.com\/wp-content\/uploads\/2023\/01\/1-1024x646.jpeg 1024w, https:\/\/reich-log.com\/wp-content\/uploads\/2023\/01\/1-300x189.jpeg 300w, https:\/\/reich-log.com\/wp-content\/uploads\/2023\/01\/1-768x485.jpeg 768w, https:\/\/reich-log.com\/wp-content\/uploads\/2023\/01\/1-1536x969.jpeg 1536w, https:\/\/reich-log.com\/wp-content\/uploads\/2023\/01\/1.jpeg 2048w\" sizes=\"auto, (max-width: 800px) 100vw, 800px\" \/>\t\t\t\t\t\t\t\t\t\t\t\t\t\t\t<\/div>\n\t\t\t\t<\/div>\n\t\t\t\t\t<\/div>\n\t\t<\/div>\n\t\t\t\t\t\t\t<\/div>\n\t\t<\/section>\n\t\t\t\t\t\t\t<\/div>","protected":false},"excerpt":{"rendered":"<p>Transport Services Air Freight Land Freight Ocean Freight Customs Clearance Warehousing Solutions Third Party Logistics Solutions (3PL) Our Logistics Solutions Customs Clearance The fastest supply chain in the world can always be stopped by the Customs authority of the destination country. REICH is staffed by experienced Customs brokers who understand the regulations. Documents are prepared [&hellip;]<\/p>","protected":false},"author":1,"featured_media":0,"parent":0,"menu_order":0,"comment_status":"closed","ping_status":"closed","template":"","meta":{"footnotes":""},"class_list":["post-5714","page","type-page","status-publish","hentry"],"yoast_head":"<!-- This site is optimized with the Yoast SEO plugin v20.1 - https:\/\/yoast.com\/wordpress\/plugins\/seo\/ -->\n<title>Customs Clearance - REICH | LOGISTICS SOLUTIONS<\/title>\n<meta name=\"robots\" content=\"index, follow, max-snippet:-1, max-image-preview:large, max-video-preview:-1\" \/>\n<link rel=\"canonical\" href=\"https:\/\/reich-log.com\/tr\/customs-clearance\/\" \/>\n<meta property=\"og:locale\" content=\"tr_TR\" \/>\n<meta property=\"og:type\" content=\"article\" \/>\n<meta property=\"og:title\" content=\"Customs Clearance - REICH | LOGISTICS SOLUTIONS\" \/>\n<meta property=\"og:description\" content=\"Transport Services Air Freight Land Freight Ocean Freight Customs Clearance Warehousing Solutions Third Party Logistics Solutions (3PL) Our Logistics Solutions Customs Clearance The fastest supply chain in the world can always be stopped by the Customs authority of the destination country. REICH is staffed by experienced Customs brokers who understand the regulations. Documents are prepared [&hellip;]\" \/>\n<meta property=\"og:url\" content=\"https:\/\/reich-log.com\/tr\/customs-clearance\/\" \/>\n<meta property=\"og:site_name\" content=\"REICH | LOGISTICS SOLUTIONS\" \/>\n<meta property=\"article:modified_time\" content=\"2023-01-25T13:17:17+00:00\" \/>\n<meta property=\"og:image\" content=\"https:\/\/reich-log.com\/wp-content\/uploads\/2023\/01\/1-1024x646.jpeg\" \/>\n<meta name=\"twitter:card\" content=\"summary_large_image\" \/>\n<meta name=\"twitter:label1\" content=\"Tahmini okuma s\u00fcresi\" \/>\n\t<meta name=\"twitter:data1\" content=\"1 dakika\" \/>\n<script type=\"application\/ld+json\" class=\"yoast-schema-graph\">{\"@context\":\"https:\/\/schema.org\",\"@graph\":[{\"@type\":\"WebPage\",\"@id\":\"https:\/\/reich-log.com\/tr\/customs-clearance\/\",\"url\":\"https:\/\/reich-log.com\/tr\/customs-clearance\/\",\"name\":\"Customs Clearance - REICH | LOGISTICS SOLUTIONS\",\"isPartOf\":{\"@id\":\"https:\/\/reich-log.com\/#website\"},\"datePublished\":\"2023-01-16T09:51:40+00:00\",\"dateModified\":\"2023-01-25T13:17:17+00:00\",\"breadcrumb\":{\"@id\":\"https:\/\/reich-log.com\/tr\/customs-clearance\/#breadcrumb\"},\"inLanguage\":\"tr\",\"potentialAction\":[{\"@type\":\"ReadAction\",\"target\":[\"https:\/\/reich-log.com\/tr\/customs-clearance\/\"]}]},{\"@type\":\"BreadcrumbList\",\"@id\":\"https:\/\/reich-log.com\/tr\/customs-clearance\/#breadcrumb\",\"itemListElement\":[{\"@type\":\"ListItem\",\"position\":1,\"name\":\"Home\",\"item\":\"https:\/\/reich-log.com\/\"},{\"@type\":\"ListItem\",\"position\":2,\"name\":\"Customs Clearance\"}]},{\"@type\":\"WebSite\",\"@id\":\"https:\/\/reich-log.com\/#website\",\"url\":\"https:\/\/reich-log.com\/\",\"name\":\"REICH | LOGISTICS SOLUTIONS\",\"description\":\"\",\"potentialAction\":[{\"@type\":\"SearchAction\",\"target\":{\"@type\":\"EntryPoint\",\"urlTemplate\":\"https:\/\/reich-log.com\/?s={search_term_string}\"},\"query-input\":\"required name=search_term_string\"}],\"inLanguage\":\"tr\"}]}<\/script>\n<!-- \/ Yoast SEO plugin. -->","yoast_head_json":{"title":"Customs Clearance - REICH | LOGISTICS SOLUTIONS","robots":{"index":"index","follow":"follow","max-snippet":"max-snippet:-1","max-image-preview":"max-image-preview:large","max-video-preview":"max-video-preview:-1"},"canonical":"https:\/\/reich-log.com\/tr\/customs-clearance\/","og_locale":"tr_TR","og_type":"article","og_title":"Customs Clearance - REICH | LOGISTICS SOLUTIONS","og_description":"Transport Services Air Freight Land Freight Ocean Freight Customs Clearance Warehousing Solutions Third Party Logistics Solutions (3PL) Our Logistics Solutions Customs Clearance The fastest supply chain in the world can always be stopped by the Customs authority of the destination country. REICH is staffed by experienced Customs brokers who understand the regulations. Documents are prepared [&hellip;]","og_url":"https:\/\/reich-log.com\/tr\/customs-clearance\/","og_site_name":"REICH | LOGISTICS SOLUTIONS","article_modified_time":"2023-01-25T13:17:17+00:00","og_image":[{"url":"https:\/\/reich-log.com\/wp-content\/uploads\/2023\/01\/1-1024x646.jpeg"}],"twitter_card":"summary_large_image","twitter_misc":{"Tahmini okuma s\u00fcresi":"1 dakika"},"schema":{"@context":"https:\/\/schema.org","@graph":[{"@type":"WebPage","@id":"https:\/\/reich-log.com\/tr\/customs-clearance\/","url":"https:\/\/reich-log.com\/tr\/customs-clearance\/","name":"Customs Clearance - REICH | LOGISTICS SOLUTIONS","isPartOf":{"@id":"https:\/\/reich-log.com\/#website"},"datePublished":"2023-01-16T09:51:40+00:00","dateModified":"2023-01-25T13:17:17+00:00","breadcrumb":{"@id":"https:\/\/reich-log.com\/tr\/customs-clearance\/#breadcrumb"},"inLanguage":"tr","potentialAction":[{"@type":"ReadAction","target":["https:\/\/reich-log.com\/tr\/customs-clearance\/"]}]},{"@type":"BreadcrumbList","@id":"https:\/\/reich-log.com\/tr\/customs-clearance\/#breadcrumb","itemListElement":[{"@type":"ListItem","position":1,"name":"Home","item":"https:\/\/reich-log.com\/"},{"@type":"ListItem","position":2,"name":"Customs Clearance"}]},{"@type":"WebSite","@id":"https:\/\/reich-log.com\/#website","url":"https:\/\/reich-log.com\/","name":"REICH | LOGISTICS SOLUTIONS","description":"","potentialAction":[{"@type":"SearchAction","target":{"@type":"EntryPoint","urlTemplate":"https:\/\/reich-log.com\/?s={search_term_string}"},"query-input":"required name=search_term_string"}],"inLanguage":"tr"}]}},"_links":{"self":[{"href":"https:\/\/reich-log.com\/tr\/wp-json\/wp\/v2\/pages\/5714","targetHints":{"allow":["GET"]}}],"collection":[{"href":"https:\/\/reich-log.com\/tr\/wp-json\/wp\/v2\/pages"}],"about":[{"href":"https:\/\/reich-log.com\/tr\/wp-json\/wp\/v2\/types\/page"}],"author":[{"embeddable":true,"href":"https:\/\/reich-log.com\/tr\/wp-json\/wp\/v2\/users\/1"}],"replies":[{"embeddable":true,"href":"https:\/\/reich-log.com\/tr\/wp-json\/wp\/v2\/comments?post=5714"}],"version-history":[{"count":22,"href":"https:\/\/reich-log.com\/tr\/wp-json\/wp\/v2\/pages\/5714\/revisions"}],"predecessor-version":[{"id":6060,"href":"https:\/\/reich-log.com\/tr\/wp-json\/wp\/v2\/pages\/5714\/revisions\/6060"}],"wp:attachment":[{"href":"https:\/\/reich-log.com\/tr\/wp-json\/wp\/v2\/media?parent=5714"}],"curies":[{"name":"wp","href":"https:\/\/api.w.org\/{rel}","templated":true}]}}