{"id":5971,"date":"2023-01-23T12:32:39","date_gmt":"2023-01-23T12:32:39","guid":{"rendered":"https:\/\/reich-log.com\/?page_id=5971"},"modified":"2023-01-25T13:18:38","modified_gmt":"2023-01-25T13:18:38","slug":"third-party-logistics-solutions-3pl","status":"publish","type":"page","link":"https:\/\/reich-log.com\/tr\/third-party-logistics-solutions-3pl\/","title":{"rendered":"\u00dc\u00e7\u00fcnc\u00fc Taraf Lojistik \u00c7\u00f6z\u00fcmleri (3PL)"},"content":{"rendered":"<div data-elementor-type=\"wp-page\" data-elementor-id=\"5971\" class=\"elementor elementor-5971\">\n\t\t\t\t\t\t\t\t\t<section class=\"elementor-section elementor-top-section elementor-element elementor-element-620cb66 elementor-section-stretched elementor-section-boxed elementor-section-height-default elementor-section-height-default\" data-id=\"620cb66\" data-element_type=\"section\" data-settings=\"{&quot;stretch_section&quot;:&quot;section-stretched&quot;}\">\n\t\t\t\t\t\t<div class=\"elementor-container elementor-column-gap-default\">\n\t\t\t\t\t<div class=\"elementor-column elementor-col-33 elementor-top-column elementor-element elementor-element-19c0256\" data-id=\"19c0256\" data-element_type=\"column\" data-settings=\"{&quot;background_background&quot;:&quot;classic&quot;}\">\n\t\t\t<div class=\"elementor-widget-wrap elementor-element-populated\">\n\t\t\t\t\t\t\t\t<div class=\"elementor-element elementor-element-76596ec elementor-widget elementor-widget-heading\" data-id=\"76596ec\" data-element_type=\"widget\" data-widget_type=\"heading.default\">\n\t\t\t\t<div class=\"elementor-widget-container\">\n\t\t\t<style>\/*! elementor - v3.9.2 - 21-12-2022 *\/\n.elementor-heading-title{padding:0;margin:0;line-height:1}.elementor-widget-heading .elementor-heading-title[class*=elementor-size-]>a{color:inherit;font-size:inherit;line-height:inherit}.elementor-widget-heading .elementor-heading-title.elementor-size-small{font-size:15px}.elementor-widget-heading .elementor-heading-title.elementor-size-medium{font-size:19px}.elementor-widget-heading .elementor-heading-title.elementor-size-large{font-size:29px}.elementor-widget-heading .elementor-heading-title.elementor-size-xl{font-size:39px}.elementor-widget-heading .elementor-heading-title.elementor-size-xxl{font-size:59px}<\/style><h2 class=\"elementor-heading-title elementor-size-default\">Ula\u015ft\u0131rma servisleri<\/h2>\t\t<\/div>\n\t\t\t\t<\/div>\n\t\t\t\t<div class=\"elementor-element elementor-element-8f14bee elementor-widget elementor-widget-infetech_elementor_menu_footer\" data-id=\"8f14bee\" data-element_type=\"widget\" data-widget_type=\"infetech_elementor_menu_footer.default\">\n\t\t\t\t<div class=\"elementor-widget-container\">\n\t\t\t\t\t<div class=\"ova-menu-footer\">\n\t\t\t<ul id=\"menu-serv\" class=\"menu\"><li id=\"menu-item-6040\" class=\"menu-item menu-item-type-post_type menu-item-object-page menu-item-6040\"><a href=\"https:\/\/reich-log.com\/tr\/air-freight\/\">Hava Ta\u015f\u0131mac\u0131l\u0131\u011f\u0131<\/a><\/li>\n<li id=\"menu-item-6038\" class=\"menu-item menu-item-type-post_type menu-item-object-page menu-item-6038\"><a href=\"https:\/\/reich-log.com\/tr\/land-freight\/\">Kara ta\u015f\u0131mac\u0131l\u0131\u011f\u0131<\/a><\/li>\n<li id=\"menu-item-6039\" class=\"menu-item menu-item-type-post_type menu-item-object-page menu-item-6039\"><a href=\"https:\/\/reich-log.com\/tr\/ocean-freight\/\">Deniz ta\u015f\u0131mac\u0131l\u0131\u011f\u0131<\/a><\/li>\n<li id=\"menu-item-6037\" class=\"menu-item menu-item-type-post_type menu-item-object-page menu-item-6037\"><a href=\"https:\/\/reich-log.com\/tr\/customs-clearance\/\">G\u00fcmr\u00fck i\u015flemleri<\/a><\/li>\n<li id=\"menu-item-6041\" class=\"menu-item menu-item-type-post_type menu-item-object-page menu-item-6041\"><a href=\"https:\/\/reich-log.com\/tr\/warehousing-solutions\/\">Depolama \u00c7\u00f6z\u00fcmleri<\/a><\/li>\n<li id=\"menu-item-6036\" class=\"menu-item menu-item-type-post_type menu-item-object-page menu-item-6036\"><a href=\"https:\/\/reich-log.com\/tr\/third-party-logistics-solutions-3pl\/\">\u00dc\u00e7\u00fcnc\u00fc Taraf Lojistik \u00c7\u00f6z\u00fcmleri (3PL)<\/a><\/li>\n<\/ul>\t\t<\/div>\n\n\t\t\t\t<\/div>\n\t\t\t\t<\/div>\n\t\t\t\t\t<\/div>\n\t\t<\/div>\n\t\t\t\t<div class=\"elementor-column elementor-col-66 elementor-top-column elementor-element elementor-element-c6ec32a\" data-id=\"c6ec32a\" data-element_type=\"column\">\n\t\t\t<div class=\"elementor-widget-wrap elementor-element-populated\">\n\t\t\t\t\t\t\t\t<div class=\"elementor-element elementor-element-dd9a45a elementor-widget elementor-widget-text-editor\" data-id=\"dd9a45a\" data-element_type=\"widget\" data-widget_type=\"text-editor.default\">\n\t\t\t\t<div class=\"elementor-widget-container\">\n\t\t\t<style>\/*! elementor - v3.9.2 - 21-12-2022 *\/\n.elementor-widget-text-editor.elementor-drop-cap-view-stacked .elementor-drop-cap{background-color:#818a91;color:#fff}.elementor-widget-text-editor.elementor-drop-cap-view-framed .elementor-drop-cap{color:#818a91;border:3px solid;background-color:transparent}.elementor-widget-text-editor:not(.elementor-drop-cap-view-default) .elementor-drop-cap{margin-top:8px}.elementor-widget-text-editor:not(.elementor-drop-cap-view-default) .elementor-drop-cap-letter{width:1em;height:1em}.elementor-widget-text-editor .elementor-drop-cap{float:left;text-align:center;line-height:1;font-size:50px}.elementor-widget-text-editor .elementor-drop-cap-letter{display:inline-block}<\/style>\t\t\t\t<h2>Ki\u015fiye \u00f6zel hizmetler<\/h2>\t\t\t\t\t\t<\/div>\n\t\t\t\t<\/div>\n\t\t\t\t<div class=\"elementor-element elementor-element-9c0ff81 elementor-widget elementor-widget-text-editor\" data-id=\"9c0ff81\" data-element_type=\"widget\" data-widget_type=\"text-editor.default\">\n\t\t\t\t<div class=\"elementor-widget-container\">\n\t\t\t\t\t\t\t<div class=\"custom-heading-01\"><div class=\"feature-box custom-background bkg-color-red dark\"><div class=\"text-container\"><h3><span style=\"color: #ffffff;\">3PL Lojistik Hizmetlerimiz ile lojisti\u011finiz \u00fczerinde tam ve \u00f6zelle\u015ftirilmi\u015f kontrol elde edin.<\/span><\/h3><\/div><\/div><\/div>\t\t\t\t\t\t<\/div>\n\t\t\t\t<\/div>\n\t\t\t\t<div class=\"elementor-element elementor-element-8effdaa elementor-widget elementor-widget-text-editor\" data-id=\"8effdaa\" data-element_type=\"widget\" data-widget_type=\"text-editor.default\">\n\t\t\t\t<div class=\"elementor-widget-container\">\n\t\t\t\t\t\t\t<p>3PL B\u00f6l\u00fcm\u00fcm\u00fcz ile tedarik, \u00fcretim ve da\u011f\u0131t\u0131m lojisti\u011finin t\u00fcm konular\u0131n\u0131 planlayabilir, y\u00fcr\u00fctebilir ve kontrol edebilirsiniz, b\u00f6ylece ana i\u015finize konsantre olabilir ve gerisini bize b\u0131rakabilirsiniz.<\/p><p>B\u00fcy\u00fck bir k\u00fcresel 3PL Lojistik \u015eirketi olarak, m\u00fc\u015fterilerimize t\u00fcm lojistik ihtiya\u00e7lar\u0131 i\u00e7in en iyi \u00e7\u00f6z\u00fcmleri sunmaya inan\u0131yoruz. Bu nedenle, Tedarik Zincirinizden en iyi \u015fekilde yararlanabilmeniz i\u00e7in hedefleri belirleyen ve teslim edilebilir ve \u00f6l\u00e7\u00fclebilir lojistik kilometre ta\u015flar\u0131 belirleyen \u00f6zelle\u015ftirilmi\u015f lojistik \u00e7\u00f6z\u00fcmler sunuyoruz.<\/p><p>\u00dcst\u00fcn depolama ve birincil ve ikincil da\u011f\u0131t\u0131m hizmetlerinin yan\u0131 s\u0131ra \u00e7ok modlu nakliye, g\u00fcmr\u00fckleme ve kap\u0131 teslimatlar\u0131 dahil olmak \u00fczere tedarik zinciri \u00e7\u00f6z\u00fcmleri sunan bir \u00dc\u00e7\u00fcnc\u00fc Taraf Lojistik Sa\u011flay\u0131c\u0131s\u0131y\u0131z. Kiral\u0131k depolar\u0131m\u0131z ve da\u011f\u0131t\u0131m merkezlerimiz en modern malzeme ta\u015f\u0131ma tesisleri ile donat\u0131lm\u0131\u015ft\u0131r. 3PL Lojistik Hizmetlerimizin merkezinde, lojisti\u011fin t\u00fcm temel unsurlar\u0131n\u0131 dikkate alarak ve daha g\u00fc\u00e7l\u00fc bir tedarik zinciri olu\u015fturarak lojistik ve planlama hedeflerinize zahmetsizce ula\u015fman\u0131za yard\u0131mc\u0131 olan Depo Y\u00f6netim Sistemi Yaz\u0131l\u0131m\u0131m\u0131z yer al\u0131r.<\/p>\t\t\t\t\t\t<\/div>\n\t\t\t\t<\/div>\n\t\t\t\t\t<\/div>\n\t\t<\/div>\n\t\t\t\t\t\t\t<\/div>\n\t\t<\/section>\n\t\t\t\t<section class=\"elementor-section elementor-top-section elementor-element elementor-element-85feb1e elementor-section-boxed elementor-section-height-default elementor-section-height-default\" data-id=\"85feb1e\" data-element_type=\"section\">\n\t\t\t\t\t\t<div class=\"elementor-container elementor-column-gap-default\">\n\t\t\t\t\t<div class=\"elementor-column elementor-col-100 elementor-top-column elementor-element elementor-element-fa7e55f\" data-id=\"fa7e55f\" data-element_type=\"column\">\n\t\t\t<div class=\"elementor-widget-wrap elementor-element-populated\">\n\t\t\t\t\t\t\t\t<div class=\"elementor-element elementor-element-e9e3312 elementor-widget elementor-widget-html\" data-id=\"e9e3312\" data-element_type=\"widget\" data-widget_type=\"html.default\">\n\t\t\t\t<div class=\"elementor-widget-container\">\n\t\t\t<style>\n    .elementor-5538 .elementor-element.elementor-element-b7e0dce {\n   \n    height: 392px;\n}\n<\/style>\t\t<\/div>\n\t\t\t\t<\/div>\n\t\t\t\t\t<\/div>\n\t\t<\/div>\n\t\t\t\t\t\t\t<\/div>\n\t\t<\/section>\n\t\t\t\t\t\t\t<\/div>","protected":false},"excerpt":{"rendered":"<p>Transport Services Air Freight Land Freight Ocean Freight Customs Clearance Warehousing Solutions Third Party Logistics Solutions (3PL) Tailor-made services Gain complete and customized control over your logistics , with our 3PL Logistics Services. With our 3PL Division, you can plan, execute and control all matters of procurement, production as well as distribution logistics so that [&hellip;]<\/p>","protected":false},"author":1,"featured_media":0,"parent":0,"menu_order":0,"comment_status":"closed","ping_status":"closed","template":"","meta":{"footnotes":""},"class_list":["post-5971","page","type-page","status-publish","hentry"],"yoast_head":"<!-- This site is optimized with the Yoast SEO plugin v20.1 - https:\/\/yoast.com\/wordpress\/plugins\/seo\/ -->\n<title>Third Party Logistics Solutions (3PL) - REICH | LOGISTICS SOLUTIONS<\/title>\n<meta name=\"robots\" content=\"index, follow, max-snippet:-1, max-image-preview:large, max-video-preview:-1\" \/>\n<link rel=\"canonical\" href=\"https:\/\/reich-log.com\/tr\/third-party-logistics-solutions-3pl\/\" \/>\n<meta property=\"og:locale\" content=\"tr_TR\" \/>\n<meta property=\"og:type\" content=\"article\" \/>\n<meta property=\"og:title\" content=\"Third Party Logistics Solutions (3PL) - REICH | LOGISTICS SOLUTIONS\" \/>\n<meta property=\"og:description\" content=\"Transport Services Air Freight Land Freight Ocean Freight Customs Clearance Warehousing Solutions Third Party Logistics Solutions (3PL) Tailor-made services Gain complete and customized control over your logistics , with our 3PL Logistics Services. With our 3PL Division, you can plan, execute and control all matters of procurement, production as well as distribution logistics so that [&hellip;]\" \/>\n<meta property=\"og:url\" content=\"https:\/\/reich-log.com\/tr\/third-party-logistics-solutions-3pl\/\" \/>\n<meta property=\"og:site_name\" content=\"REICH | LOGISTICS SOLUTIONS\" \/>\n<meta property=\"article:modified_time\" content=\"2023-01-25T13:18:38+00:00\" \/>\n<meta name=\"twitter:card\" content=\"summary_large_image\" \/>\n<meta name=\"twitter:label1\" content=\"Tahmini okuma s\u00fcresi\" \/>\n\t<meta name=\"twitter:data1\" content=\"1 dakika\" \/>\n<script type=\"application\/ld+json\" class=\"yoast-schema-graph\">{\"@context\":\"https:\/\/schema.org\",\"@graph\":[{\"@type\":\"WebPage\",\"@id\":\"https:\/\/reich-log.com\/third-party-logistics-solutions-3pl\/\",\"url\":\"https:\/\/reich-log.com\/third-party-logistics-solutions-3pl\/\",\"name\":\"Third Party Logistics Solutions (3PL) - REICH | LOGISTICS SOLUTIONS\",\"isPartOf\":{\"@id\":\"https:\/\/reich-log.com\/#website\"},\"datePublished\":\"2023-01-23T12:32:39+00:00\",\"dateModified\":\"2023-01-25T13:18:38+00:00\",\"breadcrumb\":{\"@id\":\"https:\/\/reich-log.com\/third-party-logistics-solutions-3pl\/#breadcrumb\"},\"inLanguage\":\"tr\",\"potentialAction\":[{\"@type\":\"ReadAction\",\"target\":[\"https:\/\/reich-log.com\/third-party-logistics-solutions-3pl\/\"]}]},{\"@type\":\"BreadcrumbList\",\"@id\":\"https:\/\/reich-log.com\/third-party-logistics-solutions-3pl\/#breadcrumb\",\"itemListElement\":[{\"@type\":\"ListItem\",\"position\":1,\"name\":\"Home\",\"item\":\"https:\/\/reich-log.com\/\"},{\"@type\":\"ListItem\",\"position\":2,\"name\":\"Third Party Logistics Solutions (3PL)\"}]},{\"@type\":\"WebSite\",\"@id\":\"https:\/\/reich-log.com\/#website\",\"url\":\"https:\/\/reich-log.com\/\",\"name\":\"REICH | LOGISTICS SOLUTIONS\",\"description\":\"\",\"potentialAction\":[{\"@type\":\"SearchAction\",\"target\":{\"@type\":\"EntryPoint\",\"urlTemplate\":\"https:\/\/reich-log.com\/?s={search_term_string}\"},\"query-input\":\"required name=search_term_string\"}],\"inLanguage\":\"tr\"}]}<\/script>\n<!-- \/ Yoast SEO plugin. -->","yoast_head_json":{"title":"Third Party Logistics Solutions (3PL) - REICH | LOGISTICS SOLUTIONS","robots":{"index":"index","follow":"follow","max-snippet":"max-snippet:-1","max-image-preview":"max-image-preview:large","max-video-preview":"max-video-preview:-1"},"canonical":"https:\/\/reich-log.com\/tr\/third-party-logistics-solutions-3pl\/","og_locale":"tr_TR","og_type":"article","og_title":"Third Party Logistics Solutions (3PL) - REICH | LOGISTICS SOLUTIONS","og_description":"Transport Services Air Freight Land Freight Ocean Freight Customs Clearance Warehousing Solutions Third Party Logistics Solutions (3PL) Tailor-made services Gain complete and customized control over your logistics , with our 3PL Logistics Services. With our 3PL Division, you can plan, execute and control all matters of procurement, production as well as distribution logistics so that [&hellip;]","og_url":"https:\/\/reich-log.com\/tr\/third-party-logistics-solutions-3pl\/","og_site_name":"REICH | LOGISTICS SOLUTIONS","article_modified_time":"2023-01-25T13:18:38+00:00","twitter_card":"summary_large_image","twitter_misc":{"Tahmini okuma s\u00fcresi":"1 dakika"},"schema":{"@context":"https:\/\/schema.org","@graph":[{"@type":"WebPage","@id":"https:\/\/reich-log.com\/third-party-logistics-solutions-3pl\/","url":"https:\/\/reich-log.com\/third-party-logistics-solutions-3pl\/","name":"Third Party Logistics Solutions (3PL) - REICH | LOGISTICS SOLUTIONS","isPartOf":{"@id":"https:\/\/reich-log.com\/#website"},"datePublished":"2023-01-23T12:32:39+00:00","dateModified":"2023-01-25T13:18:38+00:00","breadcrumb":{"@id":"https:\/\/reich-log.com\/third-party-logistics-solutions-3pl\/#breadcrumb"},"inLanguage":"tr","potentialAction":[{"@type":"ReadAction","target":["https:\/\/reich-log.com\/third-party-logistics-solutions-3pl\/"]}]},{"@type":"BreadcrumbList","@id":"https:\/\/reich-log.com\/third-party-logistics-solutions-3pl\/#breadcrumb","itemListElement":[{"@type":"ListItem","position":1,"name":"Home","item":"https:\/\/reich-log.com\/"},{"@type":"ListItem","position":2,"name":"Third Party Logistics Solutions (3PL)"}]},{"@type":"WebSite","@id":"https:\/\/reich-log.com\/#website","url":"https:\/\/reich-log.com\/","name":"REICH | LOGISTICS SOLUTIONS","description":"","potentialAction":[{"@type":"SearchAction","target":{"@type":"EntryPoint","urlTemplate":"https:\/\/reich-log.com\/?s={search_term_string}"},"query-input":"required name=search_term_string"}],"inLanguage":"tr"}]}},"_links":{"self":[{"href":"https:\/\/reich-log.com\/tr\/wp-json\/wp\/v2\/pages\/5971","targetHints":{"allow":["GET"]}}],"collection":[{"href":"https:\/\/reich-log.com\/tr\/wp-json\/wp\/v2\/pages"}],"about":[{"href":"https:\/\/reich-log.com\/tr\/wp-json\/wp\/v2\/types\/page"}],"author":[{"embeddable":true,"href":"https:\/\/reich-log.com\/tr\/wp-json\/wp\/v2\/users\/1"}],"replies":[{"embeddable":true,"href":"https:\/\/reich-log.com\/tr\/wp-json\/wp\/v2\/comments?post=5971"}],"version-history":[{"count":22,"href":"https:\/\/reich-log.com\/tr\/wp-json\/wp\/v2\/pages\/5971\/revisions"}],"predecessor-version":[{"id":6066,"href":"https:\/\/reich-log.com\/tr\/wp-json\/wp\/v2\/pages\/5971\/revisions\/6066"}],"wp:attachment":[{"href":"https:\/\/reich-log.com\/tr\/wp-json\/wp\/v2\/media?parent=5971"}],"curies":[{"name":"wp","href":"https:\/\/api.w.org\/{rel}","templated":true}]}}